


{"id":71666,"date":"2022-05-20T11:14:27","date_gmt":"2022-05-20T11:14:27","guid":{"rendered":"https:\/\/cgodinho.com\/informacao-ao-consumidor\/"},"modified":"2025-02-10T12:27:22","modified_gmt":"2025-02-10T12:27:22","slug":"informacao-ao-consumidor","status":"publish","type":"page","link":"https:\/\/cgodinho.com\/en\/informacao-ao-consumidor\/","title":{"rendered":"Informa\u00e7\u00e3o ao consumidor"},"content":{"rendered":"<section class=\"wpb-content-wrapper\"><p>[vc_row full_width=&#8221;stretch_row&#8221; css=&#8221;.vc_custom_1671381040938{background-color: #f5f2ed !important;}&#8221; woodmart_css_id=&#8221;639f402b43c75&#8243; responsive_spacing=&#8221;eyJwYXJhbV90eXBlIjoid29vZG1hcnRfcmVzcG9uc2l2ZV9zcGFjaW5nIiwic2VsZWN0b3JfaWQiOiI2MzlmNDAyYjQzYzc1Iiwic2hvcnRjb2RlIjoidmNfcm93IiwiZGF0YSI6eyJ0YWJsZXQiOnt9LCJtb2JpbGUiOnt9fX0=&#8221; mobile_bg_img_hidden=&#8221;no&#8221; tablet_bg_img_hidden=&#8221;no&#8221; woodmart_parallax=&#8221;0&#8243; woodmart_gradient_switch=&#8221;no&#8221; woodmart_box_shadow=&#8221;no&#8221; wd_z_index=&#8221;no&#8221; woodmart_disable_overflow=&#8221;0&#8243; row_reverse_mobile=&#8221;0&#8243; row_reverse_tablet=&#8221;0&#8243;][vc_column css_animation=&#8221;fadeIn&#8221; woodmart_css_id=&#8221;63a5d382c875f&#8221; parallax_scroll=&#8221;no&#8221; woodmart_sticky_column=&#8221;false&#8221; wd_collapsible_content_switcher=&#8221;no&#8221; wd_column_role_offcanvas_desktop=&#8221;no&#8221; wd_column_role_offcanvas_tablet=&#8221;no&#8221; wd_column_role_offcanvas_mobile=&#8221;no&#8221; wd_column_role_content_desktop=&#8221;no&#8221; wd_column_role_content_tablet=&#8221;no&#8221; wd_column_role_content_mobile=&#8221;no&#8221; mobile_bg_img_hidden=&#8221;no&#8221; tablet_bg_img_hidden=&#8221;no&#8221; woodmart_parallax=&#8221;0&#8243; woodmart_box_shadow=&#8221;no&#8221; responsive_spacing=&#8221;eyJwYXJhbV90eXBlIjoid29vZG1hcnRfcmVzcG9uc2l2ZV9zcGFjaW5nIiwic2VsZWN0b3JfaWQiOiI2M2E1ZDM4MmM4NzVmIiwic2hvcnRjb2RlIjoidmNfY29sdW1uIiwiZGF0YSI6eyJ0YWJsZXQiOnsicGFkZGluZy1sZWZ0IjoiMTUifSwibW9iaWxlIjp7InBhZGRpbmctbGVmdCI6IjE1In19fQ==&#8221; mobile_reset_margin=&#8221;no&#8221; tablet_reset_margin=&#8221;no&#8221; wd_z_index=&#8221;no&#8221; css=&#8221;.vc_custom_1671811979527{padding-left: 60px !important;}&#8221;]\t\t<div id=\"wd-67a9f089a0f35\" class=\"wd-text-block wd-wpb reset-last-child wd-rs-67a9f089a0f35 text-left wd-font-weight-500 color-title wd-fontsize-custom font-primary vc_custom_1739190420674\">\n\t\t\t<p><strong>Consumer information<\/strong><\/p>\n\t\t<\/div>\n\t\t[\/vc_column][\/vc_row][vc_row][vc_column css_animation=&#8221;fadeIn&#8221; css=&#8221;.vc_custom_1671811993195{padding-top: 110px !important;padding-right: 60px !important;padding-left: 60px !important;}&#8221; woodmart_css_id=&#8221;63a5d38d38002&#8243; parallax_scroll=&#8221;no&#8221; woodmart_sticky_column=&#8221;false&#8221; wd_collapsible_content_switcher=&#8221;no&#8221; wd_column_role_offcanvas_desktop=&#8221;no&#8221; wd_column_role_offcanvas_tablet=&#8221;no&#8221; wd_column_role_offcanvas_mobile=&#8221;no&#8221; wd_column_role_content_desktop=&#8221;no&#8221; wd_column_role_content_tablet=&#8221;no&#8221; wd_column_role_content_mobile=&#8221;no&#8221; mobile_bg_img_hidden=&#8221;no&#8221; tablet_bg_img_hidden=&#8221;no&#8221; woodmart_parallax=&#8221;0&#8243; woodmart_box_shadow=&#8221;no&#8221; responsive_spacing=&#8221;eyJwYXJhbV90eXBlIjoid29vZG1hcnRfcmVzcG9uc2l2ZV9zcGFjaW5nIiwic2VsZWN0b3JfaWQiOiI2M2E1ZDM4ZDM4MDAyIiwic2hvcnRjb2RlIjoidmNfY29sdW1uIiwiZGF0YSI6eyJ0YWJsZXQiOnsicGFkZGluZy10b3AiOiI5MCIsInBhZGRpbmctcmlnaHQiOiIxNSIsInBhZGRpbmctbGVmdCI6IjE1In0sIm1vYmlsZSI6eyJwYWRkaW5nLXRvcCI6IjkwIiwicGFkZGluZy1yaWdodCI6IjE1IiwicGFkZGluZy1sZWZ0IjoiMTUifX19&#8243; mobile_reset_margin=&#8221;no&#8221; tablet_reset_margin=&#8221;no&#8221; wd_z_index=&#8221;no&#8221;][vc_column_text woodmart_inline=&#8221;no&#8221; text_larger=&#8221;no&#8221;]<\/p>\r\n\r\n<h3 class=\"wp-block-heading\">(Law no. 144\/2015, of September 8)<\/h3>\r\n<p>Customers are hereby informed that cgodinho.com is at your disposal for any clarification or resolution of any problem related to the services provided at this establishment.<\/p>\r\n<p>&nbsp;<\/p>\r\n<p>The European Union has set up a website to help consumers submit their complaints about any dispute in which they are involved. In this way, cgodinho.com provides you with all the information you need to exercise your right to complain to an official, third-party, impartial body (dispute resolution body) that will help you resolve the dispute in question.<\/p>\r\n<p>So, if you are dissatisfied with the purchase of a good or service on our website, or with the solution we have provided to resolve the situation, you can go to this official website<a class=\"cmslink\" href=\"https:\/\/webgate.ec.europa.eu\/odr\/main\/?event=main.home.show\" target=\"_blank\" rel=\"noopener\"> https:\/\/webgate.ec.europa.eu\/odr\/main\/?event=main.home.show<\/a> and set out their objections.<\/p>\r\n<p>We would also like to inform you that, as consumers, you can, in the event of a dispute, turn to the Alternative Dispute Resolution Entity (ADR entity) listed below:<\/p>\r\n<p>RAL Entity: CNIACC &#8211; National Center for Consumer Conflict Information and Arbitration<\/p>\r\n<p>Address: Faculdade de Direito da Universidade Nova de Lisboa<br \/>Campus de Campolide<br \/>1099-032 Lisboa<\/p>\r\n<p><span class=\"cmshlspan\">Telephone:<\/span> (+351) 21 384 74 84<br \/><span class=\"cmshlspan\">Email:<\/span> <a class=\"cmslink\" href=\"mailto:dgc@dg.consumidor.pt\">dgc@dg.consumidor.pt<\/a><br \/><a class=\"cmslink\" href=\"https:\/\/cec.consumidor.pt\/\" target=\"_blank\" rel=\"noopener\">https:\/\/cec.consumidor.pt\/<\/a><\/p>\r\n<p>More information on the Consumer Portal<br \/><a class=\"cmslink\" href=\"https:\/\/www.consumidor.gov.pt\" target=\"_blank\" rel=\"noopener\">( <span class=\"cmshlspan\">www.consumidor.gov.pt<\/span> )<\/a><\/p>\r\n\r\n<p>&nbsp;<\/p>\r\n<p>[\/vc_column_text][\/vc_column][\/vc_row]<\/p><\/section>","protected":false},"excerpt":{"rendered":"<p>[vc_row full_width=&#8221;stretch_row&#8221; css=&#8221;.vc_custom_1671381040938{background-color: #f5f2ed !important;}&#8221; woodmart_css_id=&#8221;639f402b43c75&#8243; responsive_spacing=&#8221;eyJwYXJhbV90eXBlIjoid29vZG1hcnRfcmVzcG9uc2l2ZV9zcGFjaW5nIiwic2VsZWN0b3JfaWQiOiI2MzlmNDAyYjQzYzc1Iiwic2hvcnRjb2RlIjoidmNfcm93IiwiZGF0YSI6eyJ0YWJsZXQiOnt9LCJtb2JpbGUiOnt9fX0=&#8221; mobile_bg_img_hidden=&#8221;no&#8221; tablet_bg_img_hidden=&#8221;no&#8221; woodmart_parallax=&#8221;0&#8243; woodmart_gradient_switch=&#8221;no&#8221; woodmart_box_shadow=&#8221;no&#8221; wd_z_index=&#8221;no&#8221; woodmart_disable_overflow=&#8221;0&#8243; row_reverse_mobile=&#8221;0&#8243; row_reverse_tablet=&#8221;0&#8243;][vc_column css_animation=&#8221;fadeIn&#8221; woodmart_css_id=&#8221;63a5d382c875f&#8221; parallax_scroll=&#8221;no&#8221; woodmart_sticky_column=&#8221;false&#8221;<\/p>\n","protected":false},"author":4,"featured_media":0,"parent":0,"menu_order":0,"comment_status":"closed","ping_status":"open","template":"","meta":{"_acf_changed":false,"footnotes":""},"class_list":["post-71666","page","type-page","status-publish","hentry"],"acf":[],"yoast_head":"<!-- This site is optimized with the Yoast SEO plugin v27.5 - https:\/\/yoast.com\/product\/yoast-seo-wordpress\/ -->\n<title>Informa\u00e7\u00e3o ao consumidor - CGodinho<\/title>\n<meta name=\"description\" content=\"CGodinho Informa\u00e7\u00e3o ao consumidor\" \/>\n<meta name=\"robots\" content=\"index, follow, max-snippet:-1, max-image-preview:large, max-video-preview:-1\" \/>\n<link rel=\"canonical\" href=\"https:\/\/cgodinho.com\/en\/informacao-ao-consumidor\/\" \/>\n<meta property=\"og:locale\" content=\"en_US\" \/>\n<meta property=\"og:type\" content=\"article\" \/>\n<meta property=\"og:title\" content=\"Informa\u00e7\u00e3o ao consumidor - CGodinho\" \/>\n<meta property=\"og:description\" content=\"CGodinho Informa\u00e7\u00e3o ao consumidor\" \/>\n<meta property=\"og:url\" content=\"https:\/\/cgodinho.com\/en\/informacao-ao-consumidor\/\" \/>\n<meta property=\"og:site_name\" content=\"CGodinho\" \/>\n<meta property=\"article:publisher\" content=\"https:\/\/www.facebook.com\/fcgodinho\" \/>\n<meta property=\"article:modified_time\" content=\"2025-02-10T12:27:22+00:00\" \/>\n<meta name=\"twitter:card\" content=\"summary_large_image\" \/>\n<meta name=\"twitter:label1\" content=\"Est. reading time\" \/>\n\t<meta name=\"twitter:data1\" content=\"2 minutes\" \/>\n<script type=\"application\/ld+json\" class=\"yoast-schema-graph\">{\"@context\":\"https:\\\/\\\/schema.org\",\"@graph\":[{\"@type\":\"WebPage\",\"@id\":\"https:\\\/\\\/cgodinho.com\\\/en\\\/informacao-ao-consumidor\\\/\",\"url\":\"https:\\\/\\\/cgodinho.com\\\/en\\\/informacao-ao-consumidor\\\/\",\"name\":\"Informa\u00e7\u00e3o ao consumidor - CGodinho\",\"isPartOf\":{\"@id\":\"https:\\\/\\\/cgodinho.com\\\/en\\\/#website\"},\"datePublished\":\"2022-05-20T11:14:27+00:00\",\"dateModified\":\"2025-02-10T12:27:22+00:00\",\"description\":\"CGodinho Informa\u00e7\u00e3o ao consumidor\",\"breadcrumb\":{\"@id\":\"https:\\\/\\\/cgodinho.com\\\/en\\\/informacao-ao-consumidor\\\/#breadcrumb\"},\"inLanguage\":\"en-US\",\"potentialAction\":[{\"@type\":\"ReadAction\",\"target\":[\"https:\\\/\\\/cgodinho.com\\\/en\\\/informacao-ao-consumidor\\\/\"]}]},{\"@type\":\"BreadcrumbList\",\"@id\":\"https:\\\/\\\/cgodinho.com\\\/en\\\/informacao-ao-consumidor\\\/#breadcrumb\",\"itemListElement\":[{\"@type\":\"ListItem\",\"position\":1,\"name\":\"In\u00edcio\",\"item\":\"https:\\\/\\\/cgodinho.com\\\/en\\\/home-coffee\\\/\"},{\"@type\":\"ListItem\",\"position\":2,\"name\":\"Informa\u00e7\u00e3o ao consumidor\"}]},{\"@type\":\"WebSite\",\"@id\":\"https:\\\/\\\/cgodinho.com\\\/en\\\/#website\",\"url\":\"https:\\\/\\\/cgodinho.com\\\/en\\\/\",\"name\":\"CGodinho\",\"description\":\"Carlos A S Godinho - Artefactos de Cimento\",\"publisher\":{\"@id\":\"https:\\\/\\\/cgodinho.com\\\/en\\\/#organization\"},\"potentialAction\":[{\"@type\":\"SearchAction\",\"target\":{\"@type\":\"EntryPoint\",\"urlTemplate\":\"https:\\\/\\\/cgodinho.com\\\/en\\\/?s={search_term_string}\"},\"query-input\":{\"@type\":\"PropertyValueSpecification\",\"valueRequired\":true,\"valueName\":\"search_term_string\"}}],\"inLanguage\":\"en-US\"},{\"@type\":\"Organization\",\"@id\":\"https:\\\/\\\/cgodinho.com\\\/en\\\/#organization\",\"name\":\"CGodinho\",\"url\":\"https:\\\/\\\/cgodinho.com\\\/en\\\/\",\"logo\":{\"@type\":\"ImageObject\",\"inLanguage\":\"en-US\",\"@id\":\"https:\\\/\\\/cgodinho.com\\\/en\\\/#\\\/schema\\\/logo\\\/image\\\/\",\"url\":\"https:\\\/\\\/cgodinho.com\\\/wp-content\\\/uploads\\\/2022\\\/05\\\/godinho_af_marca-s-desg_preto_marca-s-desg_preto.png\",\"contentUrl\":\"https:\\\/\\\/cgodinho.com\\\/wp-content\\\/uploads\\\/2022\\\/05\\\/godinho_af_marca-s-desg_preto_marca-s-desg_preto.png\",\"width\":318,\"height\":62,\"caption\":\"CGodinho\"},\"image\":{\"@id\":\"https:\\\/\\\/cgodinho.com\\\/en\\\/#\\\/schema\\\/logo\\\/image\\\/\"},\"sameAs\":[\"https:\\\/\\\/www.facebook.com\\\/fcgodinho\",\"https:\\\/\\\/www.instagram.com\\\/godinho_garden_ornaments\\\/\",\"https:\\\/\\\/www.youtube.com\\\/channel\\\/UCXPtmgo3us5bfmvAG8X1oQw?themeRefresh=1\"]}]}<\/script>\n<!-- \/ Yoast SEO plugin. -->","yoast_head_json":{"title":"Informa\u00e7\u00e3o ao consumidor - CGodinho","description":"CGodinho Informa\u00e7\u00e3o ao consumidor","robots":{"index":"index","follow":"follow","max-snippet":"max-snippet:-1","max-image-preview":"max-image-preview:large","max-video-preview":"max-video-preview:-1"},"canonical":"https:\/\/cgodinho.com\/en\/informacao-ao-consumidor\/","og_locale":"en_US","og_type":"article","og_title":"Informa\u00e7\u00e3o ao consumidor - CGodinho","og_description":"CGodinho Informa\u00e7\u00e3o ao consumidor","og_url":"https:\/\/cgodinho.com\/en\/informacao-ao-consumidor\/","og_site_name":"CGodinho","article_publisher":"https:\/\/www.facebook.com\/fcgodinho","article_modified_time":"2025-02-10T12:27:22+00:00","twitter_card":"summary_large_image","twitter_misc":{"Est. reading time":"2 minutes"},"schema":{"@context":"https:\/\/schema.org","@graph":[{"@type":"WebPage","@id":"https:\/\/cgodinho.com\/en\/informacao-ao-consumidor\/","url":"https:\/\/cgodinho.com\/en\/informacao-ao-consumidor\/","name":"Informa\u00e7\u00e3o ao consumidor - CGodinho","isPartOf":{"@id":"https:\/\/cgodinho.com\/en\/#website"},"datePublished":"2022-05-20T11:14:27+00:00","dateModified":"2025-02-10T12:27:22+00:00","description":"CGodinho Informa\u00e7\u00e3o ao consumidor","breadcrumb":{"@id":"https:\/\/cgodinho.com\/en\/informacao-ao-consumidor\/#breadcrumb"},"inLanguage":"en-US","potentialAction":[{"@type":"ReadAction","target":["https:\/\/cgodinho.com\/en\/informacao-ao-consumidor\/"]}]},{"@type":"BreadcrumbList","@id":"https:\/\/cgodinho.com\/en\/informacao-ao-consumidor\/#breadcrumb","itemListElement":[{"@type":"ListItem","position":1,"name":"In\u00edcio","item":"https:\/\/cgodinho.com\/en\/home-coffee\/"},{"@type":"ListItem","position":2,"name":"Informa\u00e7\u00e3o ao consumidor"}]},{"@type":"WebSite","@id":"https:\/\/cgodinho.com\/en\/#website","url":"https:\/\/cgodinho.com\/en\/","name":"CGodinho","description":"Carlos A S Godinho - Artefactos de Cimento","publisher":{"@id":"https:\/\/cgodinho.com\/en\/#organization"},"potentialAction":[{"@type":"SearchAction","target":{"@type":"EntryPoint","urlTemplate":"https:\/\/cgodinho.com\/en\/?s={search_term_string}"},"query-input":{"@type":"PropertyValueSpecification","valueRequired":true,"valueName":"search_term_string"}}],"inLanguage":"en-US"},{"@type":"Organization","@id":"https:\/\/cgodinho.com\/en\/#organization","name":"CGodinho","url":"https:\/\/cgodinho.com\/en\/","logo":{"@type":"ImageObject","inLanguage":"en-US","@id":"https:\/\/cgodinho.com\/en\/#\/schema\/logo\/image\/","url":"https:\/\/cgodinho.com\/wp-content\/uploads\/2022\/05\/godinho_af_marca-s-desg_preto_marca-s-desg_preto.png","contentUrl":"https:\/\/cgodinho.com\/wp-content\/uploads\/2022\/05\/godinho_af_marca-s-desg_preto_marca-s-desg_preto.png","width":318,"height":62,"caption":"CGodinho"},"image":{"@id":"https:\/\/cgodinho.com\/en\/#\/schema\/logo\/image\/"},"sameAs":["https:\/\/www.facebook.com\/fcgodinho","https:\/\/www.instagram.com\/godinho_garden_ornaments\/","https:\/\/www.youtube.com\/channel\/UCXPtmgo3us5bfmvAG8X1oQw?themeRefresh=1"]}]}},"_links":{"self":[{"href":"https:\/\/cgodinho.com\/en\/wp-json\/wp\/v2\/pages\/71666","targetHints":{"allow":["GET"]}}],"collection":[{"href":"https:\/\/cgodinho.com\/en\/wp-json\/wp\/v2\/pages"}],"about":[{"href":"https:\/\/cgodinho.com\/en\/wp-json\/wp\/v2\/types\/page"}],"author":[{"embeddable":true,"href":"https:\/\/cgodinho.com\/en\/wp-json\/wp\/v2\/users\/4"}],"replies":[{"embeddable":true,"href":"https:\/\/cgodinho.com\/en\/wp-json\/wp\/v2\/comments?post=71666"}],"version-history":[{"count":3,"href":"https:\/\/cgodinho.com\/en\/wp-json\/wp\/v2\/pages\/71666\/revisions"}],"predecessor-version":[{"id":71754,"href":"https:\/\/cgodinho.com\/en\/wp-json\/wp\/v2\/pages\/71666\/revisions\/71754"}],"wp:attachment":[{"href":"https:\/\/cgodinho.com\/en\/wp-json\/wp\/v2\/media?parent=71666"}],"curies":[{"name":"wp","href":"https:\/\/api.w.org\/{rel}","templated":true}]}}