


{"id":71673,"date":"2023-11-01T14:30:24","date_gmt":"2023-11-01T14:30:24","guid":{"rendered":"https:\/\/cgodinho.com\/portugal-2020-programa-de-apoio-a-producao-nacional\/"},"modified":"2025-01-24T10:54:20","modified_gmt":"2025-01-24T10:54:20","slug":"portugal-2020-programa-de-apoio-a-producao-nacional","status":"publish","type":"page","link":"https:\/\/cgodinho.com\/en\/portugal-2020-programa-de-apoio-a-producao-nacional\/","title":{"rendered":"Portugal 2020 &#8211; Programa de Apoio \u00e0 Produ\u00e7\u00e3o Nacional"},"content":{"rendered":"<section class=\"wpb-content-wrapper\"><p>[vc_row][vc_column css_animation=&#8221;fadeIn&#8221; css=&#8221;.vc_custom_1671811943443{padding-top: 110px !important;padding-right: 60px !important;padding-left: 60px !important;}&#8221; woodmart_css_id=&#8221;63a5d350d42c7&#8243; parallax_scroll=&#8221;no&#8221; woodmart_sticky_column=&#8221;false&#8221; wd_collapsible_content_switcher=&#8221;no&#8221; wd_column_role_offcanvas_desktop=&#8221;no&#8221; wd_column_role_offcanvas_tablet=&#8221;no&#8221; wd_column_role_offcanvas_mobile=&#8221;no&#8221; wd_column_role_content_desktop=&#8221;no&#8221; wd_column_role_content_tablet=&#8221;no&#8221; wd_column_role_content_mobile=&#8221;no&#8221; mobile_bg_img_hidden=&#8221;no&#8221; tablet_bg_img_hidden=&#8221;no&#8221; woodmart_parallax=&#8221;0&#8243; woodmart_box_shadow=&#8221;no&#8221; responsive_spacing=&#8221;eyJwYXJhbV90eXBlIjoid29vZG1hcnRfcmVzcG9uc2l2ZV9zcGFjaW5nIiwic2VsZWN0b3JfaWQiOiI2M2E1ZDM1MGQ0MmM3Iiwic2hvcnRjb2RlIjoidmNfY29sdW1uIiwiZGF0YSI6eyJ0YWJsZXQiOnsicGFkZGluZy10b3AiOiI5MHB4IiwicGFkZGluZy1yaWdodCI6IjE1IiwicGFkZGluZy1sZWZ0IjoiMTVweCJ9LCJtb2JpbGUiOnsicGFkZGluZy10b3AiOiI5MHB4IiwicGFkZGluZy1yaWdodCI6IjE1IiwicGFkZGluZy1sZWZ0IjoiMTVweCJ9fX0=&#8221; mobile_reset_margin=&#8221;no&#8221; tablet_reset_margin=&#8221;no&#8221; wd_z_index=&#8221;no&#8221;][vc_column_text woodmart_inline=&#8221;no&#8221; text_larger=&#8221;no&#8221;]<img decoding=\"async\" class=\"alignnone size-medium wp-image-60847\" src=\"https:\/\/cgodinho.com\/wp-content\/uploads\/2023\/03\/portugal2020pagelogos-400x38.png\" alt=\"\" width=\"400\" height=\"38\" srcset=\"https:\/\/cgodinho.com\/wp-content\/uploads\/2023\/03\/portugal2020pagelogos-400x38.png 400w, https:\/\/cgodinho.com\/wp-content\/uploads\/2023\/03\/portugal2020pagelogos-430x41.png 430w, https:\/\/cgodinho.com\/wp-content\/uploads\/2023\/03\/portugal2020pagelogos-150x14.png 150w, https:\/\/cgodinho.com\/wp-content\/uploads\/2023\/03\/portugal2020pagelogos.png 503w\" sizes=\"(max-width: 400px) 100vw, 400px\" \/><\/p>\n<p>Designa\u00e7\u00e3o do projeto | Programa de Apoio \u00e0 Produ\u00e7\u00e3o Nacional<\/p>\n<p>C\u00f3digo do projeto |CENTRO-04-38D7-FEDER-000720<\/p>\n<p>Objetivo principal| Refor\u00e7ar a competitividade das pequenas e m\u00e9dias empresas<\/p>\n<p>Regi\u00e3o de interven\u00e7\u00e3o | Centro<\/p>\n<p>Entidade benefici\u00e1ria | Carlos A. S. Godinho \u2013 Artefactos de Cimento, Lda.<\/p>\n<p>Data de aprova\u00e7\u00e3o | 05-01-2022<\/p>\n<p>Data de in\u00edcio | 15-01-2021<br \/>Data de conclus\u00e3o | 14-09-2022<\/p>\n<p>Custo total eleg\u00edvel 225,167,14\u20ac<\/p>\n<p>Apoio financeiro da Uni\u00e3o Europeia| FSE \u2013 96.066,86\u20ac<\/p>\n<p>Objetivos, atividades e resultados esperados\/atingidos|<\/p>\n<p>O projeto visa aquisi\u00e7\u00e3o de equipamento que permite modernizar a capacidade produtiva, log\u00edstica e comercial<br \/>da CG. Prev\u00ea-se aquisi\u00e7\u00e3o de moldes de produ\u00e7\u00e3o, misturadora de precis\u00e3o e m\u00e1quina de integra\u00e7\u00e3o de aditivos,<br \/>obras de adapta\u00e7\u00e3o, na zona de instala\u00e7\u00e3o dos equipamentos a adquirir, melhorar o processo de expedi\u00e7\u00e3o com<br \/>aquisi\u00e7\u00e3o de 1 m\u00e1quina paletizadora e linha autom\u00e1tica de cintagem, apostar no marketing digital, com aquisi\u00e7\u00e3o<br \/>de conte\u00fados e cat\u00e1logo digital.<\/p>\n<p>\n[\/vc_column_text][\/vc_column][\/vc_row]<\/section>","protected":false},"excerpt":{"rendered":"<p>[vc_row][vc_column css_animation=&#8221;fadeIn&#8221; css=&#8221;.vc_custom_1671811943443{padding-top: 110px !important;padding-right: 60px !important;padding-left: 60px !important;}&#8221; woodmart_css_id=&#8221;63a5d350d42c7&#8243; parallax_scroll=&#8221;no&#8221; woodmart_sticky_column=&#8221;false&#8221; wd_collapsible_content_switcher=&#8221;no&#8221; wd_column_role_offcanvas_desktop=&#8221;no&#8221; wd_column_role_offcanvas_tablet=&#8221;no&#8221; wd_column_role_offcanvas_mobile=&#8221;no&#8221; wd_column_role_content_desktop=&#8221;no&#8221; wd_column_role_content_tablet=&#8221;no&#8221; wd_column_role_content_mobile=&#8221;no&#8221; mobile_bg_img_hidden=&#8221;no&#8221;<\/p>\n","protected":false},"author":4,"featured_media":0,"parent":0,"menu_order":0,"comment_status":"closed","ping_status":"closed","template":"","meta":{"_acf_changed":false,"footnotes":""},"class_list":["post-71673","page","type-page","status-publish","hentry"],"acf":[],"yoast_head":"<!-- This site is optimized with the Yoast SEO plugin v27.5 - https:\/\/yoast.com\/product\/yoast-seo-wordpress\/ -->\n<title>Portugal 2020 - Programa de Apoio \u00e0 Produ\u00e7\u00e3o Nacional - CGodinho<\/title>\n<meta name=\"description\" content=\"CGodinho Portugal 2020 - Programa de Apoio \u00e0 Produ\u00e7\u00e3o Nacional\" \/>\n<meta name=\"robots\" content=\"index, follow, max-snippet:-1, max-image-preview:large, max-video-preview:-1\" \/>\n<link rel=\"canonical\" href=\"https:\/\/cgodinho.com\/en\/portugal-2020-programa-de-apoio-a-producao-nacional\/\" \/>\n<meta property=\"og:locale\" content=\"en_US\" \/>\n<meta property=\"og:type\" content=\"article\" \/>\n<meta property=\"og:title\" content=\"Portugal 2020 - Programa de Apoio \u00e0 Produ\u00e7\u00e3o Nacional - CGodinho\" \/>\n<meta property=\"og:description\" content=\"CGodinho Portugal 2020 - Programa de Apoio \u00e0 Produ\u00e7\u00e3o Nacional\" \/>\n<meta property=\"og:url\" content=\"https:\/\/cgodinho.com\/en\/portugal-2020-programa-de-apoio-a-producao-nacional\/\" \/>\n<meta property=\"og:site_name\" content=\"CGodinho\" \/>\n<meta property=\"article:publisher\" content=\"https:\/\/www.facebook.com\/fcgodinho\" \/>\n<meta property=\"article:modified_time\" content=\"2025-01-24T10:54:20+00:00\" \/>\n<meta property=\"og:image\" content=\"https:\/\/cgodinho.com\/wp-content\/uploads\/2023\/03\/portugal2020pagelogos.png\" \/>\n\t<meta property=\"og:image:width\" content=\"503\" \/>\n\t<meta property=\"og:image:height\" content=\"48\" \/>\n\t<meta property=\"og:image:type\" content=\"image\/png\" \/>\n<meta name=\"twitter:card\" content=\"summary_large_image\" \/>\n<meta name=\"twitter:label1\" content=\"Est. reading time\" \/>\n\t<meta name=\"twitter:data1\" content=\"2 minutes\" \/>\n<script type=\"application\/ld+json\" class=\"yoast-schema-graph\">{\"@context\":\"https:\\\/\\\/schema.org\",\"@graph\":[{\"@type\":\"WebPage\",\"@id\":\"https:\\\/\\\/cgodinho.com\\\/en\\\/portugal-2020-programa-de-apoio-a-producao-nacional\\\/\",\"url\":\"https:\\\/\\\/cgodinho.com\\\/en\\\/portugal-2020-programa-de-apoio-a-producao-nacional\\\/\",\"name\":\"Portugal 2020 - Programa de Apoio \u00e0 Produ\u00e7\u00e3o Nacional - CGodinho\",\"isPartOf\":{\"@id\":\"https:\\\/\\\/cgodinho.com\\\/en\\\/#website\"},\"primaryImageOfPage\":{\"@id\":\"https:\\\/\\\/cgodinho.com\\\/en\\\/portugal-2020-programa-de-apoio-a-producao-nacional\\\/#primaryimage\"},\"image\":{\"@id\":\"https:\\\/\\\/cgodinho.com\\\/en\\\/portugal-2020-programa-de-apoio-a-producao-nacional\\\/#primaryimage\"},\"thumbnailUrl\":\"https:\\\/\\\/cgodinho.com\\\/wp-content\\\/uploads\\\/2023\\\/03\\\/portugal2020pagelogos-400x38.png\",\"datePublished\":\"2023-11-01T14:30:24+00:00\",\"dateModified\":\"2025-01-24T10:54:20+00:00\",\"description\":\"CGodinho Portugal 2020 - Programa de Apoio \u00e0 Produ\u00e7\u00e3o Nacional\",\"breadcrumb\":{\"@id\":\"https:\\\/\\\/cgodinho.com\\\/en\\\/portugal-2020-programa-de-apoio-a-producao-nacional\\\/#breadcrumb\"},\"inLanguage\":\"en-US\",\"potentialAction\":[{\"@type\":\"ReadAction\",\"target\":[\"https:\\\/\\\/cgodinho.com\\\/en\\\/portugal-2020-programa-de-apoio-a-producao-nacional\\\/\"]}]},{\"@type\":\"ImageObject\",\"inLanguage\":\"en-US\",\"@id\":\"https:\\\/\\\/cgodinho.com\\\/en\\\/portugal-2020-programa-de-apoio-a-producao-nacional\\\/#primaryimage\",\"url\":\"https:\\\/\\\/cgodinho.com\\\/wp-content\\\/uploads\\\/2023\\\/03\\\/portugal2020pagelogos-400x38.png\",\"contentUrl\":\"https:\\\/\\\/cgodinho.com\\\/wp-content\\\/uploads\\\/2023\\\/03\\\/portugal2020pagelogos-400x38.png\"},{\"@type\":\"BreadcrumbList\",\"@id\":\"https:\\\/\\\/cgodinho.com\\\/en\\\/portugal-2020-programa-de-apoio-a-producao-nacional\\\/#breadcrumb\",\"itemListElement\":[{\"@type\":\"ListItem\",\"position\":1,\"name\":\"In\u00edcio\",\"item\":\"https:\\\/\\\/cgodinho.com\\\/en\\\/home-coffee\\\/\"},{\"@type\":\"ListItem\",\"position\":2,\"name\":\"Portugal 2020 &#8211; Programa de Apoio \u00e0 Produ\u00e7\u00e3o Nacional\"}]},{\"@type\":\"WebSite\",\"@id\":\"https:\\\/\\\/cgodinho.com\\\/en\\\/#website\",\"url\":\"https:\\\/\\\/cgodinho.com\\\/en\\\/\",\"name\":\"CGodinho\",\"description\":\"Carlos A S Godinho - Artefactos de Cimento\",\"publisher\":{\"@id\":\"https:\\\/\\\/cgodinho.com\\\/en\\\/#organization\"},\"potentialAction\":[{\"@type\":\"SearchAction\",\"target\":{\"@type\":\"EntryPoint\",\"urlTemplate\":\"https:\\\/\\\/cgodinho.com\\\/en\\\/?s={search_term_string}\"},\"query-input\":{\"@type\":\"PropertyValueSpecification\",\"valueRequired\":true,\"valueName\":\"search_term_string\"}}],\"inLanguage\":\"en-US\"},{\"@type\":\"Organization\",\"@id\":\"https:\\\/\\\/cgodinho.com\\\/en\\\/#organization\",\"name\":\"CGodinho\",\"url\":\"https:\\\/\\\/cgodinho.com\\\/en\\\/\",\"logo\":{\"@type\":\"ImageObject\",\"inLanguage\":\"en-US\",\"@id\":\"https:\\\/\\\/cgodinho.com\\\/en\\\/#\\\/schema\\\/logo\\\/image\\\/\",\"url\":\"https:\\\/\\\/cgodinho.com\\\/wp-content\\\/uploads\\\/2022\\\/05\\\/godinho_af_marca-s-desg_preto_marca-s-desg_preto.png\",\"contentUrl\":\"https:\\\/\\\/cgodinho.com\\\/wp-content\\\/uploads\\\/2022\\\/05\\\/godinho_af_marca-s-desg_preto_marca-s-desg_preto.png\",\"width\":318,\"height\":62,\"caption\":\"CGodinho\"},\"image\":{\"@id\":\"https:\\\/\\\/cgodinho.com\\\/en\\\/#\\\/schema\\\/logo\\\/image\\\/\"},\"sameAs\":[\"https:\\\/\\\/www.facebook.com\\\/fcgodinho\",\"https:\\\/\\\/www.instagram.com\\\/godinho_garden_ornaments\\\/\",\"https:\\\/\\\/www.youtube.com\\\/channel\\\/UCXPtmgo3us5bfmvAG8X1oQw?themeRefresh=1\"]}]}<\/script>\n<!-- \/ Yoast SEO plugin. -->","yoast_head_json":{"title":"Portugal 2020 - Programa de Apoio \u00e0 Produ\u00e7\u00e3o Nacional - CGodinho","description":"CGodinho Portugal 2020 - Programa de Apoio \u00e0 Produ\u00e7\u00e3o Nacional","robots":{"index":"index","follow":"follow","max-snippet":"max-snippet:-1","max-image-preview":"max-image-preview:large","max-video-preview":"max-video-preview:-1"},"canonical":"https:\/\/cgodinho.com\/en\/portugal-2020-programa-de-apoio-a-producao-nacional\/","og_locale":"en_US","og_type":"article","og_title":"Portugal 2020 - Programa de Apoio \u00e0 Produ\u00e7\u00e3o Nacional - CGodinho","og_description":"CGodinho Portugal 2020 - Programa de Apoio \u00e0 Produ\u00e7\u00e3o Nacional","og_url":"https:\/\/cgodinho.com\/en\/portugal-2020-programa-de-apoio-a-producao-nacional\/","og_site_name":"CGodinho","article_publisher":"https:\/\/www.facebook.com\/fcgodinho","article_modified_time":"2025-01-24T10:54:20+00:00","og_image":[{"width":503,"height":48,"url":"https:\/\/cgodinho.com\/wp-content\/uploads\/2023\/03\/portugal2020pagelogos.png","type":"image\/png"}],"twitter_card":"summary_large_image","twitter_misc":{"Est. reading time":"2 minutes"},"schema":{"@context":"https:\/\/schema.org","@graph":[{"@type":"WebPage","@id":"https:\/\/cgodinho.com\/en\/portugal-2020-programa-de-apoio-a-producao-nacional\/","url":"https:\/\/cgodinho.com\/en\/portugal-2020-programa-de-apoio-a-producao-nacional\/","name":"Portugal 2020 - Programa de Apoio \u00e0 Produ\u00e7\u00e3o Nacional - CGodinho","isPartOf":{"@id":"https:\/\/cgodinho.com\/en\/#website"},"primaryImageOfPage":{"@id":"https:\/\/cgodinho.com\/en\/portugal-2020-programa-de-apoio-a-producao-nacional\/#primaryimage"},"image":{"@id":"https:\/\/cgodinho.com\/en\/portugal-2020-programa-de-apoio-a-producao-nacional\/#primaryimage"},"thumbnailUrl":"https:\/\/cgodinho.com\/wp-content\/uploads\/2023\/03\/portugal2020pagelogos-400x38.png","datePublished":"2023-11-01T14:30:24+00:00","dateModified":"2025-01-24T10:54:20+00:00","description":"CGodinho Portugal 2020 - Programa de Apoio \u00e0 Produ\u00e7\u00e3o Nacional","breadcrumb":{"@id":"https:\/\/cgodinho.com\/en\/portugal-2020-programa-de-apoio-a-producao-nacional\/#breadcrumb"},"inLanguage":"en-US","potentialAction":[{"@type":"ReadAction","target":["https:\/\/cgodinho.com\/en\/portugal-2020-programa-de-apoio-a-producao-nacional\/"]}]},{"@type":"ImageObject","inLanguage":"en-US","@id":"https:\/\/cgodinho.com\/en\/portugal-2020-programa-de-apoio-a-producao-nacional\/#primaryimage","url":"https:\/\/cgodinho.com\/wp-content\/uploads\/2023\/03\/portugal2020pagelogos-400x38.png","contentUrl":"https:\/\/cgodinho.com\/wp-content\/uploads\/2023\/03\/portugal2020pagelogos-400x38.png"},{"@type":"BreadcrumbList","@id":"https:\/\/cgodinho.com\/en\/portugal-2020-programa-de-apoio-a-producao-nacional\/#breadcrumb","itemListElement":[{"@type":"ListItem","position":1,"name":"In\u00edcio","item":"https:\/\/cgodinho.com\/en\/home-coffee\/"},{"@type":"ListItem","position":2,"name":"Portugal 2020 &#8211; Programa de Apoio \u00e0 Produ\u00e7\u00e3o Nacional"}]},{"@type":"WebSite","@id":"https:\/\/cgodinho.com\/en\/#website","url":"https:\/\/cgodinho.com\/en\/","name":"CGodinho","description":"Carlos A S Godinho - Artefactos de Cimento","publisher":{"@id":"https:\/\/cgodinho.com\/en\/#organization"},"potentialAction":[{"@type":"SearchAction","target":{"@type":"EntryPoint","urlTemplate":"https:\/\/cgodinho.com\/en\/?s={search_term_string}"},"query-input":{"@type":"PropertyValueSpecification","valueRequired":true,"valueName":"search_term_string"}}],"inLanguage":"en-US"},{"@type":"Organization","@id":"https:\/\/cgodinho.com\/en\/#organization","name":"CGodinho","url":"https:\/\/cgodinho.com\/en\/","logo":{"@type":"ImageObject","inLanguage":"en-US","@id":"https:\/\/cgodinho.com\/en\/#\/schema\/logo\/image\/","url":"https:\/\/cgodinho.com\/wp-content\/uploads\/2022\/05\/godinho_af_marca-s-desg_preto_marca-s-desg_preto.png","contentUrl":"https:\/\/cgodinho.com\/wp-content\/uploads\/2022\/05\/godinho_af_marca-s-desg_preto_marca-s-desg_preto.png","width":318,"height":62,"caption":"CGodinho"},"image":{"@id":"https:\/\/cgodinho.com\/en\/#\/schema\/logo\/image\/"},"sameAs":["https:\/\/www.facebook.com\/fcgodinho","https:\/\/www.instagram.com\/godinho_garden_ornaments\/","https:\/\/www.youtube.com\/channel\/UCXPtmgo3us5bfmvAG8X1oQw?themeRefresh=1"]}]}},"_links":{"self":[{"href":"https:\/\/cgodinho.com\/en\/wp-json\/wp\/v2\/pages\/71673","targetHints":{"allow":["GET"]}}],"collection":[{"href":"https:\/\/cgodinho.com\/en\/wp-json\/wp\/v2\/pages"}],"about":[{"href":"https:\/\/cgodinho.com\/en\/wp-json\/wp\/v2\/types\/page"}],"author":[{"embeddable":true,"href":"https:\/\/cgodinho.com\/en\/wp-json\/wp\/v2\/users\/4"}],"replies":[{"embeddable":true,"href":"https:\/\/cgodinho.com\/en\/wp-json\/wp\/v2\/comments?post=71673"}],"version-history":[{"count":1,"href":"https:\/\/cgodinho.com\/en\/wp-json\/wp\/v2\/pages\/71673\/revisions"}],"predecessor-version":[{"id":71674,"href":"https:\/\/cgodinho.com\/en\/wp-json\/wp\/v2\/pages\/71673\/revisions\/71674"}],"wp:attachment":[{"href":"https:\/\/cgodinho.com\/en\/wp-json\/wp\/v2\/media?parent=71673"}],"curies":[{"name":"wp","href":"https:\/\/api.w.org\/{rel}","templated":true}]}}