


{"id":71535,"date":"2024-10-29T16:45:19","date_gmt":"2024-10-29T16:45:19","guid":{"rendered":"https:\/\/cgodinho.com\/?post_type=product&#038;p=71535"},"modified":"2024-11-21T14:28:28","modified_gmt":"2024-11-21T14:28:28","slug":"burro-presepio","status":"publish","type":"product","link":"https:\/\/cgodinho.com\/en\/produto\/burro-presepio\/","title":{"rendered":"Burro Pres\u00e9pio"},"content":{"rendered":"<p>Burro de Pres\u00e9pio de Natal.<\/p>\n","protected":false},"excerpt":{"rendered":"<p>Burro de Pres\u00e9pio de Natal.<\/p>\n","protected":false},"featured_media":71550,"template":"","meta":{"_acf_changed":false},"product_brand":[],"product_cat":[96,100,21,406],"product_tag":[],"class_list":{"0":"post-71535","1":"product","2":"type-product","3":"status-publish","4":"has-post-thumbnail","6":"product_cat-animais","7":"product_cat-burros","8":"product_cat-ornamentos-de-jardim","9":"product_cat-presepio","10":"pa_color-07-anticato","11":"pa_color-15-branco-acetinado","12":"pa_color-01-branco-natural","13":"pa_color-02-branco-velho","14":"pa_color-03-carvao","15":"pa_color-00-cimento-natural","16":"pa_color-11-oxido","17":"pa_color-12-preto-base","18":"pa_color-13-preto-dourado","19":"pa_color-14-preto-prata","20":"pa_color-04-sarlat","21":"pa_color-08-terra","22":"pa_color-06-tijolo","23":"pa_color-05-verde-cactus","25":"first","26":"instock","27":"shipping-taxable","28":"product-type-variable"},"acf":[],"yoast_head":"<!-- This site is optimized with the Yoast SEO plugin v27.1.1 - https:\/\/yoast.com\/product\/yoast-seo-wordpress\/ -->\n<title>Burro Pres\u00e9pio - CGodinho<\/title>\n<meta name=\"description\" content=\"CGodinho Burro Pres\u00e9pio \u00e9 produzido com excelente qualidade.\" \/>\n<meta name=\"robots\" content=\"index, follow, max-snippet:-1, max-image-preview:large, max-video-preview:-1\" \/>\n<link rel=\"canonical\" href=\"https:\/\/cgodinho.com\/en\/produto\/burro-presepio\/\" \/>\n<meta property=\"og:locale\" content=\"en_US\" \/>\n<meta property=\"og:type\" content=\"article\" \/>\n<meta property=\"og:title\" content=\"Burro Pres\u00e9pio - CGodinho\" \/>\n<meta property=\"og:description\" content=\"CGodinho Burro Pres\u00e9pio \u00e9 produzido com excelente qualidade.\" \/>\n<meta property=\"og:url\" content=\"https:\/\/cgodinho.com\/en\/produto\/burro-presepio\/\" \/>\n<meta property=\"og:site_name\" content=\"CGodinho\" \/>\n<meta property=\"article:publisher\" content=\"https:\/\/www.facebook.com\/fcgodinho\" \/>\n<meta property=\"article:modified_time\" content=\"2024-11-21T14:28:28+00:00\" \/>\n<meta property=\"og:image\" content=\"https:\/\/cgodinho.com\/wp-content\/uploads\/2024\/10\/GODINHO_855_.png\" \/>\n\t<meta property=\"og:image:width\" content=\"2624\" \/>\n\t<meta property=\"og:image:height\" content=\"1472\" \/>\n\t<meta property=\"og:image:type\" content=\"image\/png\" \/>\n<meta name=\"twitter:card\" content=\"summary_large_image\" \/>\n<meta name=\"twitter:label1\" content=\"Est. reading time\" \/>\n\t<meta name=\"twitter:data1\" content=\"1 minute\" \/>\n<script type=\"application\/ld+json\" class=\"yoast-schema-graph\">{\"@context\":\"https:\/\/schema.org\",\"@graph\":[{\"@type\":\"WebPage\",\"@id\":\"https:\/\/cgodinho.com\/en\/produto\/burro-presepio\/\",\"url\":\"https:\/\/cgodinho.com\/en\/produto\/burro-presepio\/\",\"name\":\"Burro Pres\u00e9pio - CGodinho\",\"isPartOf\":{\"@id\":\"https:\/\/cgodinho.com\/en\/#website\"},\"primaryImageOfPage\":{\"@id\":\"https:\/\/cgodinho.com\/en\/produto\/burro-presepio\/#primaryimage\"},\"image\":{\"@id\":\"https:\/\/cgodinho.com\/en\/produto\/burro-presepio\/#primaryimage\"},\"thumbnailUrl\":\"https:\/\/cgodinho.com\/wp-content\/uploads\/2024\/10\/GODINHO_855_-scaled.png\",\"datePublished\":\"2024-10-29T16:45:19+00:00\",\"dateModified\":\"2024-11-21T14:28:28+00:00\",\"description\":\"CGodinho Burro Pres\u00e9pio \u00e9 produzido com excelente qualidade.\",\"breadcrumb\":{\"@id\":\"https:\/\/cgodinho.com\/en\/produto\/burro-presepio\/#breadcrumb\"},\"inLanguage\":\"en-US\",\"potentialAction\":[{\"@type\":\"ReadAction\",\"target\":[\"https:\/\/cgodinho.com\/en\/produto\/burro-presepio\/\"]}]},{\"@type\":\"ImageObject\",\"inLanguage\":\"en-US\",\"@id\":\"https:\/\/cgodinho.com\/en\/produto\/burro-presepio\/#primaryimage\",\"url\":\"https:\/\/cgodinho.com\/wp-content\/uploads\/2024\/10\/GODINHO_855_-scaled.png\",\"contentUrl\":\"https:\/\/cgodinho.com\/wp-content\/uploads\/2024\/10\/GODINHO_855_-scaled.png\",\"width\":2560,\"height\":1436,\"caption\":\"GODINHO_855_PRESEPIO\"},{\"@type\":\"BreadcrumbList\",\"@id\":\"https:\/\/cgodinho.com\/en\/produto\/burro-presepio\/#breadcrumb\",\"itemListElement\":[{\"@type\":\"ListItem\",\"position\":1,\"name\":\"In\u00edcio\",\"item\":\"https:\/\/cgodinho.com\/en\/home-coffee\/\"},{\"@type\":\"ListItem\",\"position\":2,\"name\":\"Products\",\"item\":\"https:\/\/cgodinho.com\/en\/shop\/\"},{\"@type\":\"ListItem\",\"position\":3,\"name\":\"Burro Pres\u00e9pio\"}]},{\"@type\":\"WebSite\",\"@id\":\"https:\/\/cgodinho.com\/en\/#website\",\"url\":\"https:\/\/cgodinho.com\/en\/\",\"name\":\"CGodinho\",\"description\":\"Carlos A S Godinho - Artefactos de Cimento\",\"publisher\":{\"@id\":\"https:\/\/cgodinho.com\/en\/#organization\"},\"potentialAction\":[{\"@type\":\"SearchAction\",\"target\":{\"@type\":\"EntryPoint\",\"urlTemplate\":\"https:\/\/cgodinho.com\/en\/?s={search_term_string}\"},\"query-input\":{\"@type\":\"PropertyValueSpecification\",\"valueRequired\":true,\"valueName\":\"search_term_string\"}}],\"inLanguage\":\"en-US\"},{\"@type\":\"Organization\",\"@id\":\"https:\/\/cgodinho.com\/en\/#organization\",\"name\":\"CGodinho\",\"url\":\"https:\/\/cgodinho.com\/en\/\",\"logo\":{\"@type\":\"ImageObject\",\"inLanguage\":\"en-US\",\"@id\":\"https:\/\/cgodinho.com\/en\/#\/schema\/logo\/image\/\",\"url\":\"https:\/\/cgodinho.com\/wp-content\/uploads\/2022\/05\/godinho_af_marca-s-desg_preto_marca-s-desg_preto.png\",\"contentUrl\":\"https:\/\/cgodinho.com\/wp-content\/uploads\/2022\/05\/godinho_af_marca-s-desg_preto_marca-s-desg_preto.png\",\"width\":318,\"height\":62,\"caption\":\"CGodinho\"},\"image\":{\"@id\":\"https:\/\/cgodinho.com\/en\/#\/schema\/logo\/image\/\"},\"sameAs\":[\"https:\/\/www.facebook.com\/fcgodinho\",\"https:\/\/www.instagram.com\/godinho_garden_ornaments\/\",\"https:\/\/www.youtube.com\/channel\/UCXPtmgo3us5bfmvAG8X1oQw?themeRefresh=1\"]}]}<\/script>\n<!-- \/ Yoast SEO plugin. -->","yoast_head_json":{"title":"Burro Pres\u00e9pio - CGodinho","description":"CGodinho Burro Pres\u00e9pio \u00e9 produzido com excelente qualidade.","robots":{"index":"index","follow":"follow","max-snippet":"max-snippet:-1","max-image-preview":"max-image-preview:large","max-video-preview":"max-video-preview:-1"},"canonical":"https:\/\/cgodinho.com\/en\/produto\/burro-presepio\/","og_locale":"en_US","og_type":"article","og_title":"Burro Pres\u00e9pio - CGodinho","og_description":"CGodinho Burro Pres\u00e9pio \u00e9 produzido com excelente qualidade.","og_url":"https:\/\/cgodinho.com\/en\/produto\/burro-presepio\/","og_site_name":"CGodinho","article_publisher":"https:\/\/www.facebook.com\/fcgodinho","article_modified_time":"2024-11-21T14:28:28+00:00","og_image":[{"width":2624,"height":1472,"url":"https:\/\/cgodinho.com\/wp-content\/uploads\/2024\/10\/GODINHO_855_.png","type":"image\/png"}],"twitter_card":"summary_large_image","twitter_misc":{"Est. reading time":"1 minute"},"schema":{"@context":"https:\/\/schema.org","@graph":[{"@type":"WebPage","@id":"https:\/\/cgodinho.com\/en\/produto\/burro-presepio\/","url":"https:\/\/cgodinho.com\/en\/produto\/burro-presepio\/","name":"Burro Pres\u00e9pio - CGodinho","isPartOf":{"@id":"https:\/\/cgodinho.com\/en\/#website"},"primaryImageOfPage":{"@id":"https:\/\/cgodinho.com\/en\/produto\/burro-presepio\/#primaryimage"},"image":{"@id":"https:\/\/cgodinho.com\/en\/produto\/burro-presepio\/#primaryimage"},"thumbnailUrl":"https:\/\/cgodinho.com\/wp-content\/uploads\/2024\/10\/GODINHO_855_-scaled.png","datePublished":"2024-10-29T16:45:19+00:00","dateModified":"2024-11-21T14:28:28+00:00","description":"CGodinho Burro Pres\u00e9pio \u00e9 produzido com excelente qualidade.","breadcrumb":{"@id":"https:\/\/cgodinho.com\/en\/produto\/burro-presepio\/#breadcrumb"},"inLanguage":"en-US","potentialAction":[{"@type":"ReadAction","target":["https:\/\/cgodinho.com\/en\/produto\/burro-presepio\/"]}]},{"@type":"ImageObject","inLanguage":"en-US","@id":"https:\/\/cgodinho.com\/en\/produto\/burro-presepio\/#primaryimage","url":"https:\/\/cgodinho.com\/wp-content\/uploads\/2024\/10\/GODINHO_855_-scaled.png","contentUrl":"https:\/\/cgodinho.com\/wp-content\/uploads\/2024\/10\/GODINHO_855_-scaled.png","width":2560,"height":1436,"caption":"GODINHO_855_PRESEPIO"},{"@type":"BreadcrumbList","@id":"https:\/\/cgodinho.com\/en\/produto\/burro-presepio\/#breadcrumb","itemListElement":[{"@type":"ListItem","position":1,"name":"In\u00edcio","item":"https:\/\/cgodinho.com\/en\/home-coffee\/"},{"@type":"ListItem","position":2,"name":"Products","item":"https:\/\/cgodinho.com\/en\/shop\/"},{"@type":"ListItem","position":3,"name":"Burro Pres\u00e9pio"}]},{"@type":"WebSite","@id":"https:\/\/cgodinho.com\/en\/#website","url":"https:\/\/cgodinho.com\/en\/","name":"CGodinho","description":"Carlos A S Godinho - Artefactos de Cimento","publisher":{"@id":"https:\/\/cgodinho.com\/en\/#organization"},"potentialAction":[{"@type":"SearchAction","target":{"@type":"EntryPoint","urlTemplate":"https:\/\/cgodinho.com\/en\/?s={search_term_string}"},"query-input":{"@type":"PropertyValueSpecification","valueRequired":true,"valueName":"search_term_string"}}],"inLanguage":"en-US"},{"@type":"Organization","@id":"https:\/\/cgodinho.com\/en\/#organization","name":"CGodinho","url":"https:\/\/cgodinho.com\/en\/","logo":{"@type":"ImageObject","inLanguage":"en-US","@id":"https:\/\/cgodinho.com\/en\/#\/schema\/logo\/image\/","url":"https:\/\/cgodinho.com\/wp-content\/uploads\/2022\/05\/godinho_af_marca-s-desg_preto_marca-s-desg_preto.png","contentUrl":"https:\/\/cgodinho.com\/wp-content\/uploads\/2022\/05\/godinho_af_marca-s-desg_preto_marca-s-desg_preto.png","width":318,"height":62,"caption":"CGodinho"},"image":{"@id":"https:\/\/cgodinho.com\/en\/#\/schema\/logo\/image\/"},"sameAs":["https:\/\/www.facebook.com\/fcgodinho","https:\/\/www.instagram.com\/godinho_garden_ornaments\/","https:\/\/www.youtube.com\/channel\/UCXPtmgo3us5bfmvAG8X1oQw?themeRefresh=1"]}]}},"_links":{"self":[{"href":"https:\/\/cgodinho.com\/en\/wp-json\/wp\/v2\/product\/71535","targetHints":{"allow":["GET"]}}],"collection":[{"href":"https:\/\/cgodinho.com\/en\/wp-json\/wp\/v2\/product"}],"about":[{"href":"https:\/\/cgodinho.com\/en\/wp-json\/wp\/v2\/types\/product"}],"version-history":[{"count":0,"href":"https:\/\/cgodinho.com\/en\/wp-json\/wp\/v2\/product\/71535\/revisions"}],"wp:featuredmedia":[{"embeddable":true,"href":"https:\/\/cgodinho.com\/en\/wp-json\/wp\/v2\/media\/71550"}],"wp:attachment":[{"href":"https:\/\/cgodinho.com\/en\/wp-json\/wp\/v2\/media?parent=71535"}],"wp:term":[{"taxonomy":"product_brand","embeddable":true,"href":"https:\/\/cgodinho.com\/en\/wp-json\/wp\/v2\/product_brand?post=71535"},{"taxonomy":"product_cat","embeddable":true,"href":"https:\/\/cgodinho.com\/en\/wp-json\/wp\/v2\/product_cat?post=71535"},{"taxonomy":"product_tag","embeddable":true,"href":"https:\/\/cgodinho.com\/en\/wp-json\/wp\/v2\/product_tag?post=71535"}],"curies":[{"name":"wp","href":"https:\/\/api.w.org\/{rel}","templated":true}]}}