


{"id":39992,"date":"2022-12-20T12:56:44","date_gmt":"2022-12-20T12:56:44","guid":{"rendered":"https:\/\/cgodinho.assemble.website\/produto\/forno-cook-100-simpes\/"},"modified":"2023-09-19T10:49:11","modified_gmt":"2023-09-19T10:49:11","slug":"forno-cook-100-simpes","status":"publish","type":"product","link":"https:\/\/cgodinho.com\/es\/produto\/forno-cook-100-simpes\/","title":{"rendered":"Forno Cook Porta Zinco (simpes )"},"content":{"rendered":"<p>Forno produzido de forma tradicional com tijolo, tijoleira e argamassa refract\u00e1ria com acabamento de pintura branca.<\/p>\n<p>Porta em ferro zincado.<strong><br \/>\n<\/strong><\/p>\n<p>Para maior durabilidade do forno\u00a0 instale num local seco, isolado e coberto, evitando a exposi\u00e7\u00e3o \u00e0s condi\u00e7\u00f5es meteorol\u00f3gicas adversas, ficando protegido com um telheiro ou cobertura.<\/p>\n<p>Possibilidade de colocar\u00a0tubo e\/ou chapeu<\/p>\n<p>Todos os fornos est\u00e3o preparados para utiliza\u00e7\u00e3o de\u00a0espeto<\/p>\n<p>Sugerimos que aproveite e encomende os\u00a0acess\u00f3rios.<\/p>\n","protected":false},"excerpt":{"rendered":"<p>Forno produzido de forma tradicional com tijolo, tijoleira e argamassa refract\u00e1ria com acabamento de pintura branca. Porta em ferro zincado.<\/p>\n","protected":false},"featured_media":59208,"template":"","meta":{"_acf_changed":false},"product_brand":[],"product_cat":[185],"product_tag":[240],"class_list":{"0":"post-39992","1":"product","2":"type-product","3":"status-publish","4":"has-post-thumbnail","6":"product_cat-cook","7":"product_tag-cook","8":"pa_tamanho-226","9":"pa_tamanho-227","10":"pa_tamanho-228","11":"pa_tamanho-229","12":"pa_tamanho-230","13":"pa_tamanho-231","14":"pa_tamanho-224","15":"pa_tamanho-225","17":"first","18":"instock","19":"shipping-taxable","20":"product-type-variable"},"acf":[],"yoast_head":"<!-- This site is optimized with the Yoast SEO plugin v27.1.1 - https:\/\/yoast.com\/product\/yoast-seo-wordpress\/ -->\n<title>Forno Cook Porta Zinco (simpes ) - CGodinho<\/title>\n<meta name=\"description\" content=\"CGodinho Forno Cook Porta Zinco (simpes ) \u00e9 produzido com excelente qualidade.\" \/>\n<meta name=\"robots\" content=\"index, follow, max-snippet:-1, max-image-preview:large, max-video-preview:-1\" \/>\n<link rel=\"canonical\" href=\"https:\/\/cgodinho.com\/es\/produto\/forno-cook-100-simpes\/\" \/>\n<meta property=\"og:locale\" content=\"es_ES\" \/>\n<meta property=\"og:type\" content=\"article\" \/>\n<meta property=\"og:title\" content=\"Forno Cook Porta Zinco (simpes ) - CGodinho\" \/>\n<meta property=\"og:description\" content=\"CGodinho Forno Cook Porta Zinco (simpes ) \u00e9 produzido com excelente qualidade.\" \/>\n<meta property=\"og:url\" content=\"https:\/\/cgodinho.com\/es\/produto\/forno-cook-100-simpes\/\" \/>\n<meta property=\"og:site_name\" content=\"CGodinho\" \/>\n<meta property=\"article:publisher\" content=\"https:\/\/www.facebook.com\/fcgodinho\" \/>\n<meta property=\"article:modified_time\" content=\"2023-09-19T10:49:11+00:00\" \/>\n<meta property=\"og:image\" content=\"https:\/\/cgodinho.com\/wp-content\/uploads\/2022\/12\/F001_site.png\" \/>\n\t<meta property=\"og:image:width\" content=\"555\" \/>\n\t<meta property=\"og:image:height\" content=\"500\" \/>\n\t<meta property=\"og:image:type\" content=\"image\/png\" \/>\n<meta name=\"twitter:card\" content=\"summary_large_image\" \/>\n<script type=\"application\/ld+json\" class=\"yoast-schema-graph\">{\"@context\":\"https:\/\/schema.org\",\"@graph\":[{\"@type\":\"WebPage\",\"@id\":\"https:\/\/cgodinho.com\/es\/produto\/forno-cook-100-simpes\/\",\"url\":\"https:\/\/cgodinho.com\/es\/produto\/forno-cook-100-simpes\/\",\"name\":\"Forno Cook Porta Zinco (simpes ) - CGodinho\",\"isPartOf\":{\"@id\":\"https:\/\/cgodinho.com\/es\/#website\"},\"primaryImageOfPage\":{\"@id\":\"https:\/\/cgodinho.com\/es\/produto\/forno-cook-100-simpes\/#primaryimage\"},\"image\":{\"@id\":\"https:\/\/cgodinho.com\/es\/produto\/forno-cook-100-simpes\/#primaryimage\"},\"thumbnailUrl\":\"https:\/\/cgodinho.com\/wp-content\/uploads\/2022\/12\/F001_site.png\",\"datePublished\":\"2022-12-20T12:56:44+00:00\",\"dateModified\":\"2023-09-19T10:49:11+00:00\",\"description\":\"CGodinho Forno Cook Porta Zinco (simpes ) \u00e9 produzido com excelente qualidade.\",\"breadcrumb\":{\"@id\":\"https:\/\/cgodinho.com\/es\/produto\/forno-cook-100-simpes\/#breadcrumb\"},\"inLanguage\":\"es\",\"potentialAction\":[{\"@type\":\"ReadAction\",\"target\":[\"https:\/\/cgodinho.com\/es\/produto\/forno-cook-100-simpes\/\"]}]},{\"@type\":\"ImageObject\",\"inLanguage\":\"es\",\"@id\":\"https:\/\/cgodinho.com\/es\/produto\/forno-cook-100-simpes\/#primaryimage\",\"url\":\"https:\/\/cgodinho.com\/wp-content\/uploads\/2022\/12\/F001_site.png\",\"contentUrl\":\"https:\/\/cgodinho.com\/wp-content\/uploads\/2022\/12\/F001_site.png\",\"width\":555,\"height\":500},{\"@type\":\"BreadcrumbList\",\"@id\":\"https:\/\/cgodinho.com\/es\/produto\/forno-cook-100-simpes\/#breadcrumb\",\"itemListElement\":[{\"@type\":\"ListItem\",\"position\":1,\"name\":\"In\u00edcio\",\"item\":\"https:\/\/cgodinho.com\/es\/\"},{\"@type\":\"ListItem\",\"position\":2,\"name\":\"Loja\",\"item\":\"https:\/\/cgodinho.com\/loja\/\"},{\"@type\":\"ListItem\",\"position\":3,\"name\":\"Forno Cook Porta Zinco (simpes )\"}]},{\"@type\":\"WebSite\",\"@id\":\"https:\/\/cgodinho.com\/es\/#website\",\"url\":\"https:\/\/cgodinho.com\/es\/\",\"name\":\"CGodinho\",\"description\":\"Carlos A S Godinho - Artefactos de Cimento\",\"publisher\":{\"@id\":\"https:\/\/cgodinho.com\/es\/#organization\"},\"potentialAction\":[{\"@type\":\"SearchAction\",\"target\":{\"@type\":\"EntryPoint\",\"urlTemplate\":\"https:\/\/cgodinho.com\/es\/?s={search_term_string}\"},\"query-input\":{\"@type\":\"PropertyValueSpecification\",\"valueRequired\":true,\"valueName\":\"search_term_string\"}}],\"inLanguage\":\"es\"},{\"@type\":\"Organization\",\"@id\":\"https:\/\/cgodinho.com\/es\/#organization\",\"name\":\"CGodinho\",\"url\":\"https:\/\/cgodinho.com\/es\/\",\"logo\":{\"@type\":\"ImageObject\",\"inLanguage\":\"es\",\"@id\":\"https:\/\/cgodinho.com\/es\/#\/schema\/logo\/image\/\",\"url\":\"https:\/\/cgodinho.com\/wp-content\/uploads\/2022\/05\/godinho_af_marca-s-desg_preto_marca-s-desg_preto.png\",\"contentUrl\":\"https:\/\/cgodinho.com\/wp-content\/uploads\/2022\/05\/godinho_af_marca-s-desg_preto_marca-s-desg_preto.png\",\"width\":318,\"height\":62,\"caption\":\"CGodinho\"},\"image\":{\"@id\":\"https:\/\/cgodinho.com\/es\/#\/schema\/logo\/image\/\"},\"sameAs\":[\"https:\/\/www.facebook.com\/fcgodinho\",\"https:\/\/www.instagram.com\/godinho_garden_ornaments\/\",\"https:\/\/www.youtube.com\/channel\/UCXPtmgo3us5bfmvAG8X1oQw?themeRefresh=1\"]}]}<\/script>\n<!-- \/ Yoast SEO plugin. -->","yoast_head_json":{"title":"Forno Cook Porta Zinco (simpes ) - CGodinho","description":"CGodinho Forno Cook Porta Zinco (simpes ) \u00e9 produzido com excelente qualidade.","robots":{"index":"index","follow":"follow","max-snippet":"max-snippet:-1","max-image-preview":"max-image-preview:large","max-video-preview":"max-video-preview:-1"},"canonical":"https:\/\/cgodinho.com\/es\/produto\/forno-cook-100-simpes\/","og_locale":"es_ES","og_type":"article","og_title":"Forno Cook Porta Zinco (simpes ) - CGodinho","og_description":"CGodinho Forno Cook Porta Zinco (simpes ) \u00e9 produzido com excelente qualidade.","og_url":"https:\/\/cgodinho.com\/es\/produto\/forno-cook-100-simpes\/","og_site_name":"CGodinho","article_publisher":"https:\/\/www.facebook.com\/fcgodinho","article_modified_time":"2023-09-19T10:49:11+00:00","og_image":[{"width":555,"height":500,"url":"https:\/\/cgodinho.com\/wp-content\/uploads\/2022\/12\/F001_site.png","type":"image\/png"}],"twitter_card":"summary_large_image","schema":{"@context":"https:\/\/schema.org","@graph":[{"@type":"WebPage","@id":"https:\/\/cgodinho.com\/es\/produto\/forno-cook-100-simpes\/","url":"https:\/\/cgodinho.com\/es\/produto\/forno-cook-100-simpes\/","name":"Forno Cook Porta Zinco (simpes ) - CGodinho","isPartOf":{"@id":"https:\/\/cgodinho.com\/es\/#website"},"primaryImageOfPage":{"@id":"https:\/\/cgodinho.com\/es\/produto\/forno-cook-100-simpes\/#primaryimage"},"image":{"@id":"https:\/\/cgodinho.com\/es\/produto\/forno-cook-100-simpes\/#primaryimage"},"thumbnailUrl":"https:\/\/cgodinho.com\/wp-content\/uploads\/2022\/12\/F001_site.png","datePublished":"2022-12-20T12:56:44+00:00","dateModified":"2023-09-19T10:49:11+00:00","description":"CGodinho Forno Cook Porta Zinco (simpes ) \u00e9 produzido com excelente qualidade.","breadcrumb":{"@id":"https:\/\/cgodinho.com\/es\/produto\/forno-cook-100-simpes\/#breadcrumb"},"inLanguage":"es","potentialAction":[{"@type":"ReadAction","target":["https:\/\/cgodinho.com\/es\/produto\/forno-cook-100-simpes\/"]}]},{"@type":"ImageObject","inLanguage":"es","@id":"https:\/\/cgodinho.com\/es\/produto\/forno-cook-100-simpes\/#primaryimage","url":"https:\/\/cgodinho.com\/wp-content\/uploads\/2022\/12\/F001_site.png","contentUrl":"https:\/\/cgodinho.com\/wp-content\/uploads\/2022\/12\/F001_site.png","width":555,"height":500},{"@type":"BreadcrumbList","@id":"https:\/\/cgodinho.com\/es\/produto\/forno-cook-100-simpes\/#breadcrumb","itemListElement":[{"@type":"ListItem","position":1,"name":"In\u00edcio","item":"https:\/\/cgodinho.com\/es\/"},{"@type":"ListItem","position":2,"name":"Loja","item":"https:\/\/cgodinho.com\/loja\/"},{"@type":"ListItem","position":3,"name":"Forno Cook Porta Zinco (simpes )"}]},{"@type":"WebSite","@id":"https:\/\/cgodinho.com\/es\/#website","url":"https:\/\/cgodinho.com\/es\/","name":"CGodinho","description":"Carlos A S Godinho - Artefactos de Cimento","publisher":{"@id":"https:\/\/cgodinho.com\/es\/#organization"},"potentialAction":[{"@type":"SearchAction","target":{"@type":"EntryPoint","urlTemplate":"https:\/\/cgodinho.com\/es\/?s={search_term_string}"},"query-input":{"@type":"PropertyValueSpecification","valueRequired":true,"valueName":"search_term_string"}}],"inLanguage":"es"},{"@type":"Organization","@id":"https:\/\/cgodinho.com\/es\/#organization","name":"CGodinho","url":"https:\/\/cgodinho.com\/es\/","logo":{"@type":"ImageObject","inLanguage":"es","@id":"https:\/\/cgodinho.com\/es\/#\/schema\/logo\/image\/","url":"https:\/\/cgodinho.com\/wp-content\/uploads\/2022\/05\/godinho_af_marca-s-desg_preto_marca-s-desg_preto.png","contentUrl":"https:\/\/cgodinho.com\/wp-content\/uploads\/2022\/05\/godinho_af_marca-s-desg_preto_marca-s-desg_preto.png","width":318,"height":62,"caption":"CGodinho"},"image":{"@id":"https:\/\/cgodinho.com\/es\/#\/schema\/logo\/image\/"},"sameAs":["https:\/\/www.facebook.com\/fcgodinho","https:\/\/www.instagram.com\/godinho_garden_ornaments\/","https:\/\/www.youtube.com\/channel\/UCXPtmgo3us5bfmvAG8X1oQw?themeRefresh=1"]}]}},"_links":{"self":[{"href":"https:\/\/cgodinho.com\/es\/wp-json\/wp\/v2\/product\/39992","targetHints":{"allow":["GET"]}}],"collection":[{"href":"https:\/\/cgodinho.com\/es\/wp-json\/wp\/v2\/product"}],"about":[{"href":"https:\/\/cgodinho.com\/es\/wp-json\/wp\/v2\/types\/product"}],"version-history":[{"count":0,"href":"https:\/\/cgodinho.com\/es\/wp-json\/wp\/v2\/product\/39992\/revisions"}],"wp:featuredmedia":[{"embeddable":true,"href":"https:\/\/cgodinho.com\/es\/wp-json\/wp\/v2\/media\/59208"}],"wp:attachment":[{"href":"https:\/\/cgodinho.com\/es\/wp-json\/wp\/v2\/media?parent=39992"}],"wp:term":[{"taxonomy":"product_brand","embeddable":true,"href":"https:\/\/cgodinho.com\/es\/wp-json\/wp\/v2\/product_brand?post=39992"},{"taxonomy":"product_cat","embeddable":true,"href":"https:\/\/cgodinho.com\/es\/wp-json\/wp\/v2\/product_cat?post=39992"},{"taxonomy":"product_tag","embeddable":true,"href":"https:\/\/cgodinho.com\/es\/wp-json\/wp\/v2\/product_tag?post=39992"}],"curies":[{"name":"wp","href":"https:\/\/api.w.org\/{rel}","templated":true}]}}