


{"id":71682,"date":"2023-11-01T14:36:59","date_gmt":"2023-11-01T14:36:59","guid":{"rendered":"https:\/\/cgodinho.com\/portugal-2020-projetos-individuais-internacionalizacao\/"},"modified":"2025-01-24T10:56:18","modified_gmt":"2025-01-24T10:56:18","slug":"portugal-2020-projetos-individuais-internacionalizacao","status":"publish","type":"page","link":"https:\/\/cgodinho.com\/fr\/portugal-2020-projetos-individuais-internacionalizacao\/","title":{"rendered":"Portugal 2020 &#8211; Projetos Individuais \u2013 Internacionaliza\u00e7\u00e3o"},"content":{"rendered":"<section class=\"wpb-content-wrapper\"><p>[vc_row][vc_column css_animation=\u00a0\u00bbfadeIn\u00a0\u00bb css=\u00a0\u00bb.vc_custom_1671811943443{padding-top: 110px !important;padding-right: 60px !important;padding-left: 60px !important;}\u00a0\u00bb woodmart_css_id=\u00a0\u00bb63a5d350d42c7&Prime; parallax_scroll=\u00a0\u00bbno\u00a0\u00bb woodmart_sticky_column=\u00a0\u00bbfalse\u00a0\u00bb wd_collapsible_content_switcher=\u00a0\u00bbno\u00a0\u00bb wd_column_role_offcanvas_desktop=\u00a0\u00bbno\u00a0\u00bb wd_column_role_offcanvas_tablet=\u00a0\u00bbno\u00a0\u00bb wd_column_role_offcanvas_mobile=\u00a0\u00bbno\u00a0\u00bb wd_column_role_content_desktop=\u00a0\u00bbno\u00a0\u00bb wd_column_role_content_tablet=\u00a0\u00bbno\u00a0\u00bb wd_column_role_content_mobile=\u00a0\u00bbno\u00a0\u00bb mobile_bg_img_hidden=\u00a0\u00bbno\u00a0\u00bb tablet_bg_img_hidden=\u00a0\u00bbno\u00a0\u00bb woodmart_parallax=\u00a0\u00bb0&Prime; woodmart_box_shadow=\u00a0\u00bbno\u00a0\u00bb responsive_spacing=\u00a0\u00bbeyJwYXJhbV90eXBlIjoid29vZG1hcnRfcmVzcG9uc2l2ZV9zcGFjaW5nIiwic2VsZWN0b3JfaWQiOiI2M2E1ZDM1MGQ0MmM3Iiwic2hvcnRjb2RlIjoidmNfY29sdW1uIiwiZGF0YSI6eyJ0YWJsZXQiOnsicGFkZGluZy10b3AiOiI5MHB4IiwicGFkZGluZy1yaWdodCI6IjE1IiwicGFkZGluZy1sZWZ0IjoiMTVweCJ9LCJtb2JpbGUiOnsicGFkZGluZy10b3AiOiI5MHB4IiwicGFkZGluZy1yaWdodCI6IjE1IiwicGFkZGluZy1sZWZ0IjoiMTVweCJ9fX0=\u00a0\u00bb mobile_reset_margin=\u00a0\u00bbno\u00a0\u00bb tablet_reset_margin=\u00a0\u00bbno\u00a0\u00bb wd_z_index=\u00a0\u00bbno\u00a0\u00bb][vc_column_text woodmart_inline=\u00a0\u00bbno\u00a0\u00bb text_larger=\u00a0\u00bbno\u00a0\u00bb]<img decoding=\"async\" class=\"alignnone size-medium wp-image-60847\" src=\"https:\/\/cgodinho.com\/wp-content\/uploads\/2023\/03\/portugal2020pagelogos-400x38.png\" alt=\"\" width=\"400\" height=\"38\" srcset=\"https:\/\/cgodinho.com\/wp-content\/uploads\/2023\/03\/portugal2020pagelogos-400x38.png 400w, https:\/\/cgodinho.com\/wp-content\/uploads\/2023\/03\/portugal2020pagelogos-430x41.png 430w, https:\/\/cgodinho.com\/wp-content\/uploads\/2023\/03\/portugal2020pagelogos-150x14.png 150w, https:\/\/cgodinho.com\/wp-content\/uploads\/2023\/03\/portugal2020pagelogos.png 503w\" sizes=\"(max-width: 400px) 100vw, 400px\" \/><\/p>\n<p>Designa\u00e7\u00e3o do projeto | Projetos Individuais \u2013 Internacionaliza\u00e7\u00e3o<br \/>C\u00f3digo do projeto |<br \/>CENTRO-02-0752-FEDER-025032<br \/>CENTRO-04-3560-FSE-025032<\/p>\n<p>Objetivo principal| Refor\u00e7ar a Competitividade das Pequenas e M\u00e9dias Empresas<\/p>\n<p>Regi\u00e3o de interven\u00e7\u00e3o | Centro<\/p>\n<p>Entidade benefici\u00e1ria | Carlos A. S. Godinho \u2013 Artefactos de Cimento, Lda.<\/p>\n<p>Data de aprova\u00e7\u00e3o | 18-05-2017<\/p>\n<p>Data de in\u00edcio | 01-11-2016<br \/>Data de conclus\u00e3o | 31-10-2018<\/p>\n<p>Custo total eleg\u00edvel | 216.520,37 \u20ac<\/p>\n<p>Apoio financeiro da Uni\u00e3o Europeia | 97.887,11 \u20ac<\/p>\n<p><strong>Objetivos:<\/strong><\/p>\n<p>-Colocar a organiza\u00e7\u00e3o como refer\u00eancia internacional;<\/p>\n<p>-Dilatar as rela\u00e7\u00f5es comerciais com os clientes internacionais;<\/p>\n<p>-Diversificar os mercados internacionais de atua\u00e7\u00e3o, aumentando o seu volume de neg\u00f3cios internacional;<\/p>\n<p>-Aperfei\u00e7oar o tratamento do feedback remetido pelos clientes;<\/p>\n<p>-Aumentar a notoriedade internacional da organiza\u00e7\u00e3o;<\/p>\n<p>-Cria\u00e7\u00e3o e registo da marca para o segmento de luxo;<\/p>\n<p>-Aumento da estrutura de recursos humanos na \u00e1rea internacional.<\/p>\n<p><strong>A\u00e7\u00f5es:<\/strong><\/p>\n<p>-Conhecimento de mercados externos atrav\u00e9s da participa\u00e7\u00e3o em feiras e exposi\u00e7\u00f5es;<\/p>\n<p>-Reformula\u00e7\u00e3o do website e cria\u00e7\u00e3o da plataforma e-commerce;<\/p>\n<p>-Desenvolvimento e promo\u00e7\u00e3o internacional de marcar a criar e registar;<\/p>\n<p>-Prospe\u00e7\u00e3o e presen\u00e7a em mercados internacionais;<\/p>\n<p>-Novo m\u00e9todo de organiza\u00e7\u00e3o nas pr\u00e1ticas comerciais ou nas rela\u00e7\u00f5es externas;<\/p>\n<p>-Investir num plano de forma\u00e7\u00e3o.<\/p>\n<p><strong>Resultados esperados:<\/strong><\/p>\n<p>-Valor das exporta\u00e7\u00f5es no Volume de Neg\u00f3cios: 61,29%;<\/p>\n<p>\n[\/vc_column_text][\/vc_column][\/vc_row]<\/section>","protected":false},"excerpt":{"rendered":"<p>[vc_row][vc_column css_animation=\u00a0\u00bbfadeIn\u00a0\u00bb css=\u00a0\u00bb.vc_custom_1671811943443{padding-top: 110px !important;padding-right: 60px !important;padding-left: 60px !important;}\u00a0\u00bb woodmart_css_id=\u00a0\u00bb63a5d350d42c7&Prime; parallax_scroll=\u00a0\u00bbno\u00a0\u00bb woodmart_sticky_column=\u00a0\u00bbfalse\u00a0\u00bb wd_collapsible_content_switcher=\u00a0\u00bbno\u00a0\u00bb wd_column_role_offcanvas_desktop=\u00a0\u00bbno\u00a0\u00bb wd_column_role_offcanvas_tablet=\u00a0\u00bbno\u00a0\u00bb wd_column_role_offcanvas_mobile=\u00a0\u00bbno\u00a0\u00bb wd_column_role_content_desktop=\u00a0\u00bbno\u00a0\u00bb wd_column_role_content_tablet=\u00a0\u00bbno\u00a0\u00bb wd_column_role_content_mobile=\u00a0\u00bbno\u00a0\u00bb mobile_bg_img_hidden=\u00a0\u00bbno\u00a0\u00bb<\/p>\n","protected":false},"author":4,"featured_media":0,"parent":0,"menu_order":0,"comment_status":"closed","ping_status":"closed","template":"","meta":{"_acf_changed":false,"footnotes":""},"class_list":["post-71682","page","type-page","status-publish","hentry"],"acf":[],"yoast_head":"<!-- This site is optimized with the Yoast SEO plugin v27.5 - https:\/\/yoast.com\/product\/yoast-seo-wordpress\/ -->\n<title>Portugal 2020 - Projetos Individuais \u2013 Internacionaliza\u00e7\u00e3o - CGodinho<\/title>\n<meta name=\"description\" content=\"CGodinho Portugal 2020 - Projetos Individuais \u2013 Internacionaliza\u00e7\u00e3o\" \/>\n<meta name=\"robots\" content=\"index, follow, max-snippet:-1, max-image-preview:large, max-video-preview:-1\" \/>\n<link rel=\"canonical\" href=\"https:\/\/cgodinho.com\/fr\/portugal-2020-projetos-individuais-internacionalizacao\/\" \/>\n<meta property=\"og:locale\" content=\"fr_FR\" \/>\n<meta property=\"og:type\" content=\"article\" \/>\n<meta property=\"og:title\" content=\"Portugal 2020 - Projetos Individuais \u2013 Internacionaliza\u00e7\u00e3o - CGodinho\" \/>\n<meta property=\"og:description\" content=\"CGodinho Portugal 2020 - Projetos Individuais \u2013 Internacionaliza\u00e7\u00e3o\" \/>\n<meta property=\"og:url\" content=\"https:\/\/cgodinho.com\/fr\/portugal-2020-projetos-individuais-internacionalizacao\/\" \/>\n<meta property=\"og:site_name\" content=\"CGodinho\" \/>\n<meta property=\"article:publisher\" content=\"https:\/\/www.facebook.com\/fcgodinho\" \/>\n<meta property=\"article:modified_time\" content=\"2025-01-24T10:56:18+00:00\" \/>\n<meta property=\"og:image\" content=\"https:\/\/cgodinho.com\/wp-content\/uploads\/2023\/03\/portugal2020pagelogos.png\" \/>\n\t<meta property=\"og:image:width\" content=\"503\" \/>\n\t<meta property=\"og:image:height\" content=\"48\" \/>\n\t<meta property=\"og:image:type\" content=\"image\/png\" \/>\n<meta name=\"twitter:card\" content=\"summary_large_image\" \/>\n<meta name=\"twitter:label1\" content=\"Dur\u00e9e de lecture estim\u00e9e\" \/>\n\t<meta name=\"twitter:data1\" content=\"2 minutes\" \/>\n<script type=\"application\/ld+json\" class=\"yoast-schema-graph\">{\"@context\":\"https:\\\/\\\/schema.org\",\"@graph\":[{\"@type\":\"WebPage\",\"@id\":\"https:\\\/\\\/cgodinho.com\\\/fr\\\/portugal-2020-projetos-individuais-internacionalizacao\\\/\",\"url\":\"https:\\\/\\\/cgodinho.com\\\/fr\\\/portugal-2020-projetos-individuais-internacionalizacao\\\/\",\"name\":\"Portugal 2020 - Projetos Individuais \u2013 Internacionaliza\u00e7\u00e3o - CGodinho\",\"isPartOf\":{\"@id\":\"https:\\\/\\\/cgodinho.com\\\/fr\\\/#website\"},\"primaryImageOfPage\":{\"@id\":\"https:\\\/\\\/cgodinho.com\\\/fr\\\/portugal-2020-projetos-individuais-internacionalizacao\\\/#primaryimage\"},\"image\":{\"@id\":\"https:\\\/\\\/cgodinho.com\\\/fr\\\/portugal-2020-projetos-individuais-internacionalizacao\\\/#primaryimage\"},\"thumbnailUrl\":\"https:\\\/\\\/cgodinho.com\\\/wp-content\\\/uploads\\\/2023\\\/03\\\/portugal2020pagelogos-400x38.png\",\"datePublished\":\"2023-11-01T14:36:59+00:00\",\"dateModified\":\"2025-01-24T10:56:18+00:00\",\"description\":\"CGodinho Portugal 2020 - Projetos Individuais \u2013 Internacionaliza\u00e7\u00e3o\",\"breadcrumb\":{\"@id\":\"https:\\\/\\\/cgodinho.com\\\/fr\\\/portugal-2020-projetos-individuais-internacionalizacao\\\/#breadcrumb\"},\"inLanguage\":\"fr-FR\",\"potentialAction\":[{\"@type\":\"ReadAction\",\"target\":[\"https:\\\/\\\/cgodinho.com\\\/fr\\\/portugal-2020-projetos-individuais-internacionalizacao\\\/\"]}]},{\"@type\":\"ImageObject\",\"inLanguage\":\"fr-FR\",\"@id\":\"https:\\\/\\\/cgodinho.com\\\/fr\\\/portugal-2020-projetos-individuais-internacionalizacao\\\/#primaryimage\",\"url\":\"https:\\\/\\\/cgodinho.com\\\/wp-content\\\/uploads\\\/2023\\\/03\\\/portugal2020pagelogos-400x38.png\",\"contentUrl\":\"https:\\\/\\\/cgodinho.com\\\/wp-content\\\/uploads\\\/2023\\\/03\\\/portugal2020pagelogos-400x38.png\"},{\"@type\":\"BreadcrumbList\",\"@id\":\"https:\\\/\\\/cgodinho.com\\\/fr\\\/portugal-2020-projetos-individuais-internacionalizacao\\\/#breadcrumb\",\"itemListElement\":[{\"@type\":\"ListItem\",\"position\":1,\"name\":\"In\u00edcio\",\"item\":\"https:\\\/\\\/cgodinho.com\\\/fr\\\/home-coffee\\\/\"},{\"@type\":\"ListItem\",\"position\":2,\"name\":\"Portugal 2020 &#8211; Projetos Individuais \u2013 Internacionaliza\u00e7\u00e3o\"}]},{\"@type\":\"WebSite\",\"@id\":\"https:\\\/\\\/cgodinho.com\\\/fr\\\/#website\",\"url\":\"https:\\\/\\\/cgodinho.com\\\/fr\\\/\",\"name\":\"CGodinho\",\"description\":\"Carlos A S Godinho - Artefactos de Cimento\",\"publisher\":{\"@id\":\"https:\\\/\\\/cgodinho.com\\\/fr\\\/#organization\"},\"potentialAction\":[{\"@type\":\"SearchAction\",\"target\":{\"@type\":\"EntryPoint\",\"urlTemplate\":\"https:\\\/\\\/cgodinho.com\\\/fr\\\/?s={search_term_string}\"},\"query-input\":{\"@type\":\"PropertyValueSpecification\",\"valueRequired\":true,\"valueName\":\"search_term_string\"}}],\"inLanguage\":\"fr-FR\"},{\"@type\":\"Organization\",\"@id\":\"https:\\\/\\\/cgodinho.com\\\/fr\\\/#organization\",\"name\":\"CGodinho\",\"url\":\"https:\\\/\\\/cgodinho.com\\\/fr\\\/\",\"logo\":{\"@type\":\"ImageObject\",\"inLanguage\":\"fr-FR\",\"@id\":\"https:\\\/\\\/cgodinho.com\\\/fr\\\/#\\\/schema\\\/logo\\\/image\\\/\",\"url\":\"https:\\\/\\\/cgodinho.com\\\/wp-content\\\/uploads\\\/2022\\\/05\\\/godinho_af_marca-s-desg_preto_marca-s-desg_preto.png\",\"contentUrl\":\"https:\\\/\\\/cgodinho.com\\\/wp-content\\\/uploads\\\/2022\\\/05\\\/godinho_af_marca-s-desg_preto_marca-s-desg_preto.png\",\"width\":318,\"height\":62,\"caption\":\"CGodinho\"},\"image\":{\"@id\":\"https:\\\/\\\/cgodinho.com\\\/fr\\\/#\\\/schema\\\/logo\\\/image\\\/\"},\"sameAs\":[\"https:\\\/\\\/www.facebook.com\\\/fcgodinho\",\"https:\\\/\\\/www.instagram.com\\\/godinho_garden_ornaments\\\/\",\"https:\\\/\\\/www.youtube.com\\\/channel\\\/UCXPtmgo3us5bfmvAG8X1oQw?themeRefresh=1\"]}]}<\/script>\n<!-- \/ Yoast SEO plugin. -->","yoast_head_json":{"title":"Portugal 2020 - Projetos Individuais \u2013 Internacionaliza\u00e7\u00e3o - CGodinho","description":"CGodinho Portugal 2020 - Projetos Individuais \u2013 Internacionaliza\u00e7\u00e3o","robots":{"index":"index","follow":"follow","max-snippet":"max-snippet:-1","max-image-preview":"max-image-preview:large","max-video-preview":"max-video-preview:-1"},"canonical":"https:\/\/cgodinho.com\/fr\/portugal-2020-projetos-individuais-internacionalizacao\/","og_locale":"fr_FR","og_type":"article","og_title":"Portugal 2020 - Projetos Individuais \u2013 Internacionaliza\u00e7\u00e3o - CGodinho","og_description":"CGodinho Portugal 2020 - Projetos Individuais \u2013 Internacionaliza\u00e7\u00e3o","og_url":"https:\/\/cgodinho.com\/fr\/portugal-2020-projetos-individuais-internacionalizacao\/","og_site_name":"CGodinho","article_publisher":"https:\/\/www.facebook.com\/fcgodinho","article_modified_time":"2025-01-24T10:56:18+00:00","og_image":[{"width":503,"height":48,"url":"https:\/\/cgodinho.com\/wp-content\/uploads\/2023\/03\/portugal2020pagelogos.png","type":"image\/png"}],"twitter_card":"summary_large_image","twitter_misc":{"Dur\u00e9e de lecture estim\u00e9e":"2 minutes"},"schema":{"@context":"https:\/\/schema.org","@graph":[{"@type":"WebPage","@id":"https:\/\/cgodinho.com\/fr\/portugal-2020-projetos-individuais-internacionalizacao\/","url":"https:\/\/cgodinho.com\/fr\/portugal-2020-projetos-individuais-internacionalizacao\/","name":"Portugal 2020 - Projetos Individuais \u2013 Internacionaliza\u00e7\u00e3o - CGodinho","isPartOf":{"@id":"https:\/\/cgodinho.com\/fr\/#website"},"primaryImageOfPage":{"@id":"https:\/\/cgodinho.com\/fr\/portugal-2020-projetos-individuais-internacionalizacao\/#primaryimage"},"image":{"@id":"https:\/\/cgodinho.com\/fr\/portugal-2020-projetos-individuais-internacionalizacao\/#primaryimage"},"thumbnailUrl":"https:\/\/cgodinho.com\/wp-content\/uploads\/2023\/03\/portugal2020pagelogos-400x38.png","datePublished":"2023-11-01T14:36:59+00:00","dateModified":"2025-01-24T10:56:18+00:00","description":"CGodinho Portugal 2020 - Projetos Individuais \u2013 Internacionaliza\u00e7\u00e3o","breadcrumb":{"@id":"https:\/\/cgodinho.com\/fr\/portugal-2020-projetos-individuais-internacionalizacao\/#breadcrumb"},"inLanguage":"fr-FR","potentialAction":[{"@type":"ReadAction","target":["https:\/\/cgodinho.com\/fr\/portugal-2020-projetos-individuais-internacionalizacao\/"]}]},{"@type":"ImageObject","inLanguage":"fr-FR","@id":"https:\/\/cgodinho.com\/fr\/portugal-2020-projetos-individuais-internacionalizacao\/#primaryimage","url":"https:\/\/cgodinho.com\/wp-content\/uploads\/2023\/03\/portugal2020pagelogos-400x38.png","contentUrl":"https:\/\/cgodinho.com\/wp-content\/uploads\/2023\/03\/portugal2020pagelogos-400x38.png"},{"@type":"BreadcrumbList","@id":"https:\/\/cgodinho.com\/fr\/portugal-2020-projetos-individuais-internacionalizacao\/#breadcrumb","itemListElement":[{"@type":"ListItem","position":1,"name":"In\u00edcio","item":"https:\/\/cgodinho.com\/fr\/home-coffee\/"},{"@type":"ListItem","position":2,"name":"Portugal 2020 &#8211; Projetos Individuais \u2013 Internacionaliza\u00e7\u00e3o"}]},{"@type":"WebSite","@id":"https:\/\/cgodinho.com\/fr\/#website","url":"https:\/\/cgodinho.com\/fr\/","name":"CGodinho","description":"Carlos A S Godinho - Artefactos de Cimento","publisher":{"@id":"https:\/\/cgodinho.com\/fr\/#organization"},"potentialAction":[{"@type":"SearchAction","target":{"@type":"EntryPoint","urlTemplate":"https:\/\/cgodinho.com\/fr\/?s={search_term_string}"},"query-input":{"@type":"PropertyValueSpecification","valueRequired":true,"valueName":"search_term_string"}}],"inLanguage":"fr-FR"},{"@type":"Organization","@id":"https:\/\/cgodinho.com\/fr\/#organization","name":"CGodinho","url":"https:\/\/cgodinho.com\/fr\/","logo":{"@type":"ImageObject","inLanguage":"fr-FR","@id":"https:\/\/cgodinho.com\/fr\/#\/schema\/logo\/image\/","url":"https:\/\/cgodinho.com\/wp-content\/uploads\/2022\/05\/godinho_af_marca-s-desg_preto_marca-s-desg_preto.png","contentUrl":"https:\/\/cgodinho.com\/wp-content\/uploads\/2022\/05\/godinho_af_marca-s-desg_preto_marca-s-desg_preto.png","width":318,"height":62,"caption":"CGodinho"},"image":{"@id":"https:\/\/cgodinho.com\/fr\/#\/schema\/logo\/image\/"},"sameAs":["https:\/\/www.facebook.com\/fcgodinho","https:\/\/www.instagram.com\/godinho_garden_ornaments\/","https:\/\/www.youtube.com\/channel\/UCXPtmgo3us5bfmvAG8X1oQw?themeRefresh=1"]}]}},"_links":{"self":[{"href":"https:\/\/cgodinho.com\/fr\/wp-json\/wp\/v2\/pages\/71682","targetHints":{"allow":["GET"]}}],"collection":[{"href":"https:\/\/cgodinho.com\/fr\/wp-json\/wp\/v2\/pages"}],"about":[{"href":"https:\/\/cgodinho.com\/fr\/wp-json\/wp\/v2\/types\/page"}],"author":[{"embeddable":true,"href":"https:\/\/cgodinho.com\/fr\/wp-json\/wp\/v2\/users\/4"}],"replies":[{"embeddable":true,"href":"https:\/\/cgodinho.com\/fr\/wp-json\/wp\/v2\/comments?post=71682"}],"version-history":[{"count":1,"href":"https:\/\/cgodinho.com\/fr\/wp-json\/wp\/v2\/pages\/71682\/revisions"}],"predecessor-version":[{"id":71683,"href":"https:\/\/cgodinho.com\/fr\/wp-json\/wp\/v2\/pages\/71682\/revisions\/71683"}],"wp:attachment":[{"href":"https:\/\/cgodinho.com\/fr\/wp-json\/wp\/v2\/media?parent=71682"}],"curies":[{"name":"wp","href":"https:\/\/api.w.org\/{rel}","templated":true}]}}