


{"id":71689,"date":"2022-05-20T11:14:27","date_gmt":"2022-05-20T11:14:27","guid":{"rendered":"https:\/\/cgodinho.com\/informacao-ao-consumidor\/"},"modified":"2025-02-10T11:56:19","modified_gmt":"2025-02-10T11:56:19","slug":"informacao-ao-consumidor","status":"publish","type":"page","link":"https:\/\/cgodinho.com\/fr\/informacao-ao-consumidor\/","title":{"rendered":"Informa\u00e7\u00e3o ao consumidor"},"content":{"rendered":"<section class=\"wpb-content-wrapper\"><p>[vc_row full_width=\u00a0\u00bbstretch_row\u00a0\u00bb css=\u00a0\u00bb.vc_custom_1671381040938{background-color: #f5f2ed !important;}\u00a0\u00bb woodmart_css_id=\u00a0\u00bb639f402b43c75&Prime; responsive_spacing=\u00a0\u00bbeyJwYXJhbV90eXBlIjoid29vZG1hcnRfcmVzcG9uc2l2ZV9zcGFjaW5nIiwic2VsZWN0b3JfaWQiOiI2MzlmNDAyYjQzYzc1Iiwic2hvcnRjb2RlIjoidmNfcm93IiwiZGF0YSI6eyJ0YWJsZXQiOnt9LCJtb2JpbGUiOnt9fX0=\u00a0\u00bb mobile_bg_img_hidden=\u00a0\u00bbno\u00a0\u00bb tablet_bg_img_hidden=\u00a0\u00bbno\u00a0\u00bb woodmart_parallax=\u00a0\u00bb0&Prime; woodmart_gradient_switch=\u00a0\u00bbno\u00a0\u00bb woodmart_box_shadow=\u00a0\u00bbno\u00a0\u00bb wd_z_index=\u00a0\u00bbno\u00a0\u00bb woodmart_disable_overflow=\u00a0\u00bb0&Prime; row_reverse_mobile=\u00a0\u00bb0&Prime; row_reverse_tablet=\u00a0\u00bb0&Prime;][vc_column css_animation=\u00a0\u00bbfadeIn\u00a0\u00bb woodmart_css_id=\u00a0\u00bb63a5d382c875f\u00a0\u00bb parallax_scroll=\u00a0\u00bbno\u00a0\u00bb woodmart_sticky_column=\u00a0\u00bbfalse\u00a0\u00bb wd_collapsible_content_switcher=\u00a0\u00bbno\u00a0\u00bb wd_column_role_offcanvas_desktop=\u00a0\u00bbno\u00a0\u00bb wd_column_role_offcanvas_tablet=\u00a0\u00bbno\u00a0\u00bb wd_column_role_offcanvas_mobile=\u00a0\u00bbno\u00a0\u00bb wd_column_role_content_desktop=\u00a0\u00bbno\u00a0\u00bb wd_column_role_content_tablet=\u00a0\u00bbno\u00a0\u00bb wd_column_role_content_mobile=\u00a0\u00bbno\u00a0\u00bb mobile_bg_img_hidden=\u00a0\u00bbno\u00a0\u00bb tablet_bg_img_hidden=\u00a0\u00bbno\u00a0\u00bb woodmart_parallax=\u00a0\u00bb0&Prime; woodmart_box_shadow=\u00a0\u00bbno\u00a0\u00bb responsive_spacing=\u00a0\u00bbeyJwYXJhbV90eXBlIjoid29vZG1hcnRfcmVzcG9uc2l2ZV9zcGFjaW5nIiwic2VsZWN0b3JfaWQiOiI2M2E1ZDM4MmM4NzVmIiwic2hvcnRjb2RlIjoidmNfY29sdW1uIiwiZGF0YSI6eyJ0YWJsZXQiOnsicGFkZGluZy1sZWZ0IjoiMTUifSwibW9iaWxlIjp7InBhZGRpbmctbGVmdCI6IjE1In19fQ==\u00a0\u00bb mobile_reset_margin=\u00a0\u00bbno\u00a0\u00bb tablet_reset_margin=\u00a0\u00bbno\u00a0\u00bb wd_z_index=\u00a0\u00bbno\u00a0\u00bb css=\u00a0\u00bb.vc_custom_1671811979527{padding-left: 60px !important;}\u00a0\u00bb]\t\t<div id=\"wd-67a9e93e059b8\" class=\"wd-text-block wd-wpb reset-last-child wd-rs-67a9e93e059b8 text-left wd-font-weight-500 color-title wd-fontsize-custom font-primary vc_custom_1739188566047\">\n\t\t\t<p><strong>Information des consommateurs<\/strong><\/p>\n\t\t<\/div>\n\t\t[\/vc_column][\/vc_row][vc_row][vc_column css_animation=\u00a0\u00bbfadeIn\u00a0\u00bb css=\u00a0\u00bb.vc_custom_1671811993195{padding-top: 110px !important;padding-right: 60px !important;padding-left: 60px !important;}\u00a0\u00bb woodmart_css_id=\u00a0\u00bb63a5d38d38002&Prime; parallax_scroll=\u00a0\u00bbno\u00a0\u00bb woodmart_sticky_column=\u00a0\u00bbfalse\u00a0\u00bb wd_collapsible_content_switcher=\u00a0\u00bbno\u00a0\u00bb wd_column_role_offcanvas_desktop=\u00a0\u00bbno\u00a0\u00bb wd_column_role_offcanvas_tablet=\u00a0\u00bbno\u00a0\u00bb wd_column_role_offcanvas_mobile=\u00a0\u00bbno\u00a0\u00bb wd_column_role_content_desktop=\u00a0\u00bbno\u00a0\u00bb wd_column_role_content_tablet=\u00a0\u00bbno\u00a0\u00bb wd_column_role_content_mobile=\u00a0\u00bbno\u00a0\u00bb mobile_bg_img_hidden=\u00a0\u00bbno\u00a0\u00bb tablet_bg_img_hidden=\u00a0\u00bbno\u00a0\u00bb woodmart_parallax=\u00a0\u00bb0&Prime; woodmart_box_shadow=\u00a0\u00bbno\u00a0\u00bb responsive_spacing=\u00a0\u00bbeyJwYXJhbV90eXBlIjoid29vZG1hcnRfcmVzcG9uc2l2ZV9zcGFjaW5nIiwic2VsZWN0b3JfaWQiOiI2M2E1ZDM4ZDM4MDAyIiwic2hvcnRjb2RlIjoidmNfY29sdW1uIiwiZGF0YSI6eyJ0YWJsZXQiOnsicGFkZGluZy10b3AiOiI5MCIsInBhZGRpbmctcmlnaHQiOiIxNSIsInBhZGRpbmctbGVmdCI6IjE1In0sIm1vYmlsZSI6eyJwYWRkaW5nLXRvcCI6IjkwIiwicGFkZGluZy1yaWdodCI6IjE1IiwicGFkZGluZy1sZWZ0IjoiMTUifX19&Prime; mobile_reset_margin=\u00a0\u00bbno\u00a0\u00bb tablet_reset_margin=\u00a0\u00bbno\u00a0\u00bb wd_z_index=\u00a0\u00bbno\u00a0\u00bb][vc_column_text woodmart_inline=\u00a0\u00bbno\u00a0\u00bb text_larger=\u00a0\u00bbno\u00a0\u00bb]<\/p>\r\n\r\n<h3 class=\"wp-block-heading\">(Loi n\u00b0 144\/2015, du 8 septembre)<\/h3>\r\n<p>Les clients sont inform\u00e9s que cgodinho.com est \u00e0 leur disposition pour toute clarification ou r\u00e9solution de probl\u00e8mes li\u00e9s aux services fournis dans cet \u00e9tablissement.<\/p>\r\n<p>L&rsquo;Union europ\u00e9enne a mis en place un site web pour aider les consommateurs \u00e0 pr\u00e9senter leurs r\u00e9clamations pour tout litige dans lequel ils sont impliqu\u00e9s. Ainsi, cgodinho.com met \u00e0 votre disposition toutes les informations n\u00e9cessaires pour que vous puissiez exercer votre droit de r\u00e9clamation aupr\u00e8s d&rsquo;un organisme officiel, tiers et impartial (organisme de r\u00e9solution des litiges) qui vous aidera \u00e0 r\u00e9soudre le litige en question.<\/p>\r\n<p>Ainsi, si vous n&rsquo;\u00eates pas satisfait de l&rsquo;achat d&rsquo;un bien ou d&rsquo;un service sur notre site web, ou de la solution que nous avons apport\u00e9e pour r\u00e9soudre la situation, vous pouvez vous rendre sur ce site officiel <a class=\"cmslink\" href=\"https:\/\/webgate.ec.europa.eu\/odr\/main\/?event=main.home.show\" target=\"_blank\" rel=\"noopener\">https:\/\/webgate.ec.europa.eu\/odr\/main\/?event=main.home.show<\/a> et pr\u00e9senter leur d\u00e9fense.<\/p>\r\n<p>Nous vous informons \u00e9galement qu&rsquo;en tant que consommateurs, vous pouvez, en cas de litige, vous adresser \u00e0 l&rsquo;organisation de r\u00e8glement extrajudiciaire des litiges (ADR) mentionn\u00e9e ci-dessous :<\/p>\r\n<p>Organisme de r\u00e8glement des litiges : CNIACC &#8211; Centre national d&rsquo;information sur les conflits de consommation et d&rsquo;arbitrage<\/p>\r\n<p>Adresse : Faculdade de Direito da Universidade Nova de Lisboa<\/p>\r\n<p>Campus de Campolide<br \/>1099-032 Lisboa<\/p>\r\n<p><span class=\"cmshlspan\">T\u00e9l\u00e9phone:<\/span> (+351) 21 384 74 84<br \/><span class=\"cmshlspan\">Email:<\/span> <a class=\"cmslink\" href=\"mailto:dgc@dg.consumidor.pt\">dgc@dg.consumidor.pt<\/a><br \/><a class=\"cmslink\" href=\"https:\/\/cec.consumidor.pt\/\" target=\"_blank\" rel=\"noopener\">https:\/\/cec.consumidor.pt\/<\/a><\/p>\r\n<p>Plus d&rsquo;informations sur le portail des consommateurs<br \/><a class=\"cmslink\" href=\"https:\/\/www.consumidor.gov.pt\" target=\"_blank\" rel=\"noopener\">( <span class=\"cmshlspan\">www.consumidor.gov.pt<\/span> )<\/a><\/p>\r\n\r\n<p>&nbsp;<\/p>\r\n<p>[\/vc_column_text][\/vc_column][\/vc_row]<\/p><\/section>","protected":false},"excerpt":{"rendered":"<p>[vc_row full_width=\u00a0\u00bbstretch_row\u00a0\u00bb css=\u00a0\u00bb.vc_custom_1671381040938{background-color: #f5f2ed !important;}\u00a0\u00bb woodmart_css_id=\u00a0\u00bb639f402b43c75&Prime; responsive_spacing=\u00a0\u00bbeyJwYXJhbV90eXBlIjoid29vZG1hcnRfcmVzcG9uc2l2ZV9zcGFjaW5nIiwic2VsZWN0b3JfaWQiOiI2MzlmNDAyYjQzYzc1Iiwic2hvcnRjb2RlIjoidmNfcm93IiwiZGF0YSI6eyJ0YWJsZXQiOnt9LCJtb2JpbGUiOnt9fX0=\u00a0\u00bb mobile_bg_img_hidden=\u00a0\u00bbno\u00a0\u00bb tablet_bg_img_hidden=\u00a0\u00bbno\u00a0\u00bb woodmart_parallax=\u00a0\u00bb0&Prime; woodmart_gradient_switch=\u00a0\u00bbno\u00a0\u00bb woodmart_box_shadow=\u00a0\u00bbno\u00a0\u00bb wd_z_index=\u00a0\u00bbno\u00a0\u00bb woodmart_disable_overflow=\u00a0\u00bb0&Prime; row_reverse_mobile=\u00a0\u00bb0&Prime; row_reverse_tablet=\u00a0\u00bb0&Prime;][vc_column css_animation=\u00a0\u00bbfadeIn\u00a0\u00bb woodmart_css_id=\u00a0\u00bb63a5d382c875f\u00a0\u00bb parallax_scroll=\u00a0\u00bbno\u00a0\u00bb woodmart_sticky_column=\u00a0\u00bbfalse\u00a0\u00bb<\/p>\n","protected":false},"author":4,"featured_media":0,"parent":0,"menu_order":0,"comment_status":"closed","ping_status":"open","template":"","meta":{"_acf_changed":false,"footnotes":""},"class_list":["post-71689","page","type-page","status-publish","hentry"],"acf":[],"yoast_head":"<!-- This site is optimized with the Yoast SEO plugin v27.5 - https:\/\/yoast.com\/product\/yoast-seo-wordpress\/ -->\n<title>Informa\u00e7\u00e3o ao consumidor - CGodinho<\/title>\n<meta name=\"description\" content=\"CGodinho Informa\u00e7\u00e3o ao consumidor\" \/>\n<meta name=\"robots\" content=\"index, follow, max-snippet:-1, max-image-preview:large, max-video-preview:-1\" \/>\n<link rel=\"canonical\" href=\"https:\/\/cgodinho.com\/fr\/informacao-ao-consumidor\/\" \/>\n<meta property=\"og:locale\" content=\"fr_FR\" \/>\n<meta property=\"og:type\" content=\"article\" \/>\n<meta property=\"og:title\" content=\"Informa\u00e7\u00e3o ao consumidor - CGodinho\" \/>\n<meta property=\"og:description\" content=\"CGodinho Informa\u00e7\u00e3o ao consumidor\" \/>\n<meta property=\"og:url\" content=\"https:\/\/cgodinho.com\/fr\/informacao-ao-consumidor\/\" \/>\n<meta property=\"og:site_name\" content=\"CGodinho\" \/>\n<meta property=\"article:publisher\" content=\"https:\/\/www.facebook.com\/fcgodinho\" \/>\n<meta property=\"article:modified_time\" content=\"2025-02-10T11:56:19+00:00\" \/>\n<meta name=\"twitter:card\" content=\"summary_large_image\" \/>\n<meta name=\"twitter:label1\" content=\"Dur\u00e9e de lecture estim\u00e9e\" \/>\n\t<meta name=\"twitter:data1\" content=\"2 minutes\" \/>\n<script type=\"application\/ld+json\" class=\"yoast-schema-graph\">{\"@context\":\"https:\\\/\\\/schema.org\",\"@graph\":[{\"@type\":\"WebPage\",\"@id\":\"https:\\\/\\\/cgodinho.com\\\/fr\\\/informacao-ao-consumidor\\\/\",\"url\":\"https:\\\/\\\/cgodinho.com\\\/fr\\\/informacao-ao-consumidor\\\/\",\"name\":\"Informa\u00e7\u00e3o ao consumidor - CGodinho\",\"isPartOf\":{\"@id\":\"https:\\\/\\\/cgodinho.com\\\/fr\\\/#website\"},\"datePublished\":\"2022-05-20T11:14:27+00:00\",\"dateModified\":\"2025-02-10T11:56:19+00:00\",\"description\":\"CGodinho Informa\u00e7\u00e3o ao consumidor\",\"breadcrumb\":{\"@id\":\"https:\\\/\\\/cgodinho.com\\\/fr\\\/informacao-ao-consumidor\\\/#breadcrumb\"},\"inLanguage\":\"fr-FR\",\"potentialAction\":[{\"@type\":\"ReadAction\",\"target\":[\"https:\\\/\\\/cgodinho.com\\\/fr\\\/informacao-ao-consumidor\\\/\"]}]},{\"@type\":\"BreadcrumbList\",\"@id\":\"https:\\\/\\\/cgodinho.com\\\/fr\\\/informacao-ao-consumidor\\\/#breadcrumb\",\"itemListElement\":[{\"@type\":\"ListItem\",\"position\":1,\"name\":\"In\u00edcio\",\"item\":\"https:\\\/\\\/cgodinho.com\\\/fr\\\/home-coffee\\\/\"},{\"@type\":\"ListItem\",\"position\":2,\"name\":\"Informa\u00e7\u00e3o ao consumidor\"}]},{\"@type\":\"WebSite\",\"@id\":\"https:\\\/\\\/cgodinho.com\\\/fr\\\/#website\",\"url\":\"https:\\\/\\\/cgodinho.com\\\/fr\\\/\",\"name\":\"CGodinho\",\"description\":\"Carlos A S Godinho - Artefactos de Cimento\",\"publisher\":{\"@id\":\"https:\\\/\\\/cgodinho.com\\\/fr\\\/#organization\"},\"potentialAction\":[{\"@type\":\"SearchAction\",\"target\":{\"@type\":\"EntryPoint\",\"urlTemplate\":\"https:\\\/\\\/cgodinho.com\\\/fr\\\/?s={search_term_string}\"},\"query-input\":{\"@type\":\"PropertyValueSpecification\",\"valueRequired\":true,\"valueName\":\"search_term_string\"}}],\"inLanguage\":\"fr-FR\"},{\"@type\":\"Organization\",\"@id\":\"https:\\\/\\\/cgodinho.com\\\/fr\\\/#organization\",\"name\":\"CGodinho\",\"url\":\"https:\\\/\\\/cgodinho.com\\\/fr\\\/\",\"logo\":{\"@type\":\"ImageObject\",\"inLanguage\":\"fr-FR\",\"@id\":\"https:\\\/\\\/cgodinho.com\\\/fr\\\/#\\\/schema\\\/logo\\\/image\\\/\",\"url\":\"https:\\\/\\\/cgodinho.com\\\/wp-content\\\/uploads\\\/2022\\\/05\\\/godinho_af_marca-s-desg_preto_marca-s-desg_preto.png\",\"contentUrl\":\"https:\\\/\\\/cgodinho.com\\\/wp-content\\\/uploads\\\/2022\\\/05\\\/godinho_af_marca-s-desg_preto_marca-s-desg_preto.png\",\"width\":318,\"height\":62,\"caption\":\"CGodinho\"},\"image\":{\"@id\":\"https:\\\/\\\/cgodinho.com\\\/fr\\\/#\\\/schema\\\/logo\\\/image\\\/\"},\"sameAs\":[\"https:\\\/\\\/www.facebook.com\\\/fcgodinho\",\"https:\\\/\\\/www.instagram.com\\\/godinho_garden_ornaments\\\/\",\"https:\\\/\\\/www.youtube.com\\\/channel\\\/UCXPtmgo3us5bfmvAG8X1oQw?themeRefresh=1\"]}]}<\/script>\n<!-- \/ Yoast SEO plugin. -->","yoast_head_json":{"title":"Informa\u00e7\u00e3o ao consumidor - CGodinho","description":"CGodinho Informa\u00e7\u00e3o ao consumidor","robots":{"index":"index","follow":"follow","max-snippet":"max-snippet:-1","max-image-preview":"max-image-preview:large","max-video-preview":"max-video-preview:-1"},"canonical":"https:\/\/cgodinho.com\/fr\/informacao-ao-consumidor\/","og_locale":"fr_FR","og_type":"article","og_title":"Informa\u00e7\u00e3o ao consumidor - CGodinho","og_description":"CGodinho Informa\u00e7\u00e3o ao consumidor","og_url":"https:\/\/cgodinho.com\/fr\/informacao-ao-consumidor\/","og_site_name":"CGodinho","article_publisher":"https:\/\/www.facebook.com\/fcgodinho","article_modified_time":"2025-02-10T11:56:19+00:00","twitter_card":"summary_large_image","twitter_misc":{"Dur\u00e9e de lecture estim\u00e9e":"2 minutes"},"schema":{"@context":"https:\/\/schema.org","@graph":[{"@type":"WebPage","@id":"https:\/\/cgodinho.com\/fr\/informacao-ao-consumidor\/","url":"https:\/\/cgodinho.com\/fr\/informacao-ao-consumidor\/","name":"Informa\u00e7\u00e3o ao consumidor - CGodinho","isPartOf":{"@id":"https:\/\/cgodinho.com\/fr\/#website"},"datePublished":"2022-05-20T11:14:27+00:00","dateModified":"2025-02-10T11:56:19+00:00","description":"CGodinho Informa\u00e7\u00e3o ao consumidor","breadcrumb":{"@id":"https:\/\/cgodinho.com\/fr\/informacao-ao-consumidor\/#breadcrumb"},"inLanguage":"fr-FR","potentialAction":[{"@type":"ReadAction","target":["https:\/\/cgodinho.com\/fr\/informacao-ao-consumidor\/"]}]},{"@type":"BreadcrumbList","@id":"https:\/\/cgodinho.com\/fr\/informacao-ao-consumidor\/#breadcrumb","itemListElement":[{"@type":"ListItem","position":1,"name":"In\u00edcio","item":"https:\/\/cgodinho.com\/fr\/home-coffee\/"},{"@type":"ListItem","position":2,"name":"Informa\u00e7\u00e3o ao consumidor"}]},{"@type":"WebSite","@id":"https:\/\/cgodinho.com\/fr\/#website","url":"https:\/\/cgodinho.com\/fr\/","name":"CGodinho","description":"Carlos A S Godinho - Artefactos de Cimento","publisher":{"@id":"https:\/\/cgodinho.com\/fr\/#organization"},"potentialAction":[{"@type":"SearchAction","target":{"@type":"EntryPoint","urlTemplate":"https:\/\/cgodinho.com\/fr\/?s={search_term_string}"},"query-input":{"@type":"PropertyValueSpecification","valueRequired":true,"valueName":"search_term_string"}}],"inLanguage":"fr-FR"},{"@type":"Organization","@id":"https:\/\/cgodinho.com\/fr\/#organization","name":"CGodinho","url":"https:\/\/cgodinho.com\/fr\/","logo":{"@type":"ImageObject","inLanguage":"fr-FR","@id":"https:\/\/cgodinho.com\/fr\/#\/schema\/logo\/image\/","url":"https:\/\/cgodinho.com\/wp-content\/uploads\/2022\/05\/godinho_af_marca-s-desg_preto_marca-s-desg_preto.png","contentUrl":"https:\/\/cgodinho.com\/wp-content\/uploads\/2022\/05\/godinho_af_marca-s-desg_preto_marca-s-desg_preto.png","width":318,"height":62,"caption":"CGodinho"},"image":{"@id":"https:\/\/cgodinho.com\/fr\/#\/schema\/logo\/image\/"},"sameAs":["https:\/\/www.facebook.com\/fcgodinho","https:\/\/www.instagram.com\/godinho_garden_ornaments\/","https:\/\/www.youtube.com\/channel\/UCXPtmgo3us5bfmvAG8X1oQw?themeRefresh=1"]}]}},"_links":{"self":[{"href":"https:\/\/cgodinho.com\/fr\/wp-json\/wp\/v2\/pages\/71689","targetHints":{"allow":["GET"]}}],"collection":[{"href":"https:\/\/cgodinho.com\/fr\/wp-json\/wp\/v2\/pages"}],"about":[{"href":"https:\/\/cgodinho.com\/fr\/wp-json\/wp\/v2\/types\/page"}],"author":[{"embeddable":true,"href":"https:\/\/cgodinho.com\/fr\/wp-json\/wp\/v2\/users\/4"}],"replies":[{"embeddable":true,"href":"https:\/\/cgodinho.com\/fr\/wp-json\/wp\/v2\/comments?post=71689"}],"version-history":[{"count":3,"href":"https:\/\/cgodinho.com\/fr\/wp-json\/wp\/v2\/pages\/71689\/revisions"}],"predecessor-version":[{"id":71750,"href":"https:\/\/cgodinho.com\/fr\/wp-json\/wp\/v2\/pages\/71689\/revisions\/71750"}],"wp:attachment":[{"href":"https:\/\/cgodinho.com\/fr\/wp-json\/wp\/v2\/media?parent=71689"}],"curies":[{"name":"wp","href":"https:\/\/api.w.org\/{rel}","templated":true}]}}