


{"id":71694,"date":"2022-12-18T17:02:02","date_gmt":"2022-12-18T17:02:02","guid":{"rendered":"https:\/\/cgodinho.com\/politique-de-confidentialite-et-cookies\/"},"modified":"2025-02-10T11:43:59","modified_gmt":"2025-02-10T11:43:59","slug":"politique-de-confidentialite-et-cookies","status":"publish","type":"page","link":"https:\/\/cgodinho.com\/fr\/politique-de-confidentialite-et-cookies\/","title":{"rendered":"Politique de confidentialit\u00e9 et cookies"},"content":{"rendered":"\n<p>Votre vie priv\u00e9e est importante pour nous. La politique de CGodinho est de respecter votre vie priv\u00e9e en ce qui concerne les informations que nous pouvons recueillir sur notre site web. Nous ne demandons des informations personnelles que lorsque nous en avons r\u00e9ellement besoin pour vous fournir un service. Nous le faisons par des moyens justes et l\u00e9gaux, en toute connaissance de cause et avec votre consentement. Nous vous informons \u00e9galement des raisons pour lesquelles nous recueillons ces informations et de l&rsquo;usage qui en sera fait. Nous ne conservons les informations collect\u00e9es que le temps n\u00e9cessaire pour fournir le service que vous avez demand\u00e9. Lorsque nous stockons des donn\u00e9es, nous les prot\u00e9geons par des moyens commercialement acceptables afin d&rsquo;\u00e9viter la perte et le vol, ainsi que l&rsquo;acc\u00e8s, la divulgation, la copie, l&rsquo;utilisation ou la modification non autoris\u00e9s. Nous ne partageons pas d&rsquo;informations personnellement identifiables avec le public ou des tiers, sauf si la loi l&rsquo;exige. Notre site web peut contenir des liens vers des sites web externes qui ne sont pas exploit\u00e9s par nous. Veuillez noter que nous n&rsquo;avons aucun contr\u00f4le sur le contenu et les pratiques de ces sites web et que nous ne pouvons accepter la responsabilit\u00e9 de leurs politiques de confidentialit\u00e9 respectives. Vous \u00eates libre de refuser notre demande d&rsquo;informations personnelles, \u00e9tant entendu que nous pourrions ne pas \u00eatre en mesure de vous fournir certains des services dont vous avez besoin. En continuant \u00e0 utiliser notre site web, vous acceptez nos pratiques en mati\u00e8re de protection de la vie priv\u00e9e et des informations personnelles. Si vous avez des questions sur la mani\u00e8re dont nous traitons les donn\u00e9es des utilisateurs et les informations personnelles, n&rsquo;h\u00e9sitez pas \u00e0 nous contacter.            <\/p>\n\n<h4 class=\"wp-block-heading\">Politique en mati\u00e8re de cookies<\/h4>\n\n<h5 class=\"wp-block-heading\"><strong>Qu&rsquo;est-ce qu&rsquo;un cookies ?<\/strong><\/h5>\n\n<p>Comme presque tous les sites web professionnels, ce site web utilise des cookies, qui sont de petits fichiers stock\u00e9s sur votre ordinateur, afin d&rsquo;am\u00e9liorer votre exp\u00e9rience. Cette page d\u00e9crit les informations que ces cookies collectent, comment nous les utilisons et pourquoi nous avons parfois besoin de les stocker. Nous vous indiquons \u00e9galement comment vous pouvez emp\u00eacher le stockage de ces cookies, mais cela peut affecter certains \u00e9l\u00e9ments de la fonctionnalit\u00e9 du site web.  <\/p>\n\n<h5 class=\"wp-block-heading\"><strong>Comment utilisons-nous les cookies ?<\/strong><\/h5>\n\n<p>Nous utilisons des cookies pour diverses raisons, d\u00e9taill\u00e9es ci-dessous. Malheureusement, dans la plupart des cas, il n&rsquo;existe pas d&rsquo;options standard pour d\u00e9sactiver les cookies sans d\u00e9sactiver compl\u00e8tement les fonctionnalit\u00e9s et les caract\u00e9ristiques qu&rsquo;ils ajoutent \u00e0 ce site web. Nous vous recommandons de laisser tous les cookies activ\u00e9s si vous n&rsquo;\u00eates pas s\u00fbr d&rsquo;en avoir besoin ou non, au cas o\u00f9 ils seraient utilis\u00e9s pour fournir un service que vous utilisez.  <\/p>\n\n<h5 class=\"wp-block-heading\"><strong>D\u00e9sactiver les cookies<\/strong><\/h5>\n\n<p>Vous pouvez emp\u00eacher l&rsquo;installation de cookies en ajustant les param\u00e8tres de votre navigateur (voir l&rsquo;aide de votre navigateur pour savoir comment proc\u00e9der). Sachez que la d\u00e9sactivation des cookies affectera la fonctionnalit\u00e9 de ce site et de nombreux autres sites que vous visitez. La d\u00e9sactivation des cookies entra\u00eene g\u00e9n\u00e9ralement la d\u00e9sactivation de certaines fonctionnalit\u00e9s et caract\u00e9ristiques de ce site web. Nous vous recommandons donc de ne pas d\u00e9sactiver les cookies.   <\/p>\n\n<h5 class=\"wp-block-heading\"><strong>Cookies que nous utilisons<\/strong><\/h5>\n\n<p><strong>Cookies li\u00e9s \u00e0 votre compte<\/strong> : si vous cr\u00e9ez un compte chez nous, nous utiliserons des cookies pour g\u00e9rer le processus d&rsquo;inscription et l&rsquo;administration g\u00e9n\u00e9rale. Ces cookies sont g\u00e9n\u00e9ralement supprim\u00e9s lorsque vous vous d\u00e9connectez, mais dans certains cas, ils peuvent rester en place pour m\u00e9moriser vos pr\u00e9f\u00e9rences sur le site web lorsque vous le quittez. <\/p>\n\n<p><strong>Cookies li\u00e9s \u00e0 la connexion<\/strong> : Nous utilisons des cookies lorsque vous \u00eates connect\u00e9 afin de nous souvenir de cette action. Cela vous \u00e9vite de devoir vous connecter \u00e0 chaque fois que vous visitez une nouvelle page. Ces cookies sont g\u00e9n\u00e9ralement supprim\u00e9s lorsque vous vous d\u00e9connectez, afin que vous ne puissiez acc\u00e9der aux ressources et zones restreintes que lorsque vous vous connectez.  <\/p>\n\n<p><strong>Cookies li\u00e9s \u00e0 la lettre<\/strong> <strong>d&rsquo;information \u00e9lectronique<\/strong> : Ce site web propose des services d&rsquo;abonnement \u00e0 la lettre d&rsquo;information et des cookies peuvent \u00eatre utilis\u00e9s pour savoir si vous \u00eates d\u00e9j\u00e0 inscrit et si nous devons afficher certaines notifications valables uniquement pour les utilisateurs inscrits \/ d\u00e9sinscrits.<\/p>\n\n<p><strong>Cookies li\u00e9s au traitement des commandes<\/strong> : ce site web offre des services de commerce \u00e9lectronique et de paiement et certains cookies sont essentiels pour garantir que votre commande est m\u00e9moris\u00e9e entre les pages afin que nous puissions la traiter correctement.<\/p>\n\n<p><strong>Cookies li\u00e9s aux formulaires<\/strong> : Lorsque vous soumettez des donn\u00e9es par l&rsquo;interm\u00e9diaire d&rsquo;un formulaire, comme ceux que l&rsquo;on trouve sur les pages de contact ou les formulaires de commentaires, des cookies peuvent \u00eatre mis en place pour m\u00e9moriser les d\u00e9tails de l&rsquo;utilisateur en vue d&rsquo;une correspondance ult\u00e9rieure.<\/p>\n\n<p><strong>Cookies de pr\u00e9f\u00e9rence pour le site web<\/strong> : Afin de vous offrir une exp\u00e9rience optimale sur ce site web, nous proposons cette fonctionnalit\u00e9 pour d\u00e9finir vos pr\u00e9f\u00e9rences concernant le fonctionnement du site web lorsque vous l&rsquo;utilisez. Afin de m\u00e9moriser vos pr\u00e9f\u00e9rences, nous devons installer des cookies pour que ces informations puissent \u00eatre appliqu\u00e9es chaque fois que vous interagissez avec une page affect\u00e9e par vos pr\u00e9f\u00e9rences. <\/p>\n\n<h5 class=\"wp-block-heading\"><strong>Cookies de tiers<\/strong><\/h5>\n\n<p>Dans certains cas particuliers, nous utilisons \u00e9galement des cookies fournis par des tiers de confiance. La section suivante d\u00e9taille les cookies de tiers que vous pouvez rencontrer sur ce site web. <\/p>\n\n<p>Ce site utilise Google Analytics, l&rsquo;une des solutions d&rsquo;analyse les plus r\u00e9pandues et les plus fiables sur le web, pour nous aider \u00e0 comprendre comment vous utilisez le site et comment nous pouvons am\u00e9liorer votre exp\u00e9rience. Ces cookies peuvent suivre des \u00e9l\u00e9ments tels que le temps que vous passez sur le site et les pages que vous visitez, afin que nous puissions continuer \u00e0 produire un contenu attrayant. <\/p>\n\n<p>Pour plus d&rsquo;informations sur les cookies de Google Analytics, consultez la page officielle de Google Analytics.<\/p>\n\n<p>Les analyses de tiers sont utilis\u00e9es pour suivre et mesurer l&rsquo;utilisation de ce site web afin que nous puissions continuer \u00e0 produire le meilleur contenu possible. Ces cookies peuvent suivre des \u00e9l\u00e9ments tels que le temps que vous passez sur le site web ou les pages que vous visitez, ce qui nous aide \u00e0 comprendre comment nous pouvons am\u00e9liorer le site web pour vous. <\/p>\n\n<p>Nous testons p\u00e9riodiquement de nouvelles fonctionnalit\u00e9s et apportons des modifications subtiles \u00e0 l&rsquo;apparence du site web. Lorsque nous testons encore de nouvelles fonctionnalit\u00e9s, ces cookies peuvent \u00eatre utilis\u00e9s pour garantir que vous b\u00e9n\u00e9ficiez d&rsquo;une exp\u00e9rience coh\u00e9rente sur le site web, tout en nous permettant de comprendre quelles sont les optimisations les plus appr\u00e9ci\u00e9es par nos utilisateurs. <\/p>\n\n<p>Comme nous vendons des produits, il est important pour nous de comprendre les statistiques sur le nombre de visiteurs de notre site web qui ach\u00e8tent effectivement, et c&rsquo;est donc ce type de donn\u00e9es que ces cookies suivront. Ces donn\u00e9es sont importantes pour vous, car elles nous permettent d&rsquo;\u00e9tablir des pr\u00e9visions commerciales pr\u00e9cises et d&rsquo;analyser nos co\u00fbts publicitaires et nos produits afin de garantir le meilleur prix possible. <\/p>\n\n<h5 class=\"wp-block-heading\"><strong>Engagement de l&rsquo;utilisateur<\/strong><\/h5>\n\n<p>L&rsquo;utilisateur s&rsquo;engage \u00e0 faire un usage appropri\u00e9 des contenus et informations propos\u00e9s par CGodinho sur le site, et ce \u00e0 titre d&rsquo;exemple mais non limitatif :<\/p>\n\n<p>A) Ne pas s&rsquo;engager dans des activit\u00e9s ill\u00e9gales ou contraires \u00e0 la bonne foi et \u00e0 l&rsquo;ordre public ;<\/p>\n\n<p>B) Ne pas causer de dommages aux syst\u00e8mes physiques (hardware) et logiques (software) de CGodinho, de ses fournisseurs ou de tiers, introduire ou diffuser des virus informatiques ou tout autre syst\u00e8me hardware ou software capable de causer les dommages susmentionn\u00e9s.<\/p>\n\n<h5 class=\"wp-block-heading\"><strong>Plus d&rsquo;informations<\/strong><\/h5>\n\n<p>J&rsquo;esp\u00e8re que c&rsquo;est clair et, comme mentionn\u00e9 ci-dessus, si vous n&rsquo;\u00eates pas s\u00fbr d&rsquo;avoir besoin de quelque chose, il est g\u00e9n\u00e9ralement plus s\u00fbr de laisser les cookies activ\u00e9s si vous interagissez avec l&rsquo;une des fonctions que vous utilisez sur notre site web.<\/p>\n","protected":false},"excerpt":{"rendered":"<p>Votre vie priv\u00e9e est importante pour nous. La politique de CGodinho est de respecter votre vie priv\u00e9e en ce qui<\/p>\n","protected":false},"author":4,"featured_media":0,"parent":0,"menu_order":0,"comment_status":"closed","ping_status":"open","template":"","meta":{"_acf_changed":false,"footnotes":""},"class_list":["post-71694","page","type-page","status-publish","hentry"],"acf":[],"yoast_head":"<!-- This site is optimized with the Yoast SEO plugin v27.5 - https:\/\/yoast.com\/product\/yoast-seo-wordpress\/ -->\n<title>Politique de confidentialit\u00e9 et cookies - CGodinho<\/title>\n<meta name=\"description\" content=\"Politique de confidentialit\u00e9 et cookies La politique de CGodinho est de respecter votre vie priv\u00e9e en ce qui concerne les informations que nous pouvons recueillir sur notre site web.\" \/>\n<meta name=\"robots\" content=\"index, follow, max-snippet:-1, max-image-preview:large, max-video-preview:-1\" \/>\n<link rel=\"canonical\" href=\"https:\/\/cgodinho.com\/fr\/politique-de-confidentialite-et-cookies\/\" \/>\n<meta property=\"og:locale\" content=\"fr_FR\" \/>\n<meta property=\"og:type\" content=\"article\" \/>\n<meta property=\"og:title\" content=\"Politique de confidentialit\u00e9 et cookies - CGodinho\" \/>\n<meta property=\"og:description\" content=\"Politique de confidentialit\u00e9 et cookies La politique de CGodinho est de respecter votre vie priv\u00e9e en ce qui concerne les informations que nous pouvons recueillir sur notre site web.\" \/>\n<meta property=\"og:url\" content=\"https:\/\/cgodinho.com\/fr\/politique-de-confidentialite-et-cookies\/\" \/>\n<meta property=\"og:site_name\" content=\"CGodinho\" \/>\n<meta property=\"article:publisher\" content=\"https:\/\/www.facebook.com\/fcgodinho\" \/>\n<meta property=\"article:modified_time\" content=\"2025-02-10T11:43:59+00:00\" \/>\n<meta name=\"twitter:card\" content=\"summary_large_image\" \/>\n<meta name=\"twitter:label1\" content=\"Dur\u00e9e de lecture estim\u00e9e\" \/>\n\t<meta name=\"twitter:data1\" content=\"7 minutes\" \/>\n<script type=\"application\/ld+json\" class=\"yoast-schema-graph\">{\"@context\":\"https:\\\/\\\/schema.org\",\"@graph\":[{\"@type\":\"WebPage\",\"@id\":\"https:\\\/\\\/cgodinho.com\\\/fr\\\/politique-de-confidentialite-et-cookies\\\/\",\"url\":\"https:\\\/\\\/cgodinho.com\\\/fr\\\/politique-de-confidentialite-et-cookies\\\/\",\"name\":\"Politique de confidentialit\u00e9 et cookies - CGodinho\",\"isPartOf\":{\"@id\":\"https:\\\/\\\/cgodinho.com\\\/fr\\\/#website\"},\"datePublished\":\"2022-12-18T17:02:02+00:00\",\"dateModified\":\"2025-02-10T11:43:59+00:00\",\"description\":\"Politique de confidentialit\u00e9 et cookies La politique de CGodinho est de respecter votre vie priv\u00e9e en ce qui concerne les informations que nous pouvons recueillir sur notre site web.\",\"breadcrumb\":{\"@id\":\"https:\\\/\\\/cgodinho.com\\\/fr\\\/politique-de-confidentialite-et-cookies\\\/#breadcrumb\"},\"inLanguage\":\"fr-FR\",\"potentialAction\":[{\"@type\":\"ReadAction\",\"target\":[\"https:\\\/\\\/cgodinho.com\\\/fr\\\/politique-de-confidentialite-et-cookies\\\/\"]}]},{\"@type\":\"BreadcrumbList\",\"@id\":\"https:\\\/\\\/cgodinho.com\\\/fr\\\/politique-de-confidentialite-et-cookies\\\/#breadcrumb\",\"itemListElement\":[{\"@type\":\"ListItem\",\"position\":1,\"name\":\"In\u00edcio\",\"item\":\"https:\\\/\\\/cgodinho.com\\\/fr\\\/home-coffee\\\/\"},{\"@type\":\"ListItem\",\"position\":2,\"name\":\"Politique de confidentialit\u00e9 et cookies\"}]},{\"@type\":\"WebSite\",\"@id\":\"https:\\\/\\\/cgodinho.com\\\/fr\\\/#website\",\"url\":\"https:\\\/\\\/cgodinho.com\\\/fr\\\/\",\"name\":\"CGodinho\",\"description\":\"Carlos A S Godinho - Artefactos de Cimento\",\"publisher\":{\"@id\":\"https:\\\/\\\/cgodinho.com\\\/fr\\\/#organization\"},\"potentialAction\":[{\"@type\":\"SearchAction\",\"target\":{\"@type\":\"EntryPoint\",\"urlTemplate\":\"https:\\\/\\\/cgodinho.com\\\/fr\\\/?s={search_term_string}\"},\"query-input\":{\"@type\":\"PropertyValueSpecification\",\"valueRequired\":true,\"valueName\":\"search_term_string\"}}],\"inLanguage\":\"fr-FR\"},{\"@type\":\"Organization\",\"@id\":\"https:\\\/\\\/cgodinho.com\\\/fr\\\/#organization\",\"name\":\"CGodinho\",\"url\":\"https:\\\/\\\/cgodinho.com\\\/fr\\\/\",\"logo\":{\"@type\":\"ImageObject\",\"inLanguage\":\"fr-FR\",\"@id\":\"https:\\\/\\\/cgodinho.com\\\/fr\\\/#\\\/schema\\\/logo\\\/image\\\/\",\"url\":\"https:\\\/\\\/cgodinho.com\\\/wp-content\\\/uploads\\\/2022\\\/05\\\/godinho_af_marca-s-desg_preto_marca-s-desg_preto.png\",\"contentUrl\":\"https:\\\/\\\/cgodinho.com\\\/wp-content\\\/uploads\\\/2022\\\/05\\\/godinho_af_marca-s-desg_preto_marca-s-desg_preto.png\",\"width\":318,\"height\":62,\"caption\":\"CGodinho\"},\"image\":{\"@id\":\"https:\\\/\\\/cgodinho.com\\\/fr\\\/#\\\/schema\\\/logo\\\/image\\\/\"},\"sameAs\":[\"https:\\\/\\\/www.facebook.com\\\/fcgodinho\",\"https:\\\/\\\/www.instagram.com\\\/godinho_garden_ornaments\\\/\",\"https:\\\/\\\/www.youtube.com\\\/channel\\\/UCXPtmgo3us5bfmvAG8X1oQw?themeRefresh=1\"]}]}<\/script>\n<!-- \/ Yoast SEO plugin. -->","yoast_head_json":{"title":"Politique de confidentialit\u00e9 et cookies - CGodinho","description":"Politique de confidentialit\u00e9 et cookies La politique de CGodinho est de respecter votre vie priv\u00e9e en ce qui concerne les informations que nous pouvons recueillir sur notre site web.","robots":{"index":"index","follow":"follow","max-snippet":"max-snippet:-1","max-image-preview":"max-image-preview:large","max-video-preview":"max-video-preview:-1"},"canonical":"https:\/\/cgodinho.com\/fr\/politique-de-confidentialite-et-cookies\/","og_locale":"fr_FR","og_type":"article","og_title":"Politique de confidentialit\u00e9 et cookies - CGodinho","og_description":"Politique de confidentialit\u00e9 et cookies La politique de CGodinho est de respecter votre vie priv\u00e9e en ce qui concerne les informations que nous pouvons recueillir sur notre site web.","og_url":"https:\/\/cgodinho.com\/fr\/politique-de-confidentialite-et-cookies\/","og_site_name":"CGodinho","article_publisher":"https:\/\/www.facebook.com\/fcgodinho","article_modified_time":"2025-02-10T11:43:59+00:00","twitter_card":"summary_large_image","twitter_misc":{"Dur\u00e9e de lecture estim\u00e9e":"7 minutes"},"schema":{"@context":"https:\/\/schema.org","@graph":[{"@type":"WebPage","@id":"https:\/\/cgodinho.com\/fr\/politique-de-confidentialite-et-cookies\/","url":"https:\/\/cgodinho.com\/fr\/politique-de-confidentialite-et-cookies\/","name":"Politique de confidentialit\u00e9 et cookies - CGodinho","isPartOf":{"@id":"https:\/\/cgodinho.com\/fr\/#website"},"datePublished":"2022-12-18T17:02:02+00:00","dateModified":"2025-02-10T11:43:59+00:00","description":"Politique de confidentialit\u00e9 et cookies La politique de CGodinho est de respecter votre vie priv\u00e9e en ce qui concerne les informations que nous pouvons recueillir sur notre site web.","breadcrumb":{"@id":"https:\/\/cgodinho.com\/fr\/politique-de-confidentialite-et-cookies\/#breadcrumb"},"inLanguage":"fr-FR","potentialAction":[{"@type":"ReadAction","target":["https:\/\/cgodinho.com\/fr\/politique-de-confidentialite-et-cookies\/"]}]},{"@type":"BreadcrumbList","@id":"https:\/\/cgodinho.com\/fr\/politique-de-confidentialite-et-cookies\/#breadcrumb","itemListElement":[{"@type":"ListItem","position":1,"name":"In\u00edcio","item":"https:\/\/cgodinho.com\/fr\/home-coffee\/"},{"@type":"ListItem","position":2,"name":"Politique de confidentialit\u00e9 et cookies"}]},{"@type":"WebSite","@id":"https:\/\/cgodinho.com\/fr\/#website","url":"https:\/\/cgodinho.com\/fr\/","name":"CGodinho","description":"Carlos A S Godinho - Artefactos de Cimento","publisher":{"@id":"https:\/\/cgodinho.com\/fr\/#organization"},"potentialAction":[{"@type":"SearchAction","target":{"@type":"EntryPoint","urlTemplate":"https:\/\/cgodinho.com\/fr\/?s={search_term_string}"},"query-input":{"@type":"PropertyValueSpecification","valueRequired":true,"valueName":"search_term_string"}}],"inLanguage":"fr-FR"},{"@type":"Organization","@id":"https:\/\/cgodinho.com\/fr\/#organization","name":"CGodinho","url":"https:\/\/cgodinho.com\/fr\/","logo":{"@type":"ImageObject","inLanguage":"fr-FR","@id":"https:\/\/cgodinho.com\/fr\/#\/schema\/logo\/image\/","url":"https:\/\/cgodinho.com\/wp-content\/uploads\/2022\/05\/godinho_af_marca-s-desg_preto_marca-s-desg_preto.png","contentUrl":"https:\/\/cgodinho.com\/wp-content\/uploads\/2022\/05\/godinho_af_marca-s-desg_preto_marca-s-desg_preto.png","width":318,"height":62,"caption":"CGodinho"},"image":{"@id":"https:\/\/cgodinho.com\/fr\/#\/schema\/logo\/image\/"},"sameAs":["https:\/\/www.facebook.com\/fcgodinho","https:\/\/www.instagram.com\/godinho_garden_ornaments\/","https:\/\/www.youtube.com\/channel\/UCXPtmgo3us5bfmvAG8X1oQw?themeRefresh=1"]}]}},"_links":{"self":[{"href":"https:\/\/cgodinho.com\/fr\/wp-json\/wp\/v2\/pages\/71694","targetHints":{"allow":["GET"]}}],"collection":[{"href":"https:\/\/cgodinho.com\/fr\/wp-json\/wp\/v2\/pages"}],"about":[{"href":"https:\/\/cgodinho.com\/fr\/wp-json\/wp\/v2\/types\/page"}],"author":[{"embeddable":true,"href":"https:\/\/cgodinho.com\/fr\/wp-json\/wp\/v2\/users\/4"}],"replies":[{"embeddable":true,"href":"https:\/\/cgodinho.com\/fr\/wp-json\/wp\/v2\/comments?post=71694"}],"version-history":[{"count":1,"href":"https:\/\/cgodinho.com\/fr\/wp-json\/wp\/v2\/pages\/71694\/revisions"}],"predecessor-version":[{"id":71695,"href":"https:\/\/cgodinho.com\/fr\/wp-json\/wp\/v2\/pages\/71694\/revisions\/71695"}],"wp:attachment":[{"href":"https:\/\/cgodinho.com\/fr\/wp-json\/wp\/v2\/media?parent=71694"}],"curies":[{"name":"wp","href":"https:\/\/api.w.org\/{rel}","templated":true}]}}