


{"id":16203,"date":"2022-12-19T19:11:52","date_gmt":"2022-12-19T19:11:52","guid":{"rendered":"https:\/\/cgodinho.assemble.website\/produto\/banco-c-menino-pensativo-2\/"},"modified":"2024-03-25T09:46:46","modified_gmt":"2024-03-25T09:46:46","slug":"banco-c-menino-pensativo-2","status":"publish","type":"product","link":"https:\/\/cgodinho.com\/fr\/produto\/banco-c-menino-pensativo-2\/","title":{"rendered":"Banco c\/menino pensativo"},"content":{"rendered":"<p>Ornamentos De Jardim Est\u00c1tuas Sentados<\/p>\n<p><strong>Banco c\/menino pensativo<\/strong><\/p>\n<div class=\"flex-1 overflow-hidden\">\n<div class=\"react-scroll-to-bottom--css-gacqo-79elbk h-full\">\n<div class=\"react-scroll-to-bottom--css-gacqo-1n7m0yu\">\n<div class=\"flex flex-col text-sm pb-9\">\n<div class=\"w-full text-token-text-primary\" data-testid=\"conversation-turn-13\">\n<div class=\"px-4 py-2 justify-center text-base md:gap-6 m-auto\">\n<div class=\"flex flex-1 text-base mx-auto gap-3 md:px-5 lg:px-1 xl:px-5 md:max-w-3xl lg:max-w-[40rem] xl:max-w-[48rem] group final-completion\">\n<div class=\"relative flex w-full flex-col agent-turn\">\n<div class=\"flex-col gap-1 md:gap-3\">\n<div class=\"flex flex-grow flex-col max-w-full\">\n<div class=\"min-h-[20px] text-message flex flex-col items-start gap-3 whitespace-pre-wrap break-words [.text-message+&amp;]:mt-5 overflow-x-auto\" data-message-author-role=\"assistant\" data-message-id=\"ddaa33b8-b33e-4ed6-b5f6-226fba1f162b\">\n<div class=\"markdown prose w-full break-words dark:prose-invert light\">\n<p>Uma est\u00e1tua serena retrata um menino pensativo, sentado em um banco, capturando a contempla\u00e7\u00e3o tranquila da juventude<\/p>\n<p>&nbsp;<\/p>\n<\/div>\n<\/div>\n<\/div>\n<\/div>\n<\/div>\n<\/div>\n<\/div>\n<\/div>\n<\/div>\n<\/div>\n<\/div>\n<\/div>\n<p><strong>Materiais<\/strong><\/p>\n<p>Feitas em pedra reconstitu\u00edda<\/p>\n<p>Resistente ao climas variados<\/p>\n<p>Permanecem inalter\u00e1veis perante condi\u00e7\u00f5es adversas<\/p>\n<p>&nbsp;<\/p>\n<p><strong>Utiliza\u00e7\u00e3o<\/strong><\/p>\n<p>Dom\u00e9stico:<\/p>\n<p>Para utiliza\u00e7\u00e3o em interiores \/ exteriores<\/p>\n","protected":false},"excerpt":{"rendered":"<p>Ornamentos De Jardim Est\u00c1tuas Sentados Banco c\/menino pensativo Uma est\u00e1tua serena retrata um menino pensativo, sentado em um banco, capturando<\/p>\n","protected":false},"featured_media":60449,"template":"","meta":{"_acf_changed":false},"product_brand":[],"product_cat":[91],"product_tag":[],"class_list":{"0":"post-16203","1":"product","2":"type-product","3":"status-publish","4":"has-post-thumbnail","6":"product_cat-sentados","7":"pa_color-07-anticato","8":"pa_color-09-azul-pavao","9":"pa_color-15-branco-acetinado","10":"pa_color-01-branco-natural","11":"pa_color-02-branco-velho","12":"pa_color-03-carvao","13":"pa_color-11-oxido","14":"pa_color-12-preto-base","15":"pa_color-13-preto-dourado","16":"pa_color-14-preto-prata","17":"pa_color-04-sarlat","18":"pa_color-08-terra","19":"pa_color-06-tijolo","20":"pa_color-05-verde-cactus","22":"first","23":"instock","24":"shipping-taxable","25":"product-type-variable"},"acf":[],"yoast_head":"<!-- This site is optimized with the Yoast SEO plugin v27.1.1 - https:\/\/yoast.com\/product\/yoast-seo-wordpress\/ -->\n<title>Banco c\/menino pensativo - CGodinho<\/title>\n<meta name=\"description\" content=\"CGodinho Banco c\/menino pensativo \u00e9 produzido com excelente qualidade.\" \/>\n<meta name=\"robots\" content=\"index, follow, max-snippet:-1, max-image-preview:large, max-video-preview:-1\" \/>\n<link rel=\"canonical\" href=\"https:\/\/cgodinho.com\/fr\/produto\/banco-c-menino-pensativo-2\/\" \/>\n<meta property=\"og:locale\" content=\"fr_FR\" \/>\n<meta property=\"og:type\" content=\"article\" \/>\n<meta property=\"og:title\" content=\"Banco c\/menino pensativo - CGodinho\" \/>\n<meta property=\"og:description\" content=\"CGodinho Banco c\/menino pensativo \u00e9 produzido com excelente qualidade.\" \/>\n<meta property=\"og:url\" content=\"https:\/\/cgodinho.com\/fr\/produto\/banco-c-menino-pensativo-2\/\" \/>\n<meta property=\"og:site_name\" content=\"CGodinho\" \/>\n<meta property=\"article:publisher\" content=\"https:\/\/www.facebook.com\/fcgodinho\" \/>\n<meta property=\"article:modified_time\" content=\"2024-03-25T09:46:46+00:00\" \/>\n<meta property=\"og:image\" content=\"https:\/\/cgodinho.com\/wp-content\/uploads\/product-images\/banco-c-menino-pensativo-394.png\" \/>\n\t<meta property=\"og:image:width\" content=\"491\" \/>\n\t<meta property=\"og:image:height\" content=\"378\" \/>\n\t<meta property=\"og:image:type\" content=\"image\/png\" \/>\n<meta name=\"twitter:card\" content=\"summary_large_image\" \/>\n<meta name=\"twitter:label1\" content=\"Dur\u00e9e de lecture estim\u00e9e\" \/>\n\t<meta name=\"twitter:data1\" content=\"1 minute\" \/>\n<script type=\"application\/ld+json\" class=\"yoast-schema-graph\">{\"@context\":\"https:\/\/schema.org\",\"@graph\":[{\"@type\":\"WebPage\",\"@id\":\"https:\/\/cgodinho.com\/fr\/produto\/banco-c-menino-pensativo-2\/\",\"url\":\"https:\/\/cgodinho.com\/fr\/produto\/banco-c-menino-pensativo-2\/\",\"name\":\"Banco c\/menino pensativo - CGodinho\",\"isPartOf\":{\"@id\":\"https:\/\/cgodinho.com\/fr\/#website\"},\"primaryImageOfPage\":{\"@id\":\"https:\/\/cgodinho.com\/fr\/produto\/banco-c-menino-pensativo-2\/#primaryimage\"},\"image\":{\"@id\":\"https:\/\/cgodinho.com\/fr\/produto\/banco-c-menino-pensativo-2\/#primaryimage\"},\"thumbnailUrl\":\"https:\/\/cgodinho.com\/wp-content\/uploads\/product-images\/banco-c-menino-pensativo-394.png\",\"datePublished\":\"2022-12-19T19:11:52+00:00\",\"dateModified\":\"2024-03-25T09:46:46+00:00\",\"description\":\"CGodinho Banco c\/menino pensativo \u00e9 produzido com excelente qualidade.\",\"breadcrumb\":{\"@id\":\"https:\/\/cgodinho.com\/fr\/produto\/banco-c-menino-pensativo-2\/#breadcrumb\"},\"inLanguage\":\"fr-FR\",\"potentialAction\":[{\"@type\":\"ReadAction\",\"target\":[\"https:\/\/cgodinho.com\/fr\/produto\/banco-c-menino-pensativo-2\/\"]}]},{\"@type\":\"ImageObject\",\"inLanguage\":\"fr-FR\",\"@id\":\"https:\/\/cgodinho.com\/fr\/produto\/banco-c-menino-pensativo-2\/#primaryimage\",\"url\":\"https:\/\/cgodinho.com\/wp-content\/uploads\/product-images\/banco-c-menino-pensativo-394.png\",\"contentUrl\":\"https:\/\/cgodinho.com\/wp-content\/uploads\/product-images\/banco-c-menino-pensativo-394.png\",\"width\":491,\"height\":378,\"caption\":\"Banco c\/menino pensativo\"},{\"@type\":\"BreadcrumbList\",\"@id\":\"https:\/\/cgodinho.com\/fr\/produto\/banco-c-menino-pensativo-2\/#breadcrumb\",\"itemListElement\":[{\"@type\":\"ListItem\",\"position\":1,\"name\":\"In\u00edcio\",\"item\":\"https:\/\/cgodinho.com\/fr\/home-coffee\/\"},{\"@type\":\"ListItem\",\"position\":2,\"name\":\"Produits\",\"item\":\"https:\/\/cgodinho.com\/fr\/boutique\/\"},{\"@type\":\"ListItem\",\"position\":3,\"name\":\"Banco c\/menino pensativo\"}]},{\"@type\":\"WebSite\",\"@id\":\"https:\/\/cgodinho.com\/fr\/#website\",\"url\":\"https:\/\/cgodinho.com\/fr\/\",\"name\":\"CGodinho\",\"description\":\"Carlos A S Godinho - Artefactos de Cimento\",\"publisher\":{\"@id\":\"https:\/\/cgodinho.com\/fr\/#organization\"},\"potentialAction\":[{\"@type\":\"SearchAction\",\"target\":{\"@type\":\"EntryPoint\",\"urlTemplate\":\"https:\/\/cgodinho.com\/fr\/?s={search_term_string}\"},\"query-input\":{\"@type\":\"PropertyValueSpecification\",\"valueRequired\":true,\"valueName\":\"search_term_string\"}}],\"inLanguage\":\"fr-FR\"},{\"@type\":\"Organization\",\"@id\":\"https:\/\/cgodinho.com\/fr\/#organization\",\"name\":\"CGodinho\",\"url\":\"https:\/\/cgodinho.com\/fr\/\",\"logo\":{\"@type\":\"ImageObject\",\"inLanguage\":\"fr-FR\",\"@id\":\"https:\/\/cgodinho.com\/fr\/#\/schema\/logo\/image\/\",\"url\":\"https:\/\/cgodinho.com\/wp-content\/uploads\/2022\/05\/godinho_af_marca-s-desg_preto_marca-s-desg_preto.png\",\"contentUrl\":\"https:\/\/cgodinho.com\/wp-content\/uploads\/2022\/05\/godinho_af_marca-s-desg_preto_marca-s-desg_preto.png\",\"width\":318,\"height\":62,\"caption\":\"CGodinho\"},\"image\":{\"@id\":\"https:\/\/cgodinho.com\/fr\/#\/schema\/logo\/image\/\"},\"sameAs\":[\"https:\/\/www.facebook.com\/fcgodinho\",\"https:\/\/www.instagram.com\/godinho_garden_ornaments\/\",\"https:\/\/www.youtube.com\/channel\/UCXPtmgo3us5bfmvAG8X1oQw?themeRefresh=1\"]}]}<\/script>\n<!-- \/ Yoast SEO plugin. -->","yoast_head_json":{"title":"Banco c\/menino pensativo - CGodinho","description":"CGodinho Banco c\/menino pensativo \u00e9 produzido com excelente qualidade.","robots":{"index":"index","follow":"follow","max-snippet":"max-snippet:-1","max-image-preview":"max-image-preview:large","max-video-preview":"max-video-preview:-1"},"canonical":"https:\/\/cgodinho.com\/fr\/produto\/banco-c-menino-pensativo-2\/","og_locale":"fr_FR","og_type":"article","og_title":"Banco c\/menino pensativo - CGodinho","og_description":"CGodinho Banco c\/menino pensativo \u00e9 produzido com excelente qualidade.","og_url":"https:\/\/cgodinho.com\/fr\/produto\/banco-c-menino-pensativo-2\/","og_site_name":"CGodinho","article_publisher":"https:\/\/www.facebook.com\/fcgodinho","article_modified_time":"2024-03-25T09:46:46+00:00","og_image":[{"width":491,"height":378,"url":"https:\/\/cgodinho.com\/wp-content\/uploads\/product-images\/banco-c-menino-pensativo-394.png","type":"image\/png"}],"twitter_card":"summary_large_image","twitter_misc":{"Dur\u00e9e de lecture estim\u00e9e":"1 minute"},"schema":{"@context":"https:\/\/schema.org","@graph":[{"@type":"WebPage","@id":"https:\/\/cgodinho.com\/fr\/produto\/banco-c-menino-pensativo-2\/","url":"https:\/\/cgodinho.com\/fr\/produto\/banco-c-menino-pensativo-2\/","name":"Banco c\/menino pensativo - CGodinho","isPartOf":{"@id":"https:\/\/cgodinho.com\/fr\/#website"},"primaryImageOfPage":{"@id":"https:\/\/cgodinho.com\/fr\/produto\/banco-c-menino-pensativo-2\/#primaryimage"},"image":{"@id":"https:\/\/cgodinho.com\/fr\/produto\/banco-c-menino-pensativo-2\/#primaryimage"},"thumbnailUrl":"https:\/\/cgodinho.com\/wp-content\/uploads\/product-images\/banco-c-menino-pensativo-394.png","datePublished":"2022-12-19T19:11:52+00:00","dateModified":"2024-03-25T09:46:46+00:00","description":"CGodinho Banco c\/menino pensativo \u00e9 produzido com excelente qualidade.","breadcrumb":{"@id":"https:\/\/cgodinho.com\/fr\/produto\/banco-c-menino-pensativo-2\/#breadcrumb"},"inLanguage":"fr-FR","potentialAction":[{"@type":"ReadAction","target":["https:\/\/cgodinho.com\/fr\/produto\/banco-c-menino-pensativo-2\/"]}]},{"@type":"ImageObject","inLanguage":"fr-FR","@id":"https:\/\/cgodinho.com\/fr\/produto\/banco-c-menino-pensativo-2\/#primaryimage","url":"https:\/\/cgodinho.com\/wp-content\/uploads\/product-images\/banco-c-menino-pensativo-394.png","contentUrl":"https:\/\/cgodinho.com\/wp-content\/uploads\/product-images\/banco-c-menino-pensativo-394.png","width":491,"height":378,"caption":"Banco c\/menino pensativo"},{"@type":"BreadcrumbList","@id":"https:\/\/cgodinho.com\/fr\/produto\/banco-c-menino-pensativo-2\/#breadcrumb","itemListElement":[{"@type":"ListItem","position":1,"name":"In\u00edcio","item":"https:\/\/cgodinho.com\/fr\/home-coffee\/"},{"@type":"ListItem","position":2,"name":"Produits","item":"https:\/\/cgodinho.com\/fr\/boutique\/"},{"@type":"ListItem","position":3,"name":"Banco c\/menino pensativo"}]},{"@type":"WebSite","@id":"https:\/\/cgodinho.com\/fr\/#website","url":"https:\/\/cgodinho.com\/fr\/","name":"CGodinho","description":"Carlos A S Godinho - Artefactos de Cimento","publisher":{"@id":"https:\/\/cgodinho.com\/fr\/#organization"},"potentialAction":[{"@type":"SearchAction","target":{"@type":"EntryPoint","urlTemplate":"https:\/\/cgodinho.com\/fr\/?s={search_term_string}"},"query-input":{"@type":"PropertyValueSpecification","valueRequired":true,"valueName":"search_term_string"}}],"inLanguage":"fr-FR"},{"@type":"Organization","@id":"https:\/\/cgodinho.com\/fr\/#organization","name":"CGodinho","url":"https:\/\/cgodinho.com\/fr\/","logo":{"@type":"ImageObject","inLanguage":"fr-FR","@id":"https:\/\/cgodinho.com\/fr\/#\/schema\/logo\/image\/","url":"https:\/\/cgodinho.com\/wp-content\/uploads\/2022\/05\/godinho_af_marca-s-desg_preto_marca-s-desg_preto.png","contentUrl":"https:\/\/cgodinho.com\/wp-content\/uploads\/2022\/05\/godinho_af_marca-s-desg_preto_marca-s-desg_preto.png","width":318,"height":62,"caption":"CGodinho"},"image":{"@id":"https:\/\/cgodinho.com\/fr\/#\/schema\/logo\/image\/"},"sameAs":["https:\/\/www.facebook.com\/fcgodinho","https:\/\/www.instagram.com\/godinho_garden_ornaments\/","https:\/\/www.youtube.com\/channel\/UCXPtmgo3us5bfmvAG8X1oQw?themeRefresh=1"]}]}},"_links":{"self":[{"href":"https:\/\/cgodinho.com\/fr\/wp-json\/wp\/v2\/product\/16203","targetHints":{"allow":["GET"]}}],"collection":[{"href":"https:\/\/cgodinho.com\/fr\/wp-json\/wp\/v2\/product"}],"about":[{"href":"https:\/\/cgodinho.com\/fr\/wp-json\/wp\/v2\/types\/product"}],"version-history":[{"count":1,"href":"https:\/\/cgodinho.com\/fr\/wp-json\/wp\/v2\/product\/16203\/revisions"}],"predecessor-version":[{"id":66329,"href":"https:\/\/cgodinho.com\/fr\/wp-json\/wp\/v2\/product\/16203\/revisions\/66329"}],"wp:featuredmedia":[{"embeddable":true,"href":"https:\/\/cgodinho.com\/fr\/wp-json\/wp\/v2\/media\/60449"}],"wp:attachment":[{"href":"https:\/\/cgodinho.com\/fr\/wp-json\/wp\/v2\/media?parent=16203"}],"wp:term":[{"taxonomy":"product_brand","embeddable":true,"href":"https:\/\/cgodinho.com\/fr\/wp-json\/wp\/v2\/product_brand?post=16203"},{"taxonomy":"product_cat","embeddable":true,"href":"https:\/\/cgodinho.com\/fr\/wp-json\/wp\/v2\/product_cat?post=16203"},{"taxonomy":"product_tag","embeddable":true,"href":"https:\/\/cgodinho.com\/fr\/wp-json\/wp\/v2\/product_tag?post=16203"}],"curies":[{"name":"wp","href":"https:\/\/api.w.org\/{rel}","templated":true}]}}