


{"id":64551,"date":"2023-07-25T14:01:58","date_gmt":"2023-07-25T14:01:58","guid":{"rendered":"https:\/\/cgodinho.com\/?post_type=product&#038;p=64551"},"modified":"2026-01-15T16:12:08","modified_gmt":"2026-01-15T16:12:08","slug":"vaso-oliver-taca-20","status":"publish","type":"product","link":"https:\/\/cgodinho.com\/fr\/produto\/vaso-oliver-taca-20\/","title":{"rendered":"Oliver Ta\u00e7a 20"},"content":{"rendered":"<div style=\"max-width: 100%;text-align: center\">\n<table style=\"width: 40%;margin: 0 auto;font-family: Montserrat, 'Helvetica Neue', Helvetica, Arial, sans-serif;font-size: 11px;text-align: center;border: none\">\n<thead>\n<tr>\n<th style=\"width: 25%;padding: 5px;text-align: center;border: none\"><img decoding=\"async\" style=\"max-width: 55px;height: auto;object-fit: contain;border: none\" src=\"https:\/\/cgodinho.com\/wp-content\/uploads\/2025\/06\/lqMENOS-PESO-VERDE-R75-G88-B72-web_lq.png\" alt=\"MENOS PESO\" \/><\/th>\n<th style=\"width: 25%;padding: 0px;text-align: center;border: none\"><img decoding=\"async\" style=\"max-width: 55px;height: auto;object-fit: contain;border: none\" src=\"https:\/\/cgodinho.com\/wp-content\/uploads\/2025\/06\/RESISTENCIA-A-GELO-VERDE-R75-G88-B72-web_lq.png\" alt=\"RESIST\u00caNCIA AO GELO\" \/><\/th>\n<th style=\"width: 25%;padding: 0px;text-align: center;border: none\"><img decoding=\"async\" style=\"max-width: 55px;height: auto;object-fit: contain\" src=\"https:\/\/cgodinho.com\/wp-content\/uploads\/2025\/06\/co2-web_lq.png\" alt=\"EMISS\u00d5ES DE CO2 MAIS BAIXAS\" \/><\/th>\n<th style=\"width: 25%;padding: 0px;text-align: center;border: none\"><img decoding=\"async\" style=\"max-width: 55px;height: auto;object-fit: contain\" src=\"https:\/\/cgodinho.com\/wp-content\/uploads\/2025\/06\/INTERIOR-E-EXTERIOR-VERDE-R75-G77-B72-web_lq.png\" alt=\"INTERIOR \/ EXTERIOR\" \/><\/th>\n<\/tr>\n<\/thead>\n<tbody>\n<tr>\n<td style=\"padding: 5px;text-align: center;border: none;vertical-align: top\">MENOS PESO<\/td>\n<td style=\"padding: 5px;text-align: center;border: none;vertical-align: top\">RESIST\u00caNCIA AO GELO<\/td>\n<td style=\"padding: 5px;text-align: center;border: none;vertical-align: top\">\n<div>EMISS\u00d5ES DE CO2 MAIS BAIXAS<\/div>\n<\/td>\n<td style=\"padding: 5px;text-align: center;border: none;vertical-align: top\">\n<div>INTERIOR \/ EXTERIOR<\/div>\n<\/td>\n<\/tr>\n<\/tbody>\n<\/table>\n<\/div>\n<div style=\"max-width: 100%;text-align: center;margin-top: 5px;margin-bottom: 5px;border: none\"><\/div>\n<div style=\"font-family: 'Montserrat', 'Helvetica Neue', Helvetica, Arial, sans-serif;font-size: 15px;color: #333;line-height: 1.6\">\n<h2 style=\"font-size: 24px;font-weight: bold;margin-bottom: 5px\">COLE\u00c7\u00c3O OLIVER <\/h2>\n<p style=\"font-size: 16px;margin-top: 0;font-style: italic\">Concrete Design by Godinho<\/p>\n<p>A cole\u00e7\u00e3o <strong>Oliver<\/strong> apresenta um design <strong>minimalista e elegante<\/strong>, com linhas simples que conferem personalidade a qualquer espa\u00e7o. Fabricada em <strong>cimento de alta resist\u00eancia<\/strong>, \u00e9 ideal para uso <strong>interior e exterior<\/strong>, mantendo a est\u00e9tica e a durabilidade mesmo sob condi\u00e7\u00f5es adversas.<\/p>\n<h3>Detalhes do Produto<\/h3>\n<ul>\n<li><strong>Pa\u00eds de origem:<\/strong> Portugal<\/li>\n<li><strong>N\u00famero de itens por refer\u00eancia:<\/strong> 1<\/li>\n<li><strong>Estilo:<\/strong> Minimalista<\/li>\n<li><strong>Esta\u00e7\u00e3o:<\/strong> Intemporal<\/li>\n<li><strong>Utiliza\u00e7\u00e3o:<\/strong> Interior e exterior (recomenda-se fura\u00e7\u00e3o de drenagem inferior)<\/li>\n<\/ul>\n<h3>Materiais<\/h3>\n<ul>\n<li><strong>Material principal:<\/strong> Cimento HRC (High Resistant Concrete)<\/li>\n<li><strong>Composi\u00e7\u00e3o:<\/strong> 100% cimento refor\u00e7ado com fibras<\/li>\n<li><strong>Acabamento:<\/strong> Liso<\/li>\n<li><strong>Impermeabilizado:<\/strong> Sim<\/li>\n<li><strong>Fabricado com materiais naturais:<\/strong> 50%<\/li>\n<li><strong>Embalagem:<\/strong> 95% Cart\u00e3o-Papel \/ 5% Poliestireno (PS), com certifica\u00e7\u00e3o de gest\u00e3o florestal respons\u00e1vel<\/li>\n<\/ul>\n<h3>Instru\u00e7\u00f5es de Desembalagem<\/h3>\n<ul>\n<li>Abrir com cuidado (evitar objetos cortantes agressivos)<\/li>\n<li>Manter a embalagem por alguns dias em caso de devolu\u00e7\u00e3o<\/li>\n<li>Colocar a embalagem nos ecopontos apropriados (papel\/cart\u00e3o e pl\u00e1stico)<\/li>\n<\/ul>\n<h3>Instala\u00e7\u00e3o e Montagem<\/h3>\n<ul>\n<li>Aplicar manta geot\u00eaxtil no fundo do vaso<\/li>\n<li>Adicionar argila expandida para melhor drenagem<\/li>\n<li>Vasos com mais de 100L devem ser enchidos na capacidade total<\/li>\n<li>Para drenagem ideal, instalar tela pitonada perfurada nas laterais e fundo<\/li>\n<\/ul>\n<h3>Manuten\u00e7\u00e3o e Cuidados<\/h3>\n<ul>\n<li>Aplicar pintura de base asf\u00e1ltica no interior em contacto com o substrato<\/li>\n<li>Aplicar verniz de base aquosa a cada 7 a 10 anos<\/li>\n<li>Evitar produtos abrasivos (acetonas, lix\u00edvias, dissolventes)<\/li>\n<li>Em zonas de neve\/geadas, garantir aus\u00eancia de \u00e1gua acumulada<\/li>\n<\/ul>\n<h3>Varia\u00e7\u00f5es Naturais<\/h3>\n<p>Podem ocorrer varia\u00e7\u00f5es de cor e tonalidade. As condi\u00e7\u00f5es de luz e ambiente podem alterar a percep\u00e7\u00e3o visual da cor.<\/p>\n<h3>Informa\u00e7\u00f5es Adicionais<\/h3>\n<ul>\n<li style=\"list-style-type: none\">\n<ul>\n<li>Resistente \u00e0 \u00e1gua<\/li>\n<li>Resistente a geadas<\/li>\n<li><strong>N\u00famero de embalagens:<\/strong> 1<\/li>\n<li><strong>Produtos por palete:<\/strong> 30<\/li>\n<\/ul>\n<\/li>\n<\/ul>\n<\/div>\n","protected":false},"excerpt":{"rendered":"<table style=\"width: 70%;border-collapse: collapse;text-align: center;font-family: 'Montserrat', 'Helvetica Neue', Helvetica, Arial, sans-serif;font-size: 13px\">\n<thead>\n<tr>\n<th style=\"border: 1px solid #ddd;padding: 5px;height: 25px\"><img decoding=\"async\" class=\"aligncenter\" style=\"width: 30px;height: 30px;object-fit: contain;margin: 0 auto\" src=\"https:\/\/cgodinho.com\/wp-content\/uploads\/2025\/06\/comprmento.png\" alt=\"Comprimento\" \/><\/th>\n<th style=\"border: 1px solid #ddd;padding: 5px;height: 25px\"><img decoding=\"async\" class=\"aligncenter\" style=\"width: 30px;height: 30px;object-fit: contain;margin: 0 auto\" src=\"https:\/\/cgodinho.com\/wp-content\/uploads\/2025\/06\/largura.png\" alt=\"Largura\" \/><\/th>\n<th style=\"border: 1px solid #ddd;padding: 5px;height: 25px\"><img decoding=\"async\" class=\"aligncenter\" style=\"width: 30px;height: 30px;object-fit: contain;margin: 0 auto\" src=\"https:\/\/cgodinho.com\/wp-content\/uploads\/2025\/06\/altura.png\" alt=\"Altura\" \/><\/th>\n<th style=\"border: 1px solid #ddd;padding: 5px;height: 25px\"><img decoding=\"async\" class=\"aligncenter\" style=\"width: 35px;height: 30px;object-fit: contain;margin: 0 auto\" src=\"https:\/\/cgodinho.com\/wp-content\/uploads\/2025\/06\/gota.png\" alt=\"Capacidade\" \/><\/th>\n<th style=\"border: 1px solid #ddd;padding: 5px;height: 25px\"><img decoding=\"async\" class=\"aligncenter\" style=\"width: 30px;height: 30px;object-fit: contain;margin: 0 auto\" src=\"https:\/\/cgodinho.com\/wp-content\/uploads\/2025\/06\/KG.png\" alt=\"Peso\" \/><\/th>\n<\/tr>\n<\/thead>\n<tbody>\n<tr>\n<td style=\"border: 1px solid #ddd;padding: 10px;text-align: center\">39\u00a0CM<\/td>\n<td style=\"border: 1px solid #ddd;padding: 10px;text-align: center\">39\u00a0CM<\/td>\n<td style=\"border: 1px solid #ddd;padding: 10px;text-align: center\">20\u00a0CM<\/td>\n<td style=\"border: 1px solid #ddd;padding: 10px;text-align: center\">17\u00a0L<\/td>\n<td style=\"border: 1px solid #ddd;padding: 10px;text-align: center\">6\u00a0KG<\/td>\n<\/tr>\n<\/tbody>\n<\/table>\n<p> <a style=\"font-family: 'Montserrat', 'Helvetica Neue', Helvetica, Arial, sans-serif;font-size: 15px;color: #4b5848;text-align: left\" href=\"https:\/\/1drv.ms\/b\/c\/c6ffa8170969f136\/ES9pnNJ4cv5Hl_J-zFYDQTsBKf163rxhUoNEEyqNo2jGKg?e=Sn6BDb\" target=\"_blank\" rel=\"noopener\"><strong>DOWNLOAD DA FICHA T\u00c9CNICA<\/strong><\/a><\/p>\n","protected":false},"featured_media":76010,"template":"","meta":{"_acf_changed":false},"product_brand":[602],"product_cat":[154,392,155],"product_tag":[],"class_list":{"0":"post-64551","1":"product","2":"type-product","3":"status-publish","4":"has-post-thumbnail","6":"product_brand-godinho","7":"product_cat-cimento-design","8":"product_cat-taca-oliver","9":"product_cat-vasos-floreiras-cimento-design","10":"pa_color-30-natural-antracite","11":"pa_color-01-branco-natural","12":"pa_color-31-castanho","13":"pa_color-34-castanho-taupe","14":"pa_color-00-cimento-natural","15":"pa_color-32-khaki","16":"pa_color-33-salmao","17":"pa_color-35-verde-seco","19":"first","20":"instock","21":"shipping-taxable","22":"product-type-variable"},"acf":[],"yoast_head":"<!-- This site is optimized with the Yoast SEO plugin v27.1.1 - https:\/\/yoast.com\/product\/yoast-seo-wordpress\/ -->\n<title>Oliver Ta\u00e7a 20 - CGodinho<\/title>\n<meta name=\"description\" content=\"CGodinho Oliver Ta\u00e7a 20 \u00e9 produzido com excelente qualidade.\" \/>\n<meta name=\"robots\" content=\"index, follow, max-snippet:-1, max-image-preview:large, max-video-preview:-1\" \/>\n<link rel=\"canonical\" href=\"https:\/\/cgodinho.com\/fr\/produto\/vaso-oliver-taca-20\/\" \/>\n<meta property=\"og:locale\" content=\"fr_FR\" \/>\n<meta property=\"og:type\" content=\"article\" \/>\n<meta property=\"og:title\" content=\"Oliver Ta\u00e7a 20 - CGodinho\" \/>\n<meta property=\"og:description\" content=\"CGodinho Oliver Ta\u00e7a 20 \u00e9 produzido com excelente qualidade.\" \/>\n<meta property=\"og:url\" content=\"https:\/\/cgodinho.com\/fr\/produto\/vaso-oliver-taca-20\/\" \/>\n<meta property=\"og:site_name\" content=\"CGodinho\" \/>\n<meta property=\"article:publisher\" content=\"https:\/\/www.facebook.com\/fcgodinho\" \/>\n<meta property=\"article:modified_time\" content=\"2026-01-15T16:12:08+00:00\" \/>\n<meta property=\"og:image\" content=\"https:\/\/cgodinho.com\/wp-content\/uploads\/2023\/07\/D1312T-OLIVER-TACA-20-CIMENTO-NATURAL-GODINHO-CONCRETE-DESIGN.png\" \/>\n\t<meta property=\"og:image:width\" content=\"984\" \/>\n\t<meta property=\"og:image:height\" content=\"768\" \/>\n\t<meta property=\"og:image:type\" content=\"image\/png\" \/>\n<meta name=\"twitter:card\" content=\"summary_large_image\" \/>\n<meta name=\"twitter:label1\" content=\"Dur\u00e9e de lecture estim\u00e9e\" \/>\n\t<meta name=\"twitter:data1\" content=\"3 minutes\" \/>\n<script type=\"application\/ld+json\" class=\"yoast-schema-graph\">{\"@context\":\"https:\/\/schema.org\",\"@graph\":[{\"@type\":\"WebPage\",\"@id\":\"https:\/\/cgodinho.com\/fr\/produto\/vaso-oliver-taca-20\/\",\"url\":\"https:\/\/cgodinho.com\/fr\/produto\/vaso-oliver-taca-20\/\",\"name\":\"Oliver Ta\u00e7a 20 - CGodinho\",\"isPartOf\":{\"@id\":\"https:\/\/cgodinho.com\/fr\/#website\"},\"primaryImageOfPage\":{\"@id\":\"https:\/\/cgodinho.com\/fr\/produto\/vaso-oliver-taca-20\/#primaryimage\"},\"image\":{\"@id\":\"https:\/\/cgodinho.com\/fr\/produto\/vaso-oliver-taca-20\/#primaryimage\"},\"thumbnailUrl\":\"https:\/\/cgodinho.com\/wp-content\/uploads\/2023\/07\/D1312T-OLIVER-TACA-20-CIMENTO-NATURAL-GODINHO-CONCRETE-DESIGN.png\",\"datePublished\":\"2023-07-25T14:01:58+00:00\",\"dateModified\":\"2026-01-15T16:12:08+00:00\",\"description\":\"CGodinho Oliver Ta\u00e7a 20 \u00e9 produzido com excelente qualidade.\",\"breadcrumb\":{\"@id\":\"https:\/\/cgodinho.com\/fr\/produto\/vaso-oliver-taca-20\/#breadcrumb\"},\"inLanguage\":\"fr-FR\",\"potentialAction\":[{\"@type\":\"ReadAction\",\"target\":[\"https:\/\/cgodinho.com\/fr\/produto\/vaso-oliver-taca-20\/\"]}]},{\"@type\":\"ImageObject\",\"inLanguage\":\"fr-FR\",\"@id\":\"https:\/\/cgodinho.com\/fr\/produto\/vaso-oliver-taca-20\/#primaryimage\",\"url\":\"https:\/\/cgodinho.com\/wp-content\/uploads\/2023\/07\/D1312T-OLIVER-TACA-20-CIMENTO-NATURAL-GODINHO-CONCRETE-DESIGN.png\",\"contentUrl\":\"https:\/\/cgodinho.com\/wp-content\/uploads\/2023\/07\/D1312T-OLIVER-TACA-20-CIMENTO-NATURAL-GODINHO-CONCRETE-DESIGN.png\",\"width\":984,\"height\":768},{\"@type\":\"BreadcrumbList\",\"@id\":\"https:\/\/cgodinho.com\/fr\/produto\/vaso-oliver-taca-20\/#breadcrumb\",\"itemListElement\":[{\"@type\":\"ListItem\",\"position\":1,\"name\":\"In\u00edcio\",\"item\":\"https:\/\/cgodinho.com\/fr\/home-coffee\/\"},{\"@type\":\"ListItem\",\"position\":2,\"name\":\"Produits\",\"item\":\"https:\/\/cgodinho.com\/fr\/boutique\/\"},{\"@type\":\"ListItem\",\"position\":3,\"name\":\"Oliver Ta\u00e7a 20\"}]},{\"@type\":\"WebSite\",\"@id\":\"https:\/\/cgodinho.com\/fr\/#website\",\"url\":\"https:\/\/cgodinho.com\/fr\/\",\"name\":\"CGodinho\",\"description\":\"Carlos A S Godinho - Artefactos de Cimento\",\"publisher\":{\"@id\":\"https:\/\/cgodinho.com\/fr\/#organization\"},\"potentialAction\":[{\"@type\":\"SearchAction\",\"target\":{\"@type\":\"EntryPoint\",\"urlTemplate\":\"https:\/\/cgodinho.com\/fr\/?s={search_term_string}\"},\"query-input\":{\"@type\":\"PropertyValueSpecification\",\"valueRequired\":true,\"valueName\":\"search_term_string\"}}],\"inLanguage\":\"fr-FR\"},{\"@type\":\"Organization\",\"@id\":\"https:\/\/cgodinho.com\/fr\/#organization\",\"name\":\"CGodinho\",\"url\":\"https:\/\/cgodinho.com\/fr\/\",\"logo\":{\"@type\":\"ImageObject\",\"inLanguage\":\"fr-FR\",\"@id\":\"https:\/\/cgodinho.com\/fr\/#\/schema\/logo\/image\/\",\"url\":\"https:\/\/cgodinho.com\/wp-content\/uploads\/2022\/05\/godinho_af_marca-s-desg_preto_marca-s-desg_preto.png\",\"contentUrl\":\"https:\/\/cgodinho.com\/wp-content\/uploads\/2022\/05\/godinho_af_marca-s-desg_preto_marca-s-desg_preto.png\",\"width\":318,\"height\":62,\"caption\":\"CGodinho\"},\"image\":{\"@id\":\"https:\/\/cgodinho.com\/fr\/#\/schema\/logo\/image\/\"},\"sameAs\":[\"https:\/\/www.facebook.com\/fcgodinho\",\"https:\/\/www.instagram.com\/godinho_garden_ornaments\/\",\"https:\/\/www.youtube.com\/channel\/UCXPtmgo3us5bfmvAG8X1oQw?themeRefresh=1\"]}]}<\/script>\n<!-- \/ Yoast SEO plugin. -->","yoast_head_json":{"title":"Oliver Ta\u00e7a 20 - CGodinho","description":"CGodinho Oliver Ta\u00e7a 20 \u00e9 produzido com excelente qualidade.","robots":{"index":"index","follow":"follow","max-snippet":"max-snippet:-1","max-image-preview":"max-image-preview:large","max-video-preview":"max-video-preview:-1"},"canonical":"https:\/\/cgodinho.com\/fr\/produto\/vaso-oliver-taca-20\/","og_locale":"fr_FR","og_type":"article","og_title":"Oliver Ta\u00e7a 20 - CGodinho","og_description":"CGodinho Oliver Ta\u00e7a 20 \u00e9 produzido com excelente qualidade.","og_url":"https:\/\/cgodinho.com\/fr\/produto\/vaso-oliver-taca-20\/","og_site_name":"CGodinho","article_publisher":"https:\/\/www.facebook.com\/fcgodinho","article_modified_time":"2026-01-15T16:12:08+00:00","og_image":[{"width":984,"height":768,"url":"https:\/\/cgodinho.com\/wp-content\/uploads\/2023\/07\/D1312T-OLIVER-TACA-20-CIMENTO-NATURAL-GODINHO-CONCRETE-DESIGN.png","type":"image\/png"}],"twitter_card":"summary_large_image","twitter_misc":{"Dur\u00e9e de lecture estim\u00e9e":"3 minutes"},"schema":{"@context":"https:\/\/schema.org","@graph":[{"@type":"WebPage","@id":"https:\/\/cgodinho.com\/fr\/produto\/vaso-oliver-taca-20\/","url":"https:\/\/cgodinho.com\/fr\/produto\/vaso-oliver-taca-20\/","name":"Oliver Ta\u00e7a 20 - CGodinho","isPartOf":{"@id":"https:\/\/cgodinho.com\/fr\/#website"},"primaryImageOfPage":{"@id":"https:\/\/cgodinho.com\/fr\/produto\/vaso-oliver-taca-20\/#primaryimage"},"image":{"@id":"https:\/\/cgodinho.com\/fr\/produto\/vaso-oliver-taca-20\/#primaryimage"},"thumbnailUrl":"https:\/\/cgodinho.com\/wp-content\/uploads\/2023\/07\/D1312T-OLIVER-TACA-20-CIMENTO-NATURAL-GODINHO-CONCRETE-DESIGN.png","datePublished":"2023-07-25T14:01:58+00:00","dateModified":"2026-01-15T16:12:08+00:00","description":"CGodinho Oliver Ta\u00e7a 20 \u00e9 produzido com excelente qualidade.","breadcrumb":{"@id":"https:\/\/cgodinho.com\/fr\/produto\/vaso-oliver-taca-20\/#breadcrumb"},"inLanguage":"fr-FR","potentialAction":[{"@type":"ReadAction","target":["https:\/\/cgodinho.com\/fr\/produto\/vaso-oliver-taca-20\/"]}]},{"@type":"ImageObject","inLanguage":"fr-FR","@id":"https:\/\/cgodinho.com\/fr\/produto\/vaso-oliver-taca-20\/#primaryimage","url":"https:\/\/cgodinho.com\/wp-content\/uploads\/2023\/07\/D1312T-OLIVER-TACA-20-CIMENTO-NATURAL-GODINHO-CONCRETE-DESIGN.png","contentUrl":"https:\/\/cgodinho.com\/wp-content\/uploads\/2023\/07\/D1312T-OLIVER-TACA-20-CIMENTO-NATURAL-GODINHO-CONCRETE-DESIGN.png","width":984,"height":768},{"@type":"BreadcrumbList","@id":"https:\/\/cgodinho.com\/fr\/produto\/vaso-oliver-taca-20\/#breadcrumb","itemListElement":[{"@type":"ListItem","position":1,"name":"In\u00edcio","item":"https:\/\/cgodinho.com\/fr\/home-coffee\/"},{"@type":"ListItem","position":2,"name":"Produits","item":"https:\/\/cgodinho.com\/fr\/boutique\/"},{"@type":"ListItem","position":3,"name":"Oliver Ta\u00e7a 20"}]},{"@type":"WebSite","@id":"https:\/\/cgodinho.com\/fr\/#website","url":"https:\/\/cgodinho.com\/fr\/","name":"CGodinho","description":"Carlos A S Godinho - Artefactos de Cimento","publisher":{"@id":"https:\/\/cgodinho.com\/fr\/#organization"},"potentialAction":[{"@type":"SearchAction","target":{"@type":"EntryPoint","urlTemplate":"https:\/\/cgodinho.com\/fr\/?s={search_term_string}"},"query-input":{"@type":"PropertyValueSpecification","valueRequired":true,"valueName":"search_term_string"}}],"inLanguage":"fr-FR"},{"@type":"Organization","@id":"https:\/\/cgodinho.com\/fr\/#organization","name":"CGodinho","url":"https:\/\/cgodinho.com\/fr\/","logo":{"@type":"ImageObject","inLanguage":"fr-FR","@id":"https:\/\/cgodinho.com\/fr\/#\/schema\/logo\/image\/","url":"https:\/\/cgodinho.com\/wp-content\/uploads\/2022\/05\/godinho_af_marca-s-desg_preto_marca-s-desg_preto.png","contentUrl":"https:\/\/cgodinho.com\/wp-content\/uploads\/2022\/05\/godinho_af_marca-s-desg_preto_marca-s-desg_preto.png","width":318,"height":62,"caption":"CGodinho"},"image":{"@id":"https:\/\/cgodinho.com\/fr\/#\/schema\/logo\/image\/"},"sameAs":["https:\/\/www.facebook.com\/fcgodinho","https:\/\/www.instagram.com\/godinho_garden_ornaments\/","https:\/\/www.youtube.com\/channel\/UCXPtmgo3us5bfmvAG8X1oQw?themeRefresh=1"]}]}},"_links":{"self":[{"href":"https:\/\/cgodinho.com\/fr\/wp-json\/wp\/v2\/product\/64551","targetHints":{"allow":["GET"]}}],"collection":[{"href":"https:\/\/cgodinho.com\/fr\/wp-json\/wp\/v2\/product"}],"about":[{"href":"https:\/\/cgodinho.com\/fr\/wp-json\/wp\/v2\/types\/product"}],"version-history":[{"count":3,"href":"https:\/\/cgodinho.com\/fr\/wp-json\/wp\/v2\/product\/64551\/revisions"}],"predecessor-version":[{"id":76717,"href":"https:\/\/cgodinho.com\/fr\/wp-json\/wp\/v2\/product\/64551\/revisions\/76717"}],"wp:featuredmedia":[{"embeddable":true,"href":"https:\/\/cgodinho.com\/fr\/wp-json\/wp\/v2\/media\/76010"}],"wp:attachment":[{"href":"https:\/\/cgodinho.com\/fr\/wp-json\/wp\/v2\/media?parent=64551"}],"wp:term":[{"taxonomy":"product_brand","embeddable":true,"href":"https:\/\/cgodinho.com\/fr\/wp-json\/wp\/v2\/product_brand?post=64551"},{"taxonomy":"product_cat","embeddable":true,"href":"https:\/\/cgodinho.com\/fr\/wp-json\/wp\/v2\/product_cat?post=64551"},{"taxonomy":"product_tag","embeddable":true,"href":"https:\/\/cgodinho.com\/fr\/wp-json\/wp\/v2\/product_tag?post=64551"}],"curies":[{"name":"wp","href":"https:\/\/api.w.org\/{rel}","templated":true}]}}