


{"id":72967,"date":"2022-12-19T19:10:55","date_gmt":"2022-12-19T19:10:55","guid":{"rendered":"https:\/\/cgodinho.com\/produto\/fontaine-geante-3-vasques-avec-gicleur\/"},"modified":"2022-12-19T19:10:55","modified_gmt":"2022-12-19T19:10:55","slug":"fontaine-geante-3-vasques-avec-gicleur","status":"publish","type":"product","link":"https:\/\/cgodinho.com\/fr\/produto\/fontaine-geante-3-vasques-avec-gicleur\/","title":{"rendered":"Fontaine g\u00e9ante 3 vasques avec gicleur"},"content":{"rendered":"<p><img decoding=\"async\" class=\"size-medium wp-image-71584\" src=\"https:\/\/cgodinho.com\/wp-content\/uploads\/2022\/12\/FONTES-1-400x89.png\" alt=\"FONTAINES ORNEMENTALES DE JARDIN GODINHO\" width=\"350\" height=\"89\"><\/p>\n<p><span style=\"font-family: Montserrat;font-size: 15px\">Fontaine g\u00e9ante 3 vasques avec gicleur<\/span><\/p>\n<table style=\"width: 30%;border-collapse: collapse;text-align: center;font-family: Montserrat;font-size: 15px\">\n<thead>\n<tr>\n<th style=\"border: 1px solid #ddd;padding: 5px;text-align: center\"><img decoding=\"async\" src=\"https:\/\/cgodinho.com\/wp-content\/uploads\/2025\/03\/vaso_comprimento.png\" alt=\"Diam\u00e8tre\" width=\"30\"><\/th>\n<th style=\"border: 1px solid #ddd;padding: 5px;text-align: center\"><img decoding=\"async\" src=\"https:\/\/cgodinho.com\/wp-content\/uploads\/2025\/03\/vaso_quadrado_altura.png\" alt=\"Hauteur\" width=\"30\"><\/th>\n<th style=\"border: 1px solid #ddd;padding: 5px;text-align: center\"><img decoding=\"async\" src=\"https:\/\/cgodinho.com\/wp-content\/uploads\/2025\/03\/KG.png\" alt=\"Largeur\" width=\"30\"><\/th>\n<\/tr>\n<\/thead>\n<tbody>\n<tr>\n<td style=\"border: 1px solid #dddddd;padding: 10px;text-align: center\">160 CM<\/td>\n<td style=\"border: 1px solid #dddddd;padding: 10px;text-align: center\">300 CM<\/td>\n<td style=\"border: 1px solid #dddddd;padding: 10px;text-align: center\">2120 KG<\/td>\n<\/tr>\n<\/tbody>\n<\/table>\n<p><span style=\"font-family: Montserrat;font-size: 15px\"><strong> Informations sur le produit:<\/strong> <\/span><\/p>\n<p><span style=\"font-family: Montserrat;font-size: 15px\">Origine : Portugal.<\/span><\/p>\n<p><span style=\"font-family: Montserrat;font-size: 15px\">Mat\u00e9riau : Pierre artificielle.<\/span><\/p>\n<p><span style=\"font-family: Montserrat;font-size: 15px\">Usage : Id\u00e9al pour les environnements ext\u00e9rieurs.<\/span><\/p>\n<p><span style=\"font-family: Montserrat;font-size: 15px\">Durabilit\u00e9 : R\u00e9sistant et adaptable \u00e0 tous les climats.<\/span><\/p>\n<p><span style=\"font-family: Montserrat;font-size: 15px\">Entretien :<\/p>\n<p>&#8211; Appliquez un vernis incolore pour pr\u00e9server les caract\u00e9ristiques initiales et pr\u00e9venir l&rsquo;apparition de moisissures et de taches.<\/p>\n<p>&#8211; Nettoyez avec un chiffon doux et un d\u00e9tergent neutre.<\/span><\/p>\n","protected":false},"excerpt":{"rendered":"<p><span style=\"font-family: Montserrat;font-size: 15px\">Fontaine en pierre artificielle pour usage ext\u00e9rieur.<\/span><\/p>\n","protected":false},"featured_media":72564,"template":"","meta":{"_acf_changed":false},"product_brand":[],"product_cat":[587,585,499],"product_tag":[],"class_list":{"0":"post-72967","1":"product","2":"type-product","3":"status-publish","4":"has-post-thumbnail","6":"product_cat-centre","7":"product_cat-fontaines","8":"product_cat-ornements-de-jardin","9":"pa_color-anticato-fr","10":"pa_color-argent-noir","11":"pa_color-base-noir","12":"pa_color-blanc-natural","13":"pa_color-blanc-satine","14":"pa_color-brique","15":"pa_color-charbon","16":"pa_color-noir-dore","17":"pa_color-oxyde","18":"pa_color-salat-fr","19":"pa_color-terre","20":"pa_color-vert-cactus","21":"pa_color-vieux-blanc","23":"first","24":"instock","25":"shipping-taxable","26":"product-type-variable"},"acf":[],"yoast_head":"<!-- This site is optimized with the Yoast SEO plugin v27.5 - https:\/\/yoast.com\/product\/yoast-seo-wordpress\/ -->\n<title>Fontaine g\u00e9ante 3 vasques avec gicleur - CGodinho<\/title>\n<meta name=\"description\" content=\"CGodinho Fontaine g\u00e9ante 3 vasques avec gicleur \u00e9 produzido com excelente qualidade.\" \/>\n<meta name=\"robots\" content=\"index, follow, max-snippet:-1, max-image-preview:large, max-video-preview:-1\" \/>\n<link rel=\"canonical\" href=\"https:\/\/cgodinho.com\/fr\/produto\/fontaine-geante-3-vasques-avec-gicleur\/\" \/>\n<meta property=\"og:locale\" content=\"fr_FR\" \/>\n<meta property=\"og:type\" content=\"article\" \/>\n<meta property=\"og:title\" content=\"Fontaine g\u00e9ante 3 vasques avec gicleur - CGodinho\" \/>\n<meta property=\"og:description\" content=\"CGodinho Fontaine g\u00e9ante 3 vasques avec gicleur \u00e9 produzido com excelente qualidade.\" \/>\n<meta property=\"og:url\" content=\"https:\/\/cgodinho.com\/fr\/produto\/fontaine-geante-3-vasques-avec-gicleur\/\" \/>\n<meta property=\"og:site_name\" content=\"CGodinho\" \/>\n<meta property=\"article:publisher\" content=\"https:\/\/www.facebook.com\/fcgodinho\" \/>\n<meta property=\"og:image\" content=\"https:\/\/cgodinho.com\/wp-content\/uploads\/2022\/12\/0001_FONTE_JARDIM_GODINHO_BRANCOvelho.png\" \/>\n\t<meta property=\"og:image:width\" content=\"1187\" \/>\n\t<meta property=\"og:image:height\" content=\"1037\" \/>\n\t<meta property=\"og:image:type\" content=\"image\/png\" \/>\n<meta name=\"twitter:card\" content=\"summary_large_image\" \/>\n<script type=\"application\/ld+json\" class=\"yoast-schema-graph\">{\"@context\":\"https:\\\/\\\/schema.org\",\"@graph\":[{\"@type\":\"WebPage\",\"@id\":\"https:\\\/\\\/cgodinho.com\\\/fr\\\/produto\\\/fontaine-geante-3-vasques-avec-gicleur\\\/\",\"url\":\"https:\\\/\\\/cgodinho.com\\\/fr\\\/produto\\\/fontaine-geante-3-vasques-avec-gicleur\\\/\",\"name\":\"Fontaine g\u00e9ante 3 vasques avec gicleur - CGodinho\",\"isPartOf\":{\"@id\":\"https:\\\/\\\/cgodinho.com\\\/fr\\\/#website\"},\"primaryImageOfPage\":{\"@id\":\"https:\\\/\\\/cgodinho.com\\\/fr\\\/produto\\\/fontaine-geante-3-vasques-avec-gicleur\\\/#primaryimage\"},\"image\":{\"@id\":\"https:\\\/\\\/cgodinho.com\\\/fr\\\/produto\\\/fontaine-geante-3-vasques-avec-gicleur\\\/#primaryimage\"},\"thumbnailUrl\":\"https:\\\/\\\/cgodinho.com\\\/wp-content\\\/uploads\\\/2022\\\/12\\\/0001_FONTE_JARDIM_GODINHO_BRANCOvelho.png\",\"datePublished\":\"2022-12-19T19:10:55+00:00\",\"description\":\"CGodinho Fontaine g\u00e9ante 3 vasques avec gicleur \u00e9 produzido com excelente qualidade.\",\"breadcrumb\":{\"@id\":\"https:\\\/\\\/cgodinho.com\\\/fr\\\/produto\\\/fontaine-geante-3-vasques-avec-gicleur\\\/#breadcrumb\"},\"inLanguage\":\"fr-FR\",\"potentialAction\":[{\"@type\":\"ReadAction\",\"target\":[\"https:\\\/\\\/cgodinho.com\\\/fr\\\/produto\\\/fontaine-geante-3-vasques-avec-gicleur\\\/\"]}]},{\"@type\":\"ImageObject\",\"inLanguage\":\"fr-FR\",\"@id\":\"https:\\\/\\\/cgodinho.com\\\/fr\\\/produto\\\/fontaine-geante-3-vasques-avec-gicleur\\\/#primaryimage\",\"url\":\"https:\\\/\\\/cgodinho.com\\\/wp-content\\\/uploads\\\/2022\\\/12\\\/0001_FONTE_JARDIM_GODINHO_BRANCOvelho.png\",\"contentUrl\":\"https:\\\/\\\/cgodinho.com\\\/wp-content\\\/uploads\\\/2022\\\/12\\\/0001_FONTE_JARDIM_GODINHO_BRANCOvelho.png\",\"width\":1187,\"height\":1037},{\"@type\":\"BreadcrumbList\",\"@id\":\"https:\\\/\\\/cgodinho.com\\\/fr\\\/produto\\\/fontaine-geante-3-vasques-avec-gicleur\\\/#breadcrumb\",\"itemListElement\":[{\"@type\":\"ListItem\",\"position\":1,\"name\":\"In\u00edcio\",\"item\":\"https:\\\/\\\/cgodinho.com\\\/fr\\\/home-coffee\\\/\"},{\"@type\":\"ListItem\",\"position\":2,\"name\":\"Produits\",\"item\":\"https:\\\/\\\/cgodinho.com\\\/fr\\\/boutique\\\/\"},{\"@type\":\"ListItem\",\"position\":3,\"name\":\"Fontaine g\u00e9ante 3 vasques avec gicleur\"}]},{\"@type\":\"WebSite\",\"@id\":\"https:\\\/\\\/cgodinho.com\\\/fr\\\/#website\",\"url\":\"https:\\\/\\\/cgodinho.com\\\/fr\\\/\",\"name\":\"CGodinho\",\"description\":\"Carlos A S Godinho - Artefactos de Cimento\",\"publisher\":{\"@id\":\"https:\\\/\\\/cgodinho.com\\\/fr\\\/#organization\"},\"potentialAction\":[{\"@type\":\"SearchAction\",\"target\":{\"@type\":\"EntryPoint\",\"urlTemplate\":\"https:\\\/\\\/cgodinho.com\\\/fr\\\/?s={search_term_string}\"},\"query-input\":{\"@type\":\"PropertyValueSpecification\",\"valueRequired\":true,\"valueName\":\"search_term_string\"}}],\"inLanguage\":\"fr-FR\"},{\"@type\":\"Organization\",\"@id\":\"https:\\\/\\\/cgodinho.com\\\/fr\\\/#organization\",\"name\":\"CGodinho\",\"url\":\"https:\\\/\\\/cgodinho.com\\\/fr\\\/\",\"logo\":{\"@type\":\"ImageObject\",\"inLanguage\":\"fr-FR\",\"@id\":\"https:\\\/\\\/cgodinho.com\\\/fr\\\/#\\\/schema\\\/logo\\\/image\\\/\",\"url\":\"https:\\\/\\\/cgodinho.com\\\/wp-content\\\/uploads\\\/2022\\\/05\\\/godinho_af_marca-s-desg_preto_marca-s-desg_preto.png\",\"contentUrl\":\"https:\\\/\\\/cgodinho.com\\\/wp-content\\\/uploads\\\/2022\\\/05\\\/godinho_af_marca-s-desg_preto_marca-s-desg_preto.png\",\"width\":318,\"height\":62,\"caption\":\"CGodinho\"},\"image\":{\"@id\":\"https:\\\/\\\/cgodinho.com\\\/fr\\\/#\\\/schema\\\/logo\\\/image\\\/\"},\"sameAs\":[\"https:\\\/\\\/www.facebook.com\\\/fcgodinho\",\"https:\\\/\\\/www.instagram.com\\\/godinho_garden_ornaments\\\/\",\"https:\\\/\\\/www.youtube.com\\\/channel\\\/UCXPtmgo3us5bfmvAG8X1oQw?themeRefresh=1\"]}]}<\/script>\n<!-- \/ Yoast SEO plugin. -->","yoast_head_json":{"title":"Fontaine g\u00e9ante 3 vasques avec gicleur - CGodinho","description":"CGodinho Fontaine g\u00e9ante 3 vasques avec gicleur \u00e9 produzido com excelente qualidade.","robots":{"index":"index","follow":"follow","max-snippet":"max-snippet:-1","max-image-preview":"max-image-preview:large","max-video-preview":"max-video-preview:-1"},"canonical":"https:\/\/cgodinho.com\/fr\/produto\/fontaine-geante-3-vasques-avec-gicleur\/","og_locale":"fr_FR","og_type":"article","og_title":"Fontaine g\u00e9ante 3 vasques avec gicleur - CGodinho","og_description":"CGodinho Fontaine g\u00e9ante 3 vasques avec gicleur \u00e9 produzido com excelente qualidade.","og_url":"https:\/\/cgodinho.com\/fr\/produto\/fontaine-geante-3-vasques-avec-gicleur\/","og_site_name":"CGodinho","article_publisher":"https:\/\/www.facebook.com\/fcgodinho","og_image":[{"width":1187,"height":1037,"url":"https:\/\/cgodinho.com\/wp-content\/uploads\/2022\/12\/0001_FONTE_JARDIM_GODINHO_BRANCOvelho.png","type":"image\/png"}],"twitter_card":"summary_large_image","schema":{"@context":"https:\/\/schema.org","@graph":[{"@type":"WebPage","@id":"https:\/\/cgodinho.com\/fr\/produto\/fontaine-geante-3-vasques-avec-gicleur\/","url":"https:\/\/cgodinho.com\/fr\/produto\/fontaine-geante-3-vasques-avec-gicleur\/","name":"Fontaine g\u00e9ante 3 vasques avec gicleur - CGodinho","isPartOf":{"@id":"https:\/\/cgodinho.com\/fr\/#website"},"primaryImageOfPage":{"@id":"https:\/\/cgodinho.com\/fr\/produto\/fontaine-geante-3-vasques-avec-gicleur\/#primaryimage"},"image":{"@id":"https:\/\/cgodinho.com\/fr\/produto\/fontaine-geante-3-vasques-avec-gicleur\/#primaryimage"},"thumbnailUrl":"https:\/\/cgodinho.com\/wp-content\/uploads\/2022\/12\/0001_FONTE_JARDIM_GODINHO_BRANCOvelho.png","datePublished":"2022-12-19T19:10:55+00:00","description":"CGodinho Fontaine g\u00e9ante 3 vasques avec gicleur \u00e9 produzido com excelente qualidade.","breadcrumb":{"@id":"https:\/\/cgodinho.com\/fr\/produto\/fontaine-geante-3-vasques-avec-gicleur\/#breadcrumb"},"inLanguage":"fr-FR","potentialAction":[{"@type":"ReadAction","target":["https:\/\/cgodinho.com\/fr\/produto\/fontaine-geante-3-vasques-avec-gicleur\/"]}]},{"@type":"ImageObject","inLanguage":"fr-FR","@id":"https:\/\/cgodinho.com\/fr\/produto\/fontaine-geante-3-vasques-avec-gicleur\/#primaryimage","url":"https:\/\/cgodinho.com\/wp-content\/uploads\/2022\/12\/0001_FONTE_JARDIM_GODINHO_BRANCOvelho.png","contentUrl":"https:\/\/cgodinho.com\/wp-content\/uploads\/2022\/12\/0001_FONTE_JARDIM_GODINHO_BRANCOvelho.png","width":1187,"height":1037},{"@type":"BreadcrumbList","@id":"https:\/\/cgodinho.com\/fr\/produto\/fontaine-geante-3-vasques-avec-gicleur\/#breadcrumb","itemListElement":[{"@type":"ListItem","position":1,"name":"In\u00edcio","item":"https:\/\/cgodinho.com\/fr\/home-coffee\/"},{"@type":"ListItem","position":2,"name":"Produits","item":"https:\/\/cgodinho.com\/fr\/boutique\/"},{"@type":"ListItem","position":3,"name":"Fontaine g\u00e9ante 3 vasques avec gicleur"}]},{"@type":"WebSite","@id":"https:\/\/cgodinho.com\/fr\/#website","url":"https:\/\/cgodinho.com\/fr\/","name":"CGodinho","description":"Carlos A S Godinho - Artefactos de Cimento","publisher":{"@id":"https:\/\/cgodinho.com\/fr\/#organization"},"potentialAction":[{"@type":"SearchAction","target":{"@type":"EntryPoint","urlTemplate":"https:\/\/cgodinho.com\/fr\/?s={search_term_string}"},"query-input":{"@type":"PropertyValueSpecification","valueRequired":true,"valueName":"search_term_string"}}],"inLanguage":"fr-FR"},{"@type":"Organization","@id":"https:\/\/cgodinho.com\/fr\/#organization","name":"CGodinho","url":"https:\/\/cgodinho.com\/fr\/","logo":{"@type":"ImageObject","inLanguage":"fr-FR","@id":"https:\/\/cgodinho.com\/fr\/#\/schema\/logo\/image\/","url":"https:\/\/cgodinho.com\/wp-content\/uploads\/2022\/05\/godinho_af_marca-s-desg_preto_marca-s-desg_preto.png","contentUrl":"https:\/\/cgodinho.com\/wp-content\/uploads\/2022\/05\/godinho_af_marca-s-desg_preto_marca-s-desg_preto.png","width":318,"height":62,"caption":"CGodinho"},"image":{"@id":"https:\/\/cgodinho.com\/fr\/#\/schema\/logo\/image\/"},"sameAs":["https:\/\/www.facebook.com\/fcgodinho","https:\/\/www.instagram.com\/godinho_garden_ornaments\/","https:\/\/www.youtube.com\/channel\/UCXPtmgo3us5bfmvAG8X1oQw?themeRefresh=1"]}]}},"_links":{"self":[{"href":"https:\/\/cgodinho.com\/fr\/wp-json\/wp\/v2\/product\/72967","targetHints":{"allow":["GET"]}}],"collection":[{"href":"https:\/\/cgodinho.com\/fr\/wp-json\/wp\/v2\/product"}],"about":[{"href":"https:\/\/cgodinho.com\/fr\/wp-json\/wp\/v2\/types\/product"}],"version-history":[{"count":0,"href":"https:\/\/cgodinho.com\/fr\/wp-json\/wp\/v2\/product\/72967\/revisions"}],"wp:featuredmedia":[{"embeddable":true,"href":"https:\/\/cgodinho.com\/fr\/wp-json\/wp\/v2\/media\/72564"}],"wp:attachment":[{"href":"https:\/\/cgodinho.com\/fr\/wp-json\/wp\/v2\/media?parent=72967"}],"wp:term":[{"taxonomy":"product_brand","embeddable":true,"href":"https:\/\/cgodinho.com\/fr\/wp-json\/wp\/v2\/product_brand?post=72967"},{"taxonomy":"product_cat","embeddable":true,"href":"https:\/\/cgodinho.com\/fr\/wp-json\/wp\/v2\/product_cat?post=72967"},{"taxonomy":"product_tag","embeddable":true,"href":"https:\/\/cgodinho.com\/fr\/wp-json\/wp\/v2\/product_tag?post=72967"}],"curies":[{"name":"wp","href":"https:\/\/api.w.org\/{rel}","templated":true}]}}