


{"id":78847,"date":"2025-06-11T10:58:21","date_gmt":"2025-06-11T10:58:21","guid":{"rendered":"https:\/\/cgodinho.com\/produto\/pot-bowl-large-51-pot-minimaliste-en-ciment\/"},"modified":"2025-06-11T10:58:21","modified_gmt":"2025-06-11T10:58:21","slug":"pot-bowl-large-51-pot-minimaliste-en-ciment","status":"publish","type":"product","link":"https:\/\/cgodinho.com\/fr\/produto\/pot-bowl-large-51-pot-minimaliste-en-ciment\/","title":{"rendered":"Pot Bowl Large 51 \u2013 Pot minimaliste en ciment"},"content":{"rendered":"<div style=\"max-width: 100%; text-align: center;\">\n<table style=\"width: 40%; margin: 0 auto; font-family: Montserrat, 'Helvetica Neue', Helvetica, Arial, sans-serif; font-size: 11px; text-align: center; border: none;\">\n<thead>\n<tr>\n<th style=\"width: 25%; padding: 5px; text-align: center; border: none;\"><img decoding=\"async\" style=\"max-width: 55px; height: auto; object-fit: contain; border: none;\" src=\"https:\/\/cgodinho.com\/wp-content\/uploads\/2025\/06\/lqMENOS-PESO-VERDE-R75-G88-B72-web_lq.png\" alt=\"MOINS DE POIDS\n\n\u00ab\u00a0><\/th>\n<th style=\"width: 25%; padding: 0px; text-align: center; border: none;\"><img decoding=\"async\" style=\"max-width: 55px; height: auto; object-fit: contain; border: none;\" src=\"https:\/\/cgodinho.com\/wp-content\/uploads\/2025\/06\/RESISTENCIA-A-GELO-VERDE-R75-G88-B72-web_lq.png\" alt=\"R\u00c9SISTANCE AU GEL\"><\/th>\n<th style=\"width: 25%; padding: 0px; text-align: center; border: none;\"><img decoding=\"async\" style=\"max-width: 55px; height: auto; object-fit: contain;\" src=\"https:\/\/cgodinho.com\/wp-content\/uploads\/2025\/06\/co2-web_lq.png\" alt=\"\u00c9MISSIONS DE CO\u2082 PLUS FAIBLES\"><\/th>\n<th style=\"width: 25%; padding: 0px; text-align: center; border: none;\"><img decoding=\"async\" style=\"max-width: 55px; height: auto; object-fit: contain;\" src=\"https:\/\/cgodinho.com\/wp-content\/uploads\/2025\/06\/INTERIOR-E-EXTERIOR-VERDE-R75-G77-B72-web_lq.png\" alt=\"INT\u00c9RIEUR \/ EXT\u00c9RIEUR\n\n\u00ab\u00a0><\/th>\n<\/tr>\n<\/thead>\n<tbody>\n<tr>\n<td style=\"padding: 5px; text-align: center; border: none; vertical-align: top;\">MOINS DE POIDS<\/p>\n<\/td>\n<td style=\"padding: 5px; text-align: center; border: none; vertical-align: top;\">R\u00c9SISTANCE AU GEL<\/td>\n<td style=\"padding: 5px; text-align: center; border: none; vertical-align: top;\">\n<div>\u00c9MISSIONS DE CO\u2082 PLUS FAIBLES<\/div>\n<\/td>\n<td style=\"padding: 5px; text-align: center; border: none; vertical-align: top;\">\n<div>INT\u00c9RIEUR \/ EXT\u00c9RIEUR<\/p>\n<\/div>\n<\/td>\n<\/tr>\n<\/tbody>\n<\/table>\n<\/div>\n<div style=\"max-width: 100%; text-align: center; margin-top: 5px; margin-bottom: 5px; border: none;\"><\/div>\n<div style=\"font-family: 'Montserrat', 'Helvetica Neue', Helvetica, Arial, sans-serif; font-size: 15px; color: #333; line-height: 1.6;\">\n<h2 style=\"font-size: 24px; font-weight: bold; margin-bottom: 5px; color: #4c5832;\">Pot Bowl Large 51 en ciment \u2013 Design minimaliste pour int\u00e9rieur et ext\u00e9rieur<\/h2>\n<p style=\"font-size: 16px; margin-top: 0; font-style: italic; color: #333;\">Design en B\u00e9ton par Godinho<\/p>\n<p>O <strong>Pot Bowl Large 51 en ciment<\/strong> combine design minimaliste et haute r\u00e9sistance structurelle. D\u00e9velopp\u00e9 pour un usage int\u00e9rieur et ext\u00e9rieur, il est fabriqu\u00e9 en ciment HRC de haute qualit\u00e9, garantissant durabilit\u00e9, stabilit\u00e9 et finition premium. <\/p>\n<p>Avec des proportions \u00e9quilibr\u00e9es et une finition lisse, le mod\u00e8le <strong>Bowl Large 51<\/strong> s\u2019adapte aux jardins, balcons, terrasses, entr\u00e9es de maisons et espaces commerciaux, tout en conservant d\u2019excellentes performances m\u00eame dans des conditions climatiques exigeantes.<\/p>\n<p>D\u00e9couvrez toute la gamme dans la <strong><a style=\"font-family: 'Montserrat', 'Helvetica Neue', Helvetica, Arial, sans-serif; font-size: 14px; color: #4b5848; text-align: left; text-decoration: none;\" href=\"https:\/\/cgodinho.com\/fr\/categorie\/conception-du-ciment\/vases-et-jardinieres-ciment-design\/vase-bol\/\" target=\"_blank\" rel=\"noopener\">Collection Bowl<\/a><\/strong>.<\/p>\n<h3 style=\"color: #4c5832;\">Pot Bowl Large 51 en ciment \u2013 Caract\u00e9ristiques techniques<\/h3>\n<ul>\n<li><strong>Pays d\u2019origine :<\/strong> Portugal<\/li>\n<li><strong>Nombre d\u2019articles par r\u00e9f\u00e9rence :<\/strong> 1<\/li>\n<li><strong>Style :<\/strong> Minimaliste<\/li>\n<li><strong>Saison :<\/strong> Intemporelle<\/li>\n<li><strong>Utilisation :<\/strong> Int\u00e9rieur et ext\u00e9rieur<\/li>\n<\/ul>\n<h3 style=\"color: #4c5832;\">Mat\u00e9riaux et Construction (Ciment HRC)<\/h3>\n<ul>\n<li><strong>Mat\u00e9riau principal :<\/strong> Ciment HRC (High Resistant Concrete)<\/li>\n<li><strong>Composition : <\/strong>100 % ciment renforc\u00e9 de fibres<\/li>\n<li><strong>Finition : <\/strong>Lisse<\/li>\n<li><strong>Imperm\u00e9abilis\u00e9 : <\/strong>Oui<\/li>\n<li><strong>Fabriqu\u00e9 avec des mat\u00e9riaux naturels :<\/strong> 50 %<\/li>\n<li><strong>Emballage:<\/strong> 95 % carton \/ 5 % polystyr\u00e8ne (PS), avec certification de gestion foresti\u00e8re responsable.<\/li>\n<\/ul>\n<h3 style=\"color: #4c5832;\">Installation et Montage<\/h3>\n<ul>\n<li>Appliquer un feutre g\u00e9otextile au fond du pot.<\/li>\n<li>Ajouter de l\u2019argile expans\u00e9e pour une meilleure drainage.<\/li>\n<li>Les pots de plus de 100 L doivent \u00eatre remplis \u00e0 pleine capacit\u00e9<\/li>\n<li>Pour un drainage optimal, installer une membrane alv\u00e9ol\u00e9e perfor\u00e9e sur les c\u00f4t\u00e9s et au fond<\/li>\n<\/ul>\n<h3 style=\"color: #4c5832;\">Entretien et Soins<\/h3>\n<ul>\n<li>Appliquer un vernis \u00e0 base d\u2019eau tous les 7 \u00e0 10 ans<\/li>\n<li>\u00c9viter les produits abrasifs (ac\u00e9tone, eau de Javel, solvants)<\/li>\n<li>Dans les zones de neige ou de gel, veiller \u00e0 l\u2019absence d\u2019eau stagnante<\/li>\n<\/ul>\n<h3 style=\"color: #4c5832;\">Variations Naturelles<\/h3>\n<p>Comme il s\u2019agit d\u2019un produit en <strong>ciment naturel<\/strong>, de subtiles variations de couleur et de tonalit\u00e9 peuvent survenir.<\/p>\n<p>Les conditions d\u2019\u00e9clairage et les param\u00e8tres d\u2019\u00e9cran peuvent influencer la perception visuelle, rendant chaque pi\u00e8ce unique.<\/p>\n<h3 style=\"color: #4c5832;\">Informations Suppl\u00e9mentaires<\/h3>\n<ul>\n<li>R\u00e9sistant \u00e0 l\u2019eau<\/li>\n<li>R\u00e9sistant au gel<\/li>\n<li><strong>Nombre de colis :<\/strong> 1<\/li>\n<\/ul>\n<p>Le <strong>pot Bowl Large 51<\/strong> en ciment est un choix id\u00e9al pour ceux qui recherchent un pot minimaliste, r\u00e9sistant et polyvalent pour l\u2019int\u00e9rieur et l\u2019ext\u00e9rieur.<\/p>\n<\/div>\n","protected":false},"excerpt":{"rendered":"<p>MOINS DE POIDS R\u00c9SISTANCE AU GEL \u00c9MISSIONS DE CO\u2082 PLUS FAIBLES INT\u00c9RIEUR \/ EXT\u00c9RIEUR Pot Bowl Large 51 en ciment<\/p>\n","protected":false},"featured_media":78828,"template":"","meta":{"_acf_changed":false},"product_brand":[602],"product_cat":[430,410,425],"product_tag":[],"class_list":{"0":"post-78847","1":"product","2":"type-product","3":"status-publish","4":"has-post-thumbnail","6":"product_brand-godinho","7":"product_cat-pots-bowl-ciment","8":"product_cat-conception-du-ciment","9":"product_cat-vases-et-jardinieres-ciment-design","10":"pa_color-ciment-naturel","11":"pa_color-graphite","13":"first","14":"instock","15":"shipping-taxable","16":"product-type-variable"},"acf":[],"yoast_head":"<!-- This site is optimized with the Yoast SEO plugin v27.5 - https:\/\/yoast.com\/product\/yoast-seo-wordpress\/ -->\n<title>Pot Bowl Large 51 en ciment \u2013 Design minimaliste | CGodinho<\/title>\n<meta name=\"description\" content=\"Pot Bowl Large 51 en b\u00e9ton HRC haute r\u00e9sistance. Design minimaliste pour int\u00e9rieur et ext\u00e9rieur. Fabriqu\u00e9 au Portugal avec une finition premium.\" \/>\n<meta name=\"robots\" content=\"index, follow, max-snippet:-1, max-image-preview:large, max-video-preview:-1\" \/>\n<link rel=\"canonical\" href=\"https:\/\/cgodinho.com\/fr\/produto\/pot-bowl-large-51-pot-minimaliste-en-ciment\/\" \/>\n<meta property=\"og:locale\" content=\"fr_FR\" \/>\n<meta property=\"og:type\" content=\"article\" \/>\n<meta property=\"og:title\" content=\"Pot Bowl Large 51 en ciment \u2013 Design minimaliste | CGodinho\" \/>\n<meta property=\"og:description\" content=\"Pot Bowl Large 51 en b\u00e9ton HRC haute r\u00e9sistance. Design minimaliste pour int\u00e9rieur et ext\u00e9rieur. Fabriqu\u00e9 au Portugal avec une finition premium.\" \/>\n<meta property=\"og:url\" content=\"https:\/\/cgodinho.com\/fr\/produto\/pot-bowl-large-51-pot-minimaliste-en-ciment\/\" \/>\n<meta property=\"og:site_name\" content=\"CGodinho\" \/>\n<meta property=\"article:publisher\" content=\"https:\/\/www.facebook.com\/fcgodinho\" \/>\n<meta property=\"og:image\" content=\"https:\/\/cgodinho.com\/wp-content\/uploads\/2025\/06\/D1313GL00-vaso-bowl-largo-51-cimento-minimalista-design-scaled.jpg\" \/>\n\t<meta property=\"og:image:width\" content=\"2560\" \/>\n\t<meta property=\"og:image:height\" content=\"1868\" \/>\n\t<meta property=\"og:image:type\" content=\"image\/jpeg\" \/>\n<meta name=\"twitter:card\" content=\"summary_large_image\" \/>\n<meta name=\"twitter:label1\" content=\"Dur\u00e9e de lecture estim\u00e9e\" \/>\n\t<meta name=\"twitter:data1\" content=\"2 minutes\" \/>\n<script type=\"application\/ld+json\" class=\"yoast-schema-graph\">{\"@context\":\"https:\\\/\\\/schema.org\",\"@graph\":[{\"@type\":\"WebPage\",\"@id\":\"https:\\\/\\\/cgodinho.com\\\/fr\\\/produto\\\/pot-bowl-large-51-pot-minimaliste-en-ciment\\\/\",\"url\":\"https:\\\/\\\/cgodinho.com\\\/fr\\\/produto\\\/pot-bowl-large-51-pot-minimaliste-en-ciment\\\/\",\"name\":\"Pot Bowl Large 51 en ciment \u2013 Design minimaliste | CGodinho\",\"isPartOf\":{\"@id\":\"https:\\\/\\\/cgodinho.com\\\/fr\\\/#website\"},\"primaryImageOfPage\":{\"@id\":\"https:\\\/\\\/cgodinho.com\\\/fr\\\/produto\\\/pot-bowl-large-51-pot-minimaliste-en-ciment\\\/#primaryimage\"},\"image\":{\"@id\":\"https:\\\/\\\/cgodinho.com\\\/fr\\\/produto\\\/pot-bowl-large-51-pot-minimaliste-en-ciment\\\/#primaryimage\"},\"thumbnailUrl\":\"https:\\\/\\\/cgodinho.com\\\/wp-content\\\/uploads\\\/2025\\\/06\\\/D1313GL00-vaso-bowl-largo-51-cimento-minimalista-design-scaled.jpg\",\"datePublished\":\"2025-06-11T10:58:21+00:00\",\"description\":\"Pot Bowl Large 51 en b\u00e9ton HRC haute r\u00e9sistance. Design minimaliste pour int\u00e9rieur et ext\u00e9rieur. Fabriqu\u00e9 au Portugal avec une finition premium.\",\"breadcrumb\":{\"@id\":\"https:\\\/\\\/cgodinho.com\\\/fr\\\/produto\\\/pot-bowl-large-51-pot-minimaliste-en-ciment\\\/#breadcrumb\"},\"inLanguage\":\"fr-FR\",\"potentialAction\":[{\"@type\":\"ReadAction\",\"target\":[\"https:\\\/\\\/cgodinho.com\\\/fr\\\/produto\\\/pot-bowl-large-51-pot-minimaliste-en-ciment\\\/\"]}]},{\"@type\":\"ImageObject\",\"inLanguage\":\"fr-FR\",\"@id\":\"https:\\\/\\\/cgodinho.com\\\/fr\\\/produto\\\/pot-bowl-large-51-pot-minimaliste-en-ciment\\\/#primaryimage\",\"url\":\"https:\\\/\\\/cgodinho.com\\\/wp-content\\\/uploads\\\/2025\\\/06\\\/D1313GL00-vaso-bowl-largo-51-cimento-minimalista-design-scaled.jpg\",\"contentUrl\":\"https:\\\/\\\/cgodinho.com\\\/wp-content\\\/uploads\\\/2025\\\/06\\\/D1313GL00-vaso-bowl-largo-51-cimento-minimalista-design-scaled.jpg\",\"width\":2560,\"height\":1868},{\"@type\":\"BreadcrumbList\",\"@id\":\"https:\\\/\\\/cgodinho.com\\\/fr\\\/produto\\\/pot-bowl-large-51-pot-minimaliste-en-ciment\\\/#breadcrumb\",\"itemListElement\":[{\"@type\":\"ListItem\",\"position\":1,\"name\":\"In\u00edcio\",\"item\":\"https:\\\/\\\/cgodinho.com\\\/fr\\\/home-coffee\\\/\"},{\"@type\":\"ListItem\",\"position\":2,\"name\":\"Produits\",\"item\":\"https:\\\/\\\/cgodinho.com\\\/fr\\\/boutique\\\/\"},{\"@type\":\"ListItem\",\"position\":3,\"name\":\"Pot Bowl Large 51 \u2013 Pot minimaliste en ciment\"}]},{\"@type\":\"WebSite\",\"@id\":\"https:\\\/\\\/cgodinho.com\\\/fr\\\/#website\",\"url\":\"https:\\\/\\\/cgodinho.com\\\/fr\\\/\",\"name\":\"CGodinho\",\"description\":\"Carlos A S Godinho - Artefactos de Cimento\",\"publisher\":{\"@id\":\"https:\\\/\\\/cgodinho.com\\\/fr\\\/#organization\"},\"potentialAction\":[{\"@type\":\"SearchAction\",\"target\":{\"@type\":\"EntryPoint\",\"urlTemplate\":\"https:\\\/\\\/cgodinho.com\\\/fr\\\/?s={search_term_string}\"},\"query-input\":{\"@type\":\"PropertyValueSpecification\",\"valueRequired\":true,\"valueName\":\"search_term_string\"}}],\"inLanguage\":\"fr-FR\"},{\"@type\":\"Organization\",\"@id\":\"https:\\\/\\\/cgodinho.com\\\/fr\\\/#organization\",\"name\":\"CGodinho\",\"url\":\"https:\\\/\\\/cgodinho.com\\\/fr\\\/\",\"logo\":{\"@type\":\"ImageObject\",\"inLanguage\":\"fr-FR\",\"@id\":\"https:\\\/\\\/cgodinho.com\\\/fr\\\/#\\\/schema\\\/logo\\\/image\\\/\",\"url\":\"https:\\\/\\\/cgodinho.com\\\/wp-content\\\/uploads\\\/2022\\\/05\\\/godinho_af_marca-s-desg_preto_marca-s-desg_preto.png\",\"contentUrl\":\"https:\\\/\\\/cgodinho.com\\\/wp-content\\\/uploads\\\/2022\\\/05\\\/godinho_af_marca-s-desg_preto_marca-s-desg_preto.png\",\"width\":318,\"height\":62,\"caption\":\"CGodinho\"},\"image\":{\"@id\":\"https:\\\/\\\/cgodinho.com\\\/fr\\\/#\\\/schema\\\/logo\\\/image\\\/\"},\"sameAs\":[\"https:\\\/\\\/www.facebook.com\\\/fcgodinho\",\"https:\\\/\\\/www.instagram.com\\\/godinho_garden_ornaments\\\/\",\"https:\\\/\\\/www.youtube.com\\\/channel\\\/UCXPtmgo3us5bfmvAG8X1oQw?themeRefresh=1\"]}]}<\/script>\n<!-- \/ Yoast SEO plugin. -->","yoast_head_json":{"title":"Pot Bowl Large 51 en ciment \u2013 Design minimaliste | CGodinho","description":"Pot Bowl Large 51 en b\u00e9ton HRC haute r\u00e9sistance. Design minimaliste pour int\u00e9rieur et ext\u00e9rieur. Fabriqu\u00e9 au Portugal avec une finition premium.","robots":{"index":"index","follow":"follow","max-snippet":"max-snippet:-1","max-image-preview":"max-image-preview:large","max-video-preview":"max-video-preview:-1"},"canonical":"https:\/\/cgodinho.com\/fr\/produto\/pot-bowl-large-51-pot-minimaliste-en-ciment\/","og_locale":"fr_FR","og_type":"article","og_title":"Pot Bowl Large 51 en ciment \u2013 Design minimaliste | CGodinho","og_description":"Pot Bowl Large 51 en b\u00e9ton HRC haute r\u00e9sistance. Design minimaliste pour int\u00e9rieur et ext\u00e9rieur. Fabriqu\u00e9 au Portugal avec une finition premium.","og_url":"https:\/\/cgodinho.com\/fr\/produto\/pot-bowl-large-51-pot-minimaliste-en-ciment\/","og_site_name":"CGodinho","article_publisher":"https:\/\/www.facebook.com\/fcgodinho","og_image":[{"width":2560,"height":1868,"url":"https:\/\/cgodinho.com\/wp-content\/uploads\/2025\/06\/D1313GL00-vaso-bowl-largo-51-cimento-minimalista-design-scaled.jpg","type":"image\/jpeg"}],"twitter_card":"summary_large_image","twitter_misc":{"Dur\u00e9e de lecture estim\u00e9e":"2 minutes"},"schema":{"@context":"https:\/\/schema.org","@graph":[{"@type":"WebPage","@id":"https:\/\/cgodinho.com\/fr\/produto\/pot-bowl-large-51-pot-minimaliste-en-ciment\/","url":"https:\/\/cgodinho.com\/fr\/produto\/pot-bowl-large-51-pot-minimaliste-en-ciment\/","name":"Pot Bowl Large 51 en ciment \u2013 Design minimaliste | CGodinho","isPartOf":{"@id":"https:\/\/cgodinho.com\/fr\/#website"},"primaryImageOfPage":{"@id":"https:\/\/cgodinho.com\/fr\/produto\/pot-bowl-large-51-pot-minimaliste-en-ciment\/#primaryimage"},"image":{"@id":"https:\/\/cgodinho.com\/fr\/produto\/pot-bowl-large-51-pot-minimaliste-en-ciment\/#primaryimage"},"thumbnailUrl":"https:\/\/cgodinho.com\/wp-content\/uploads\/2025\/06\/D1313GL00-vaso-bowl-largo-51-cimento-minimalista-design-scaled.jpg","datePublished":"2025-06-11T10:58:21+00:00","description":"Pot Bowl Large 51 en b\u00e9ton HRC haute r\u00e9sistance. Design minimaliste pour int\u00e9rieur et ext\u00e9rieur. Fabriqu\u00e9 au Portugal avec une finition premium.","breadcrumb":{"@id":"https:\/\/cgodinho.com\/fr\/produto\/pot-bowl-large-51-pot-minimaliste-en-ciment\/#breadcrumb"},"inLanguage":"fr-FR","potentialAction":[{"@type":"ReadAction","target":["https:\/\/cgodinho.com\/fr\/produto\/pot-bowl-large-51-pot-minimaliste-en-ciment\/"]}]},{"@type":"ImageObject","inLanguage":"fr-FR","@id":"https:\/\/cgodinho.com\/fr\/produto\/pot-bowl-large-51-pot-minimaliste-en-ciment\/#primaryimage","url":"https:\/\/cgodinho.com\/wp-content\/uploads\/2025\/06\/D1313GL00-vaso-bowl-largo-51-cimento-minimalista-design-scaled.jpg","contentUrl":"https:\/\/cgodinho.com\/wp-content\/uploads\/2025\/06\/D1313GL00-vaso-bowl-largo-51-cimento-minimalista-design-scaled.jpg","width":2560,"height":1868},{"@type":"BreadcrumbList","@id":"https:\/\/cgodinho.com\/fr\/produto\/pot-bowl-large-51-pot-minimaliste-en-ciment\/#breadcrumb","itemListElement":[{"@type":"ListItem","position":1,"name":"In\u00edcio","item":"https:\/\/cgodinho.com\/fr\/home-coffee\/"},{"@type":"ListItem","position":2,"name":"Produits","item":"https:\/\/cgodinho.com\/fr\/boutique\/"},{"@type":"ListItem","position":3,"name":"Pot Bowl Large 51 \u2013 Pot minimaliste en ciment"}]},{"@type":"WebSite","@id":"https:\/\/cgodinho.com\/fr\/#website","url":"https:\/\/cgodinho.com\/fr\/","name":"CGodinho","description":"Carlos A S Godinho - Artefactos de Cimento","publisher":{"@id":"https:\/\/cgodinho.com\/fr\/#organization"},"potentialAction":[{"@type":"SearchAction","target":{"@type":"EntryPoint","urlTemplate":"https:\/\/cgodinho.com\/fr\/?s={search_term_string}"},"query-input":{"@type":"PropertyValueSpecification","valueRequired":true,"valueName":"search_term_string"}}],"inLanguage":"fr-FR"},{"@type":"Organization","@id":"https:\/\/cgodinho.com\/fr\/#organization","name":"CGodinho","url":"https:\/\/cgodinho.com\/fr\/","logo":{"@type":"ImageObject","inLanguage":"fr-FR","@id":"https:\/\/cgodinho.com\/fr\/#\/schema\/logo\/image\/","url":"https:\/\/cgodinho.com\/wp-content\/uploads\/2022\/05\/godinho_af_marca-s-desg_preto_marca-s-desg_preto.png","contentUrl":"https:\/\/cgodinho.com\/wp-content\/uploads\/2022\/05\/godinho_af_marca-s-desg_preto_marca-s-desg_preto.png","width":318,"height":62,"caption":"CGodinho"},"image":{"@id":"https:\/\/cgodinho.com\/fr\/#\/schema\/logo\/image\/"},"sameAs":["https:\/\/www.facebook.com\/fcgodinho","https:\/\/www.instagram.com\/godinho_garden_ornaments\/","https:\/\/www.youtube.com\/channel\/UCXPtmgo3us5bfmvAG8X1oQw?themeRefresh=1"]}]}},"_links":{"self":[{"href":"https:\/\/cgodinho.com\/fr\/wp-json\/wp\/v2\/product\/78847","targetHints":{"allow":["GET"]}}],"collection":[{"href":"https:\/\/cgodinho.com\/fr\/wp-json\/wp\/v2\/product"}],"about":[{"href":"https:\/\/cgodinho.com\/fr\/wp-json\/wp\/v2\/types\/product"}],"version-history":[{"count":0,"href":"https:\/\/cgodinho.com\/fr\/wp-json\/wp\/v2\/product\/78847\/revisions"}],"wp:featuredmedia":[{"embeddable":true,"href":"https:\/\/cgodinho.com\/fr\/wp-json\/wp\/v2\/media\/78828"}],"wp:attachment":[{"href":"https:\/\/cgodinho.com\/fr\/wp-json\/wp\/v2\/media?parent=78847"}],"wp:term":[{"taxonomy":"product_brand","embeddable":true,"href":"https:\/\/cgodinho.com\/fr\/wp-json\/wp\/v2\/product_brand?post=78847"},{"taxonomy":"product_cat","embeddable":true,"href":"https:\/\/cgodinho.com\/fr\/wp-json\/wp\/v2\/product_cat?post=78847"},{"taxonomy":"product_tag","embeddable":true,"href":"https:\/\/cgodinho.com\/fr\/wp-json\/wp\/v2\/product_tag?post=78847"}],"curies":[{"name":"wp","href":"https:\/\/api.w.org\/{rel}","templated":true}]}}